{"id":3359,"date":"2016-12-26T11:08:16","date_gmt":"2016-12-26T13:08:16","guid":{"rendered":"http:\/\/totallubri.com.br\/wp\/?post_type=product&#038;p=3359"},"modified":"2016-12-26T11:08:16","modified_gmt":"2016-12-26T13:08:16","slug":"conexao-giratoria-l-1966-c-lupus","status":"publish","type":"product","link":"https:\/\/totallubri.com.br\/?product=conexao-giratoria-l-1966-c-lupus","title":{"rendered":"Conex\u00e3o Girat\u00f3ria L &#8211; 1966-C &#8211; Lupus"},"content":{"rendered":"<p><strong>Descri\u00e7\u00e3o:<\/strong><\/p>\n<p><span style=\"font-family: Tahoma, Arial, Helvetica, sans-serif;\">Em a\u00e7o, para trabalhos com mangueiras hidr\u00e1ulicas.<\/p>\n<p>Rosca macho <strong>1\/8&#8243; NPT<\/strong><br \/>\nRosca macho <\/span><span style=\"font-family: Tahoma, Arial, Helvetica, sans-serif;\"><strong>1\/2&#8243;<br \/>\n27 fios \/ macho<br \/>\n<\/strong>Articula\u00e7\u00e3o <strong>360\u00ba<\/strong><br \/>\nPress\u00e3o m\u00e1xima de opera\u00e7\u00e3o <strong>12.000 PSI<\/strong><\/p>\n<p>Peso <strong>191 g<\/strong><br \/>\nMedidas<\/span><strong><span style=\"font-family: Tahoma, Arial, Helvetica, sans-serif;\"> (A) 65 mm x (L) 65 mm<\/span><\/strong><\/p>\n","protected":false},"excerpt":{"rendered":"<p>Descri\u00e7\u00e3o: Em a\u00e7o, para trabalhos com mangueiras hidr\u00e1ulicas. Rosca macho 1\/8&#8243; NPT Rosca macho 1\/2&#8243; 27 fios \/ macho Articula\u00e7\u00e3o 360\u00ba Press\u00e3o m\u00e1xima de opera\u00e7\u00e3o 12.000 PSI Peso 191 g Medidas (A) 65 mm x (L) 65 mm<\/p>\n","protected":false},"featured_media":3360,"comment_status":"open","ping_status":"closed","template":"","meta":{"_exactmetrics_skip_tracking":false,"_exactmetrics_sitenote_active":false,"_exactmetrics_sitenote_note":"","_exactmetrics_sitenote_category":0},"product_brand":[],"product_cat":[56],"product_tag":[],"class_list":{"0":"post-3359","1":"product","2":"type-product","3":"status-publish","4":"has-post-thumbnail","6":"product_cat-graxa","8":"first","9":"instock","10":"shipping-taxable","11":"product-type-simple"},"_links":{"self":[{"href":"https:\/\/totallubri.com.br\/index.php?rest_route=\/wp\/v2\/product\/3359","targetHints":{"allow":["GET"]}}],"collection":[{"href":"https:\/\/totallubri.com.br\/index.php?rest_route=\/wp\/v2\/product"}],"about":[{"href":"https:\/\/totallubri.com.br\/index.php?rest_route=\/wp\/v2\/types\/product"}],"replies":[{"embeddable":true,"href":"https:\/\/totallubri.com.br\/index.php?rest_route=%2Fwp%2Fv2%2Fcomments&post=3359"}],"wp:featuredmedia":[{"embeddable":true,"href":"https:\/\/totallubri.com.br\/index.php?rest_route=\/wp\/v2\/media\/3360"}],"wp:attachment":[{"href":"https:\/\/totallubri.com.br\/index.php?rest_route=%2Fwp%2Fv2%2Fmedia&parent=3359"}],"wp:term":[{"taxonomy":"product_brand","embeddable":true,"href":"https:\/\/totallubri.com.br\/index.php?rest_route=%2Fwp%2Fv2%2Fproduct_brand&post=3359"},{"taxonomy":"product_cat","embeddable":true,"href":"https:\/\/totallubri.com.br\/index.php?rest_route=%2Fwp%2Fv2%2Fproduct_cat&post=3359"},{"taxonomy":"product_tag","embeddable":true,"href":"https:\/\/totallubri.com.br\/index.php?rest_route=%2Fwp%2Fv2%2Fproduct_tag&post=3359"}],"curies":[{"name":"wp","href":"https:\/\/api.w.org\/{rel}","templated":true}]}}