{"id":3371,"date":"2016-12-26T12:05:06","date_gmt":"2016-12-26T14:05:06","guid":{"rendered":"http:\/\/totallubri.com.br\/wp\/?post_type=product&#038;p=3371"},"modified":"2025-05-02T12:00:22","modified_gmt":"2025-05-02T15:00:22","slug":"bomba-manual-com-carrinho-7001-c-lupus","status":"publish","type":"product","link":"https:\/\/totallubri.com.br\/?product=bomba-manual-com-carrinho-7001-c-lupus","title":{"rendered":"Bomba Manual Com Carrinho \u2013 7001-C \u2013 Lupus"},"content":{"rendered":"<p>Em chapa de a\u00e7o, alta press\u00e3o, adapt\u00e1vel a recipientes de graxa de 20 kg, com extens\u00e3o r\u00edgida, acoplador, compactador com mola, tampa e carrinho.<\/p>\n<p>Capacidade . <strong>20 kg<\/strong><br \/>\nPress\u00e3o m\u00e1xima de opera\u00e7\u00e3o <strong>4.000 PSI<\/strong><br \/>\nMangueira . <strong>1,30 m <\/strong>\/ \u00f8 <strong>1\/4\u201d <\/strong><\/p>\n<p>Peso: 7 kg<br \/>\nMedidas: (A) 830 mm x (L) 400 mm<\/p>\n","protected":false},"excerpt":{"rendered":"<p>Em chapa de a\u00e7o, alta press\u00e3o, adapt\u00e1vel a recipientes de graxa de 20 kg, com extens\u00e3o r\u00edgida, acoplador, compactador com mola, tampa e carrinho. Capacidade . 20 kg Press\u00e3o m\u00e1xima de opera\u00e7\u00e3o 4.000 PSI Mangueira . 1,30 m \/ \u00f8 1\/4\u201d Peso: 7 kg Medidas: (A) 830 mm x (L) 400 mm<\/p>\n","protected":false},"featured_media":3372,"comment_status":"open","ping_status":"closed","template":"","meta":{"_exactmetrics_skip_tracking":false,"_exactmetrics_sitenote_active":false,"_exactmetrics_sitenote_note":"","_exactmetrics_sitenote_category":0},"product_brand":[],"product_cat":[99],"product_tag":[],"class_list":{"0":"post-3371","1":"product","2":"type-product","3":"status-publish","4":"has-post-thumbnail","6":"product_cat-bomba-manual-para-liquidos","8":"first","9":"instock","10":"shipping-taxable","11":"product-type-simple"},"_links":{"self":[{"href":"https:\/\/totallubri.com.br\/index.php?rest_route=\/wp\/v2\/product\/3371","targetHints":{"allow":["GET"]}}],"collection":[{"href":"https:\/\/totallubri.com.br\/index.php?rest_route=\/wp\/v2\/product"}],"about":[{"href":"https:\/\/totallubri.com.br\/index.php?rest_route=\/wp\/v2\/types\/product"}],"replies":[{"embeddable":true,"href":"https:\/\/totallubri.com.br\/index.php?rest_route=%2Fwp%2Fv2%2Fcomments&post=3371"}],"wp:featuredmedia":[{"embeddable":true,"href":"https:\/\/totallubri.com.br\/index.php?rest_route=\/wp\/v2\/media\/3372"}],"wp:attachment":[{"href":"https:\/\/totallubri.com.br\/index.php?rest_route=%2Fwp%2Fv2%2Fmedia&parent=3371"}],"wp:term":[{"taxonomy":"product_brand","embeddable":true,"href":"https:\/\/totallubri.com.br\/index.php?rest_route=%2Fwp%2Fv2%2Fproduct_brand&post=3371"},{"taxonomy":"product_cat","embeddable":true,"href":"https:\/\/totallubri.com.br\/index.php?rest_route=%2Fwp%2Fv2%2Fproduct_cat&post=3371"},{"taxonomy":"product_tag","embeddable":true,"href":"https:\/\/totallubri.com.br\/index.php?rest_route=%2Fwp%2Fv2%2Fproduct_tag&post=3371"}],"curies":[{"name":"wp","href":"https:\/\/api.w.org\/{rel}","templated":true}]}}