{"id":3390,"date":"2016-12-26T12:30:12","date_gmt":"2016-12-26T14:30:12","guid":{"rendered":"http:\/\/totallubri.com.br\/wp\/?post_type=product&#038;p=3390"},"modified":"2024-12-01T22:37:36","modified_gmt":"2024-12-02T01:37:36","slug":"propulsora-pneumatica-9029-samoa","status":"publish","type":"product","link":"https:\/\/totallubri.com.br\/?product=propulsora-pneumatica-9029-samoa","title":{"rendered":"Propulsora Pneum\u00e1tica &#8211; 9029 &#8211; Samoa"},"content":{"rendered":"<p align=\"left\">Em alum\u00ednio, com filtro regulador de ar, conector para engate r\u00e1pido, conex\u00e3o girat\u00f3ria, comando de graxa, carrinho e recipiente de 15 kg adapt\u00e1vel \u00e0 propulsora 9034.<\/p>\n<p align=\"left\"><span style=\"font-family: HelveticaNeue-LightCond;\">Vaz\u00e3o livre <\/span><b><span style=\"font-family: HelveticaNeue-Bold;\">600 g\/min (graxa NLGI 2 &#8211; 7 bar na entrada)<br \/>\n<\/span><\/b><span style=\"font-family: HelveticaNeue-LightCond;\">Rateio . <\/span><b><span style=\"font-family: HelveticaNeue-Bold;\">50\/1<br \/>\n<\/span><\/b><span style=\"font-family: HelveticaNeue-LightCond;\">Entrada de ar <\/span><b><span style=\"font-family: HelveticaNeue-Bold;\">conector para engate r\u00e1pido <\/span><\/b><span style=\"font-family: HelveticaNeue-Light;\">\u00f8 <\/span><b><span style=\"font-family: HelveticaNeue-Bold;\">1\/4\u201d<br \/>\n<\/span><\/b><span style=\"font-family: HelveticaNeue-LightCond;\">Press\u00e3o de entrada de ar <\/span><b><span style=\"font-family: HelveticaNeue-Bold;\">40 a 140 PSI<br \/>\n<\/span><\/b><span style=\"font-family: HelveticaNeue-LightCond;\">Consumo de ar <\/span><b><span style=\"font-family: HelveticaNeue-Bold;\">3,5 pes\u00b3\/min (vaz\u00e3o livre)<br \/>\n<\/span><\/b><span style=\"font-family: HelveticaNeue-LightCond;\">Sa\u00edda de graxa <\/span><span style=\"font-family: HelveticaNeue-Light;\">\u00f8 <\/span><b><span style=\"font-family: HelveticaNeue-Bold;\">1\/4\u201d NPT<br \/>\n<\/span><\/b><span style=\"font-family: HelveticaNeue-LightCond;\">Press\u00e3o de sa\u00edda de graxa <\/span><b><span style=\"font-family: HelveticaNeue-Bold;\">2.200 a 7.700 PSI<br \/>\n<\/span><\/b><span style=\"font-family: HelveticaNeue-LightCond;\">N\u00edvel de ru\u00eddo <\/span><b><span style=\"font-family: HelveticaNeue-Bold;\">92 dB<br \/>\n<\/span><\/b><span style=\"font-family: HelveticaNeue-LightCond;\">Mangueira <\/span><b><span style=\"font-family: HelveticaNeue-Bold;\">3 m <\/span><\/b><span style=\"font-family: HelveticaNeue-UltraLight;\">\/ <\/span><span style=\"font-family: HelveticaNeue-Light;\">\u00f8 <\/span><b><span style=\"font-family: HelveticaNeue-Bold;\">1\/4\u201d<br \/>\n<\/span><\/b><span style=\"font-family: HelveticaNeue-LightCond; font-size: xx-small;\"><span style=\"font-family: HelveticaNeue-LightCond; font-size: small;\"><br \/>\nPeso: 15 kg . Medidas: (A) 760 mm x (L) 370 mm<\/span><\/span><\/p>\n","protected":false},"excerpt":{"rendered":"<p>Em alum\u00ednio, com filtro regulador de ar, conector para engate r\u00e1pido, conex\u00e3o girat\u00f3ria, comando de graxa, carrinho e recipiente de 15 kg adapt\u00e1vel \u00e0 propulsora 9034. Vaz\u00e3o livre 600 g\/min (graxa NLGI 2 &#8211; 7 bar na entrada) Rateio . 50\/1 Entrada de ar conector para engate r\u00e1pido \u00f8 1\/4\u201d Press\u00e3o de entrada de ar [&hellip;]<\/p>\n","protected":false},"featured_media":3391,"comment_status":"open","ping_status":"closed","template":"","meta":{"_exactmetrics_skip_tracking":false,"_exactmetrics_sitenote_active":false,"_exactmetrics_sitenote_note":"","_exactmetrics_sitenote_category":0},"product_brand":[],"product_cat":[111],"product_tag":[],"class_list":{"0":"post-3390","1":"product","2":"type-product","3":"status-publish","4":"has-post-thumbnail","6":"product_cat-propulsora-pneumatica-para-graxa","8":"first","9":"instock","10":"shipping-taxable","11":"product-type-simple"},"_links":{"self":[{"href":"https:\/\/totallubri.com.br\/index.php?rest_route=\/wp\/v2\/product\/3390","targetHints":{"allow":["GET"]}}],"collection":[{"href":"https:\/\/totallubri.com.br\/index.php?rest_route=\/wp\/v2\/product"}],"about":[{"href":"https:\/\/totallubri.com.br\/index.php?rest_route=\/wp\/v2\/types\/product"}],"replies":[{"embeddable":true,"href":"https:\/\/totallubri.com.br\/index.php?rest_route=%2Fwp%2Fv2%2Fcomments&post=3390"}],"wp:featuredmedia":[{"embeddable":true,"href":"https:\/\/totallubri.com.br\/index.php?rest_route=\/wp\/v2\/media\/3391"}],"wp:attachment":[{"href":"https:\/\/totallubri.com.br\/index.php?rest_route=%2Fwp%2Fv2%2Fmedia&parent=3390"}],"wp:term":[{"taxonomy":"product_brand","embeddable":true,"href":"https:\/\/totallubri.com.br\/index.php?rest_route=%2Fwp%2Fv2%2Fproduct_brand&post=3390"},{"taxonomy":"product_cat","embeddable":true,"href":"https:\/\/totallubri.com.br\/index.php?rest_route=%2Fwp%2Fv2%2Fproduct_cat&post=3390"},{"taxonomy":"product_tag","embeddable":true,"href":"https:\/\/totallubri.com.br\/index.php?rest_route=%2Fwp%2Fv2%2Fproduct_tag&post=3390"}],"curies":[{"name":"wp","href":"https:\/\/api.w.org\/{rel}","templated":true}]}}