{"id":3406,"date":"2016-12-26T13:01:03","date_gmt":"2016-12-26T15:01:03","guid":{"rendered":"http:\/\/totallubri.com.br\/wp\/?post_type=product&#038;p=3406"},"modified":"2024-12-02T09:34:04","modified_gmt":"2024-12-02T12:34:04","slug":"propulsora-pneumatica-de-alta-vazao-9028-samoa","status":"publish","type":"product","link":"https:\/\/totallubri.com.br\/?product=propulsora-pneumatica-de-alta-vazao-9028-samoa","title":{"rendered":"Propulsora pneum\u00e1tica de alta vaz\u00e3o \u2013 9028 \u2013 Samoa"},"content":{"rendered":"<p><span style=\"font-family: HelveticaNeue-LightCond;\">Propulsora de alta vaz\u00e3o, adapt\u00e1vel a tambores de 200 kg. Para aplica\u00e7\u00f5es industriais especiais. Com motor pneum\u00e1tico de alum\u00ednio com cilindros em alum\u00ednio anodizado, com apenas 03 partes m\u00f3veis, aus\u00eancia de molas, o que reduz as falhas, o consumo de ar comprimido e de energia.\u00a0Baixo n\u00edvel de ru\u00eddo, de acordo com as prescri\u00e7\u00f5es normativas OSHA, em todas as press\u00f5es de opera\u00e7\u00e3o.<br \/>\n<\/span><span style=\"font-family: HelveticaNeue-LightCond;\"><br \/>\nVaz\u00e3o livre . <\/span><b><span style=\"font-family: HelveticaNeue-Bold;\">14 kg\/min (graxa NLGI 1)<br \/>\n<\/span><\/b><span style=\"font-family: HelveticaNeue-LightCond;\">Rateio . <\/span><b><span style=\"font-family: HelveticaNeue-Bold;\">25\/1<br \/>\n<\/span><\/b><span style=\"font-family: HelveticaNeue-LightCond;\">Entrada de ar <\/span><span style=\"font-family: HelveticaNeue-Light;\">\u00f8 <\/span><b><span style=\"font-family: HelveticaNeue-Bold;\">1\/2\u201d BSP<br \/>\n<\/span><\/b><span style=\"font-family: HelveticaNeue-LightCond;\">Press\u00e3o de entrada de ar <\/span><b><span style=\"font-family: HelveticaNeue-Bold;\">22 a 200 PSI<br \/>\n<\/span><\/b><span style=\"font-family: HelveticaNeue-LightCond;\">Consumo de ar <\/span><b><span style=\"font-family: HelveticaNeue-Bold;\">Consultar Curvas de Capacidade (PxQ) com o Dep. T\u00e9cnico Lupus<br \/>\n<\/span><\/b><span style=\"font-family: HelveticaNeue-LightCond;\">Sa\u00edda de graxa <\/span><span style=\"font-family: HelveticaNeue-Light;\">\u00f8 <\/span><b><span style=\"font-family: HelveticaNeue-Bold;\">1\/2\u201d BSP<br \/>\n<\/span><\/b><span style=\"font-family: HelveticaNeue-LightCond;\">Press\u00e3o de sa\u00edda de graxa <\/span><b><span style=\"font-family: HelveticaNeue-Bold;\">550 a 5.000 PSI<br \/>\n<\/span><\/b><span style=\"font-family: HelveticaNeue-LightCond;\">N\u00edvel de ru\u00eddo <\/span><b><span style=\"font-family: HelveticaNeue-Bold;\">80 dB a 1 m<br \/>\n<\/span><\/b><span style=\"font-family: HelveticaNeue-LightCond;\"><br \/>\nPeso: 23 kg . Medidas: (A) 1301 mm x (L) 115 mm<br \/>\n<\/span><span style=\"color: #4d4d4d; font-family: HelveticaNeue-Condensed; font-size: xx-small;\"><br \/>\n<span style=\"font-size: small;\">OBS: Pode se adaptado exaustor remoto no lugar do eliminador de ru\u00eddo, atrav\u00e9s de uma mangueira apropriada.<\/span><\/span><\/p>\n","protected":false},"excerpt":{"rendered":"<p>Propulsora de alta vaz\u00e3o, adapt\u00e1vel a tambores de 200 kg. Para aplica\u00e7\u00f5es industriais especiais. Com motor pneum\u00e1tico de alum\u00ednio com cilindros em alum\u00ednio anodizado, com apenas 03 partes m\u00f3veis, aus\u00eancia de molas, o que reduz as falhas, o consumo de ar comprimido e de energia.\u00a0Baixo n\u00edvel de ru\u00eddo, de acordo com as prescri\u00e7\u00f5es normativas OSHA, [&hellip;]<\/p>\n","protected":false},"featured_media":3407,"comment_status":"open","ping_status":"closed","template":"","meta":{"_exactmetrics_skip_tracking":false,"_exactmetrics_sitenote_active":false,"_exactmetrics_sitenote_note":"","_exactmetrics_sitenote_category":0},"product_brand":[],"product_cat":[112],"product_tag":[],"class_list":{"0":"post-3406","1":"product","2":"type-product","3":"status-publish","4":"has-post-thumbnail","6":"product_cat-propulsoras-especiais-e-alta-vazao-suportes-e-acessorios-para-propulsoras","8":"first","9":"instock","10":"shipping-taxable","11":"product-type-simple"},"_links":{"self":[{"href":"https:\/\/totallubri.com.br\/index.php?rest_route=\/wp\/v2\/product\/3406","targetHints":{"allow":["GET"]}}],"collection":[{"href":"https:\/\/totallubri.com.br\/index.php?rest_route=\/wp\/v2\/product"}],"about":[{"href":"https:\/\/totallubri.com.br\/index.php?rest_route=\/wp\/v2\/types\/product"}],"replies":[{"embeddable":true,"href":"https:\/\/totallubri.com.br\/index.php?rest_route=%2Fwp%2Fv2%2Fcomments&post=3406"}],"wp:featuredmedia":[{"embeddable":true,"href":"https:\/\/totallubri.com.br\/index.php?rest_route=\/wp\/v2\/media\/3407"}],"wp:attachment":[{"href":"https:\/\/totallubri.com.br\/index.php?rest_route=%2Fwp%2Fv2%2Fmedia&parent=3406"}],"wp:term":[{"taxonomy":"product_brand","embeddable":true,"href":"https:\/\/totallubri.com.br\/index.php?rest_route=%2Fwp%2Fv2%2Fproduct_brand&post=3406"},{"taxonomy":"product_cat","embeddable":true,"href":"https:\/\/totallubri.com.br\/index.php?rest_route=%2Fwp%2Fv2%2Fproduct_cat&post=3406"},{"taxonomy":"product_tag","embeddable":true,"href":"https:\/\/totallubri.com.br\/index.php?rest_route=%2Fwp%2Fv2%2Fproduct_tag&post=3406"}],"curies":[{"name":"wp","href":"https:\/\/api.w.org\/{rel}","templated":true}]}}