{"id":3436,"date":"2016-12-27T09:21:55","date_gmt":"2016-12-27T11:21:55","guid":{"rendered":"http:\/\/totallubri.com.br\/wp\/?post_type=product&#038;p=3436"},"modified":"2024-11-30T18:06:52","modified_gmt":"2024-11-30T21:06:52","slug":"medidor-digital-2101-g-piusi-2","status":"publish","type":"product","link":"https:\/\/totallubri.com.br\/?product=medidor-digital-2101-g-piusi-2","title":{"rendered":"Medidor digital &#8211; 2101-G &#8211; Piusi"},"content":{"rendered":"<div class=\"cont_produto\">\n<p align=\"left\"><span style=\"font-family: HelveticaNeue-LightCond;\">Em alum\u00ednio.<br \/>\n<\/span><span style=\"font-family: HelveticaNeue-LightCond;\"><br \/>\nVaz\u00e3o livre . <\/span><b><span style=\"font-family: HelveticaNeue-Bold;\">0,1 a 2,5 kg\/min<br \/>\n<\/span><\/b><span style=\"font-family: HelveticaNeue-LightCond;\">Press\u00e3o m\u00e1xima de opera\u00e7\u00e3o <\/span><b><span style=\"font-family: HelveticaNeue-Bold;\">7.200 PSI<br \/>\n<\/span><\/b><span style=\"font-family: HelveticaNeue-LightCond;\">Entrada e sa\u00edda . <\/span><span style=\"font-family: HelveticaNeue-Light;\">\u00f8 <\/span><b><span style=\"font-family: HelveticaNeue-Bold;\">1\/8\u201d BSP<br \/>\n<\/span><\/b><span style=\"font-family: HelveticaNeue-LightCond;\">Precis\u00e3o . <\/span><b><span style=\"font-family: HelveticaNeue-Bold;\">0,5%<\/span><\/b><\/p>\n<p><span style=\"font-family: HelveticaNeue-LightCond;\">Peso: 600 g . Medidas: (A) 85 mm x (L) 45 mm x (C) 68 mm<\/span><\/p>\n<\/div>\n<div><\/div>\n","protected":false},"excerpt":{"rendered":"<p>Em alum\u00ednio. Vaz\u00e3o livre . 0,1 a 2,5 kg\/min Press\u00e3o m\u00e1xima de opera\u00e7\u00e3o 7.200 PSI Entrada e sa\u00edda . \u00f8 1\/8\u201d BSP Precis\u00e3o . 0,5% Peso: 600 g . Medidas: (A) 85 mm x (L) 45 mm x (C) 68 mm<\/p>\n","protected":false},"featured_media":3437,"comment_status":"open","ping_status":"closed","template":"","meta":{"_exactmetrics_skip_tracking":false,"_exactmetrics_sitenote_active":false,"_exactmetrics_sitenote_note":"","_exactmetrics_sitenote_category":0},"product_brand":[],"product_cat":[108],"product_tag":[],"class_list":{"0":"post-3436","1":"product","2":"type-product","3":"status-publish","4":"has-post-thumbnail","6":"product_cat-medidor-digital","8":"first","9":"instock","10":"shipping-taxable","11":"product-type-simple"},"_links":{"self":[{"href":"https:\/\/totallubri.com.br\/index.php?rest_route=\/wp\/v2\/product\/3436","targetHints":{"allow":["GET"]}}],"collection":[{"href":"https:\/\/totallubri.com.br\/index.php?rest_route=\/wp\/v2\/product"}],"about":[{"href":"https:\/\/totallubri.com.br\/index.php?rest_route=\/wp\/v2\/types\/product"}],"replies":[{"embeddable":true,"href":"https:\/\/totallubri.com.br\/index.php?rest_route=%2Fwp%2Fv2%2Fcomments&post=3436"}],"wp:featuredmedia":[{"embeddable":true,"href":"https:\/\/totallubri.com.br\/index.php?rest_route=\/wp\/v2\/media\/3437"}],"wp:attachment":[{"href":"https:\/\/totallubri.com.br\/index.php?rest_route=%2Fwp%2Fv2%2Fmedia&parent=3436"}],"wp:term":[{"taxonomy":"product_brand","embeddable":true,"href":"https:\/\/totallubri.com.br\/index.php?rest_route=%2Fwp%2Fv2%2Fproduct_brand&post=3436"},{"taxonomy":"product_cat","embeddable":true,"href":"https:\/\/totallubri.com.br\/index.php?rest_route=%2Fwp%2Fv2%2Fproduct_cat&post=3436"},{"taxonomy":"product_tag","embeddable":true,"href":"https:\/\/totallubri.com.br\/index.php?rest_route=%2Fwp%2Fv2%2Fproduct_tag&post=3436"}],"curies":[{"name":"wp","href":"https:\/\/api.w.org\/{rel}","templated":true}]}}