{"id":3438,"date":"2016-12-27T09:24:16","date_gmt":"2016-12-27T11:24:16","guid":{"rendered":"http:\/\/totallubri.com.br\/wp\/?post_type=product&#038;p=3438"},"modified":"2024-11-30T18:34:22","modified_gmt":"2024-11-30T21:34:22","slug":"medidor-digital-com-gatilho-2100-dg-piusi-2","status":"publish","type":"product","link":"https:\/\/totallubri.com.br\/?product=medidor-digital-com-gatilho-2100-dg-piusi-2","title":{"rendered":"Medidor digital com gatilho &#8211; 2100-DG &#8211; Piusi"},"content":{"rendered":"<p><span style=\"font-family: HelveticaNeue-LightCond;\">Em alum\u00ednio, com extens\u00e3o r\u00edgida, acoplador e conex\u00e3o girat\u00f3ria Z.<br \/>\n<\/span><span style=\"font-family: HelveticaNeue-LightCond;\"><br \/>\nVaz\u00e3o livre . <\/span><b><span style=\"font-family: HelveticaNeue-Bold;\">0,1 a 2,5 kg\/min<br \/>\n<\/span><\/b><span style=\"font-family: HelveticaNeue-LightCond;\">Press\u00e3o m\u00e1xima de opera\u00e7\u00e3o <\/span><b><span style=\"font-family: HelveticaNeue-Bold;\">7.800 PSI<br \/>\n<\/span><\/b><span style=\"font-family: HelveticaNeue-LightCond;\">Entrada e sa\u00edda . <\/span><span style=\"font-family: HelveticaNeue-Light;\">\u00f8 <\/span><b><span style=\"font-family: HelveticaNeue-Bold;\">1\/4\u201d BSP<br \/>\n<\/span><\/b><span style=\"font-family: HelveticaNeue-LightCond;\">Precis\u00e3o . <\/span><b><span style=\"font-family: HelveticaNeue-Bold;\">0,5%<br \/>\n<\/span><\/b><span style=\"font-family: HelveticaNeue-LightCond;\">Capacidades de mangueira <\/span><b><span style=\"font-family: HelveticaNeue-Bold;\">5 m <\/span><\/b><span style=\"font-family: HelveticaNeue-UltraLight;\">\/ <\/span><b><span style=\"font-family: HelveticaNeue-Bold;\">10 m <\/span><\/b><span style=\"font-family: HelveticaNeue-UltraLight;\">\/ <\/span><b><span style=\"font-family: HelveticaNeue-Bold;\">15 m <\/span><\/b><span style=\"font-family: HelveticaNeue-UltraLight;\">\/ <\/span><b><span style=\"font-family: HelveticaNeue-Bold;\">20 m<br \/>\n<\/span><\/b><span style=\"font-family: HelveticaNeue-Light;\">\u00f8 <\/span><b><span style=\"font-family: HelveticaNeue-Bold;\">1\/4\u201d BSP <\/span><\/b><span style=\"font-family: HelveticaNeue-UltraLight;\">\/ <\/span><b><span style=\"font-family: HelveticaNeue-Bold;\">macho<br \/>\n<\/span><\/b><span style=\"font-family: HelveticaNeue-LightCond; font-size: xx-small;\"><span style=\"font-size: small;\"><br \/>\nPeso: 1,2 g<br \/>\n<\/span><span style=\"font-size: small;\">Medidas: (A) 320 mm x (L) 265 mm<\/span><\/span><\/p>\n","protected":false},"excerpt":{"rendered":"<p>Em alum\u00ednio, com extens\u00e3o r\u00edgida, acoplador e conex\u00e3o girat\u00f3ria Z. Vaz\u00e3o livre . 0,1 a 2,5 kg\/min Press\u00e3o m\u00e1xima de opera\u00e7\u00e3o 7.800 PSI Entrada e sa\u00edda . \u00f8 1\/4\u201d BSP Precis\u00e3o . 0,5% Capacidades de mangueira 5 m \/ 10 m \/ 15 m \/ 20 m \u00f8 1\/4\u201d BSP \/ macho Peso: 1,2 g [&hellip;]<\/p>\n","protected":false},"featured_media":3439,"comment_status":"open","ping_status":"closed","template":"","meta":{"_exactmetrics_skip_tracking":false,"_exactmetrics_sitenote_active":false,"_exactmetrics_sitenote_note":"","_exactmetrics_sitenote_category":0},"product_brand":[],"product_cat":[108],"product_tag":[],"class_list":{"0":"post-3438","1":"product","2":"type-product","3":"status-publish","4":"has-post-thumbnail","6":"product_cat-medidor-digital","8":"first","9":"instock","10":"shipping-taxable","11":"product-type-simple"},"_links":{"self":[{"href":"https:\/\/totallubri.com.br\/index.php?rest_route=\/wp\/v2\/product\/3438","targetHints":{"allow":["GET"]}}],"collection":[{"href":"https:\/\/totallubri.com.br\/index.php?rest_route=\/wp\/v2\/product"}],"about":[{"href":"https:\/\/totallubri.com.br\/index.php?rest_route=\/wp\/v2\/types\/product"}],"replies":[{"embeddable":true,"href":"https:\/\/totallubri.com.br\/index.php?rest_route=%2Fwp%2Fv2%2Fcomments&post=3438"}],"wp:featuredmedia":[{"embeddable":true,"href":"https:\/\/totallubri.com.br\/index.php?rest_route=\/wp\/v2\/media\/3439"}],"wp:attachment":[{"href":"https:\/\/totallubri.com.br\/index.php?rest_route=%2Fwp%2Fv2%2Fmedia&parent=3438"}],"wp:term":[{"taxonomy":"product_brand","embeddable":true,"href":"https:\/\/totallubri.com.br\/index.php?rest_route=%2Fwp%2Fv2%2Fproduct_brand&post=3438"},{"taxonomy":"product_cat","embeddable":true,"href":"https:\/\/totallubri.com.br\/index.php?rest_route=%2Fwp%2Fv2%2Fproduct_cat&post=3438"},{"taxonomy":"product_tag","embeddable":true,"href":"https:\/\/totallubri.com.br\/index.php?rest_route=%2Fwp%2Fv2%2Fproduct_tag&post=3438"}],"curies":[{"name":"wp","href":"https:\/\/api.w.org\/{rel}","templated":true}]}}