{"id":3444,"date":"2016-12-27T09:31:29","date_gmt":"2016-12-27T11:31:29","guid":{"rendered":"http:\/\/totallubri.com.br\/wp\/?post_type=product&#038;p=3444"},"modified":"2025-01-05T17:27:38","modified_gmt":"2025-01-05T20:27:38","slug":"unidade-movel-pneumatica-9104-sc-samoa-2","status":"publish","type":"product","link":"https:\/\/totallubri.com.br\/?product=unidade-movel-pneumatica-9104-sc-samoa-2","title":{"rendered":"Unidade m\u00f3vel pneum\u00e1tica &#8211; 9104-SC &#8211; Samoa"},"content":{"rendered":"<p><span style=\"font-family: HelveticaNeue-LightCond;\"><span style=\"color: #000000;\">Em a\u00e7o, para graxas NLGI 2, para tambores <\/span><span style=\"color: #000000;\">de 200 kg, com carrinho com rodas <\/span><span style=\"color: #000000;\">pneum\u00e1ticas, propulsora pneum\u00e1tica, tampa <\/span><span style=\"color: #000000;\">adapt\u00e1vel tambor de 200 kg, filtro regulador <\/span><span style=\"color: #000000;\">de ar, comando de graxa, conex\u00e3o girat\u00f3ria, <\/span><span style=\"color: #000000;\">mangueira e carretel autom\u00e1tico.<br \/>\n<\/span><\/span><span style=\"font-family: HelveticaNeue-LightCond;\"><span style=\"color: #000000;\"><br \/>\nVaz\u00e3o livre . <\/span><\/span><b><span style=\"font-family: HelveticaNeue-Bold;\"><span style=\"color: #000000;\">600 g\/min<br \/>\n<\/span><\/span><\/b><span style=\"font-family: HelveticaNeue-LightCond;\"><span style=\"color: #000000;\">Mangueira . <\/span><\/span><b><span style=\"font-family: HelveticaNeue-Bold;\"><span style=\"color: #000000;\">10 m <\/span><\/span><\/b><span style=\"color: #000000;\"><span style=\"font-family: HelveticaNeue-UltraLight;\">\/ <\/span><span style=\"font-family: HelveticaNeue-Light;\">\u00f8 <\/span><b><span style=\"font-family: HelveticaNeue-Bold;\">1\/4\u201d<br \/>\n<\/span><\/b><\/span><span style=\"font-family: HelveticaNeue-LightCond;\"><span style=\"color: #000000;\">Carretel . <\/span><\/span><b><span style=\"font-family: HelveticaNeue-Bold;\"><span style=\"color: #000000;\">autom\u00e1tico<br \/>\n<\/span><\/span><\/b><span style=\"font-family: HelveticaNeue-LightCond;\"><span style=\"color: #000000;\">Entrada de ar . <\/span><\/span><span style=\"color: #000000;\"><span style=\"font-family: HelveticaNeue-Light;\">\u00f8 <\/span><b><span style=\"font-family: HelveticaNeue-Bold;\">1\/4\u201d BSP<br \/>\n<\/span><\/b><\/span><span style=\"font-family: HelveticaNeue-LightCond;\"><span style=\"color: #000000; font-family: HelveticaNeue-LightCond;\"><br \/>\nPeso: 43 kg . Medidas: (A) 1005 mm x (L) 875 mm<br \/>\n<\/span><\/span><span style=\"font-family: HelveticaNeue-Condensed;\"><span style=\"color: #000000; font-family: HelveticaNeue-Condensed;\"><br \/>\nOBS: Tambor n\u00e3o acompanha o produto<br \/>\n<\/span><\/span><b><span style=\"font-family: HelveticaNeue-Bold;\"><span style=\"color: #000000;\"><br \/>\nOPCIONAL: 9104-SCM<br \/>\n<\/span><\/span><\/b><span style=\"font-family: HelveticaNeue-LightCond;\"><span style=\"color: #000000; font-family: HelveticaNeue-LightCond;\">Carrinho com rodas maci\u00e7as<\/span><\/span><\/p>\n","protected":false},"excerpt":{"rendered":"<p>Em a\u00e7o, para graxas NLGI 2, para tambores de 200 kg, com carrinho com rodas pneum\u00e1ticas, propulsora pneum\u00e1tica, tampa adapt\u00e1vel tambor de 200 kg, filtro regulador de ar, comando de graxa, conex\u00e3o girat\u00f3ria, mangueira e carretel autom\u00e1tico. Vaz\u00e3o livre . 600 g\/min Mangueira . 10 m \/ \u00f8 1\/4\u201d Carretel . autom\u00e1tico Entrada de ar [&hellip;]<\/p>\n","protected":false},"featured_media":3445,"comment_status":"open","ping_status":"closed","template":"","meta":{"_exactmetrics_skip_tracking":false,"_exactmetrics_sitenote_active":false,"_exactmetrics_sitenote_note":"","_exactmetrics_sitenote_category":0},"product_brand":[],"product_cat":[116],"product_tag":[],"class_list":{"0":"post-3444","1":"product","2":"type-product","3":"status-publish","4":"has-post-thumbnail","6":"product_cat-unidade-movel","8":"first","9":"instock","10":"shipping-taxable","11":"product-type-simple"},"_links":{"self":[{"href":"https:\/\/totallubri.com.br\/index.php?rest_route=\/wp\/v2\/product\/3444","targetHints":{"allow":["GET"]}}],"collection":[{"href":"https:\/\/totallubri.com.br\/index.php?rest_route=\/wp\/v2\/product"}],"about":[{"href":"https:\/\/totallubri.com.br\/index.php?rest_route=\/wp\/v2\/types\/product"}],"replies":[{"embeddable":true,"href":"https:\/\/totallubri.com.br\/index.php?rest_route=%2Fwp%2Fv2%2Fcomments&post=3444"}],"wp:featuredmedia":[{"embeddable":true,"href":"https:\/\/totallubri.com.br\/index.php?rest_route=\/wp\/v2\/media\/3445"}],"wp:attachment":[{"href":"https:\/\/totallubri.com.br\/index.php?rest_route=%2Fwp%2Fv2%2Fmedia&parent=3444"}],"wp:term":[{"taxonomy":"product_brand","embeddable":true,"href":"https:\/\/totallubri.com.br\/index.php?rest_route=%2Fwp%2Fv2%2Fproduct_brand&post=3444"},{"taxonomy":"product_cat","embeddable":true,"href":"https:\/\/totallubri.com.br\/index.php?rest_route=%2Fwp%2Fv2%2Fproduct_cat&post=3444"},{"taxonomy":"product_tag","embeddable":true,"href":"https:\/\/totallubri.com.br\/index.php?rest_route=%2Fwp%2Fv2%2Fproduct_tag&post=3444"}],"curies":[{"name":"wp","href":"https:\/\/api.w.org\/{rel}","templated":true}]}}