{"id":3450,"date":"2016-12-27T09:50:33","date_gmt":"2016-12-27T11:50:33","guid":{"rendered":"http:\/\/totallubri.com.br\/wp\/?post_type=product&#038;p=3450"},"modified":"2024-11-25T17:00:34","modified_gmt":"2024-11-25T20:00:34","slug":"carretel-automatico-blindado-com-mangueira-3005-m15-samoa","status":"publish","type":"product","link":"https:\/\/totallubri.com.br\/?product=carretel-automatico-blindado-com-mangueira-3005-m15-samoa","title":{"rendered":"Carretel autom\u00e1tico blindado com mangueira \u2013 3005-M15 \u2013 Samoa"},"content":{"rendered":"<p><span style=\"font-family: HelveticaNeue-LightCond;\"><span style=\"color: #000000;\">Em a\u00e7o, com base simples e retra\u00e7\u00e3o <\/span><span style=\"color: #000000;\">autom\u00e1tica com rolamentos. <\/span><span style=\"color: #000000;\">Montado com mangueira.<br \/>\n<\/span><\/span><span style=\"font-family: HelveticaNeue-LightCond;\"><span style=\"color: #000000; font-family: HelveticaNeue-LightCond;\"><br \/>\nMangueira <\/span><\/span><b><span style=\"font-family: HelveticaNeue-Bold;\"><span style=\"color: #000000;\">15 m <\/span><\/span><\/b><span style=\"color: #000000;\"><span style=\"font-family: HelveticaNeue-UltraLight;\">\/ <\/span><span style=\"font-family: HelveticaNeue-Light;\">\u00f8 <\/span><b><span style=\"font-family: HelveticaNeue-Bold;\">1\/4\u201d <\/span><\/b><\/span><span style=\"color: #000000;\"><span style=\"font-family: HelveticaNeue-UltraLight;\">\/ <\/span><b><span style=\"font-family: HelveticaNeue-Bold;\">2 tramas <\/span><\/b><\/span><span style=\"color: #000000;\"><span style=\"font-family: HelveticaNeue-UltraLight;\">\/ <\/span><b><span style=\"font-family: HelveticaNeue-Bold;\">SAE 100R2<br \/>\n<\/span><\/b><\/span><span style=\"font-family: HelveticaNeue-LightCond;\"><span style=\"color: #000000;\">Press\u00e3o m\u00e1xima de opera\u00e7\u00e3o . <\/span><\/span><b><span style=\"font-family: HelveticaNeue-Bold;\"><span style=\"color: #000000;\">5.100 PSI<br \/>\n<\/span><\/span><\/b><span style=\"font-family: HelveticaNeue-LightCond;\"><span style=\"color: #000000; font-family: HelveticaNeue-LightCond;\"><br \/>\nPeso: 21 kg . Medidas: (A) 520 mm x (L) 510 mm<br \/>\n<\/span><\/span><b><span style=\"font-family: HelveticaNeue-Bold;\"><span style=\"color: #000000;\"><br \/>\nOPCIONAL: 3005<br \/>\n<\/span><\/span><\/b><span style=\"font-family: HelveticaNeue-LightCond;\"><span style=\"color: #000000; font-family: HelveticaNeue-LightCond;\">Carretel autom\u00e1tico sem mangueira<\/span><\/span><\/p>\n","protected":false},"excerpt":{"rendered":"<p>Em a\u00e7o, com base simples e retra\u00e7\u00e3o autom\u00e1tica com rolamentos. Montado com mangueira. Mangueira 15 m \/ \u00f8 1\/4\u201d \/ 2 tramas \/ SAE 100R2 Press\u00e3o m\u00e1xima de opera\u00e7\u00e3o . 5.100 PSI Peso: 21 kg . Medidas: (A) 520 mm x (L) 510 mm OPCIONAL: 3005 Carretel autom\u00e1tico sem mangueira<\/p>\n","protected":false},"featured_media":3451,"comment_status":"open","ping_status":"closed","template":"","meta":{"_exactmetrics_skip_tracking":false,"_exactmetrics_sitenote_active":false,"_exactmetrics_sitenote_note":"","_exactmetrics_sitenote_category":0},"product_brand":[],"product_cat":[101],"product_tag":[],"class_list":{"0":"post-3450","1":"product","2":"type-product","3":"status-publish","4":"has-post-thumbnail","6":"product_cat-carreteis-samoa-e-coxreels","8":"first","9":"instock","10":"shipping-taxable","11":"product-type-simple"},"_links":{"self":[{"href":"https:\/\/totallubri.com.br\/index.php?rest_route=\/wp\/v2\/product\/3450","targetHints":{"allow":["GET"]}}],"collection":[{"href":"https:\/\/totallubri.com.br\/index.php?rest_route=\/wp\/v2\/product"}],"about":[{"href":"https:\/\/totallubri.com.br\/index.php?rest_route=\/wp\/v2\/types\/product"}],"replies":[{"embeddable":true,"href":"https:\/\/totallubri.com.br\/index.php?rest_route=%2Fwp%2Fv2%2Fcomments&post=3450"}],"wp:featuredmedia":[{"embeddable":true,"href":"https:\/\/totallubri.com.br\/index.php?rest_route=\/wp\/v2\/media\/3451"}],"wp:attachment":[{"href":"https:\/\/totallubri.com.br\/index.php?rest_route=%2Fwp%2Fv2%2Fmedia&parent=3450"}],"wp:term":[{"taxonomy":"product_brand","embeddable":true,"href":"https:\/\/totallubri.com.br\/index.php?rest_route=%2Fwp%2Fv2%2Fproduct_brand&post=3450"},{"taxonomy":"product_cat","embeddable":true,"href":"https:\/\/totallubri.com.br\/index.php?rest_route=%2Fwp%2Fv2%2Fproduct_cat&post=3450"},{"taxonomy":"product_tag","embeddable":true,"href":"https:\/\/totallubri.com.br\/index.php?rest_route=%2Fwp%2Fv2%2Fproduct_tag&post=3450"}],"curies":[{"name":"wp","href":"https:\/\/api.w.org\/{rel}","templated":true}]}}