{"id":3457,"date":"2016-12-27T10:21:06","date_gmt":"2016-12-27T12:21:06","guid":{"rendered":"http:\/\/totallubri.com.br\/wp\/?post_type=product&#038;p=3457"},"modified":"2024-11-25T11:49:39","modified_gmt":"2024-11-25T14:49:39","slug":"carretel-automatico-3020-m10-samoa","status":"publish","type":"product","link":"https:\/\/totallubri.com.br\/?product=carretel-automatico-3020-m10-samoa","title":{"rendered":"Carretel autom\u00e1tico \u2013 3020-M10 \u2013 LUPUS"},"content":{"rendered":"<p><span style=\"font-family: HelveticaNeue-LightCond;\"><span style=\"color: #000000;\">Em a\u00e7o, com base simples e retra\u00e7\u00e3o manual. <\/span><span style=\"color: #000000;\">Montado com mangueira<\/span><\/span><\/p>\n<p><b><span style=\"font-family: HelveticaNeue-Bold;\"><span style=\"color: #000000; font-family: HelveticaNeue-Bold;\">Mangueira 1\/4&#8243;\/ comp. 10m \/ SAE100R2<\/span><\/span><\/b><\/p>\n<p><b><span style=\"font-family: HelveticaNeue-Bold;\"><span style=\"color: #000000; font-family: HelveticaNeue-Bold;\">Press\u00e3o m\u00e1xima de trabalho 5.100 PSI<\/span><\/span><\/b><\/p>\n<p><b><span style=\"font-family: HelveticaNeue-Bold;\"><span style=\"color: #000000; font-family: HelveticaNeue-Bold;\">Peso: 10 Kg\u00a0<\/span><\/span><\/b><\/p>\n<p><b><span style=\"font-family: HelveticaNeue-Bold;\"><span style=\"color: #000000; font-family: HelveticaNeue-Bold;\">Medidas: (A) 585 mm x (L) 570 mm<\/span><\/span><\/b><\/p>\n<p><b>\u00a0<\/b><\/p>\n","protected":false},"excerpt":{"rendered":"<p>Em a\u00e7o, com base simples e retra\u00e7\u00e3o manual. Montado com mangueira Mangueira 1\/4&#8243;\/ comp. 10m \/ SAE100R2 Press\u00e3o m\u00e1xima de trabalho 5.100 PSI Peso: 10 Kg\u00a0 Medidas: (A) 585 mm x (L) 570 mm \u00a0<\/p>\n","protected":false},"featured_media":3458,"comment_status":"open","ping_status":"closed","template":"","meta":{"_exactmetrics_skip_tracking":false,"_exactmetrics_sitenote_active":false,"_exactmetrics_sitenote_note":"","_exactmetrics_sitenote_category":0},"product_brand":[],"product_cat":[100],"product_tag":[],"class_list":{"0":"post-3457","1":"product","2":"type-product","3":"status-publish","4":"has-post-thumbnail","6":"product_cat-carretel-retratil","8":"first","9":"instock","10":"shipping-taxable","11":"product-type-simple"},"_links":{"self":[{"href":"https:\/\/totallubri.com.br\/index.php?rest_route=\/wp\/v2\/product\/3457","targetHints":{"allow":["GET"]}}],"collection":[{"href":"https:\/\/totallubri.com.br\/index.php?rest_route=\/wp\/v2\/product"}],"about":[{"href":"https:\/\/totallubri.com.br\/index.php?rest_route=\/wp\/v2\/types\/product"}],"replies":[{"embeddable":true,"href":"https:\/\/totallubri.com.br\/index.php?rest_route=%2Fwp%2Fv2%2Fcomments&post=3457"}],"wp:featuredmedia":[{"embeddable":true,"href":"https:\/\/totallubri.com.br\/index.php?rest_route=\/wp\/v2\/media\/3458"}],"wp:attachment":[{"href":"https:\/\/totallubri.com.br\/index.php?rest_route=%2Fwp%2Fv2%2Fmedia&parent=3457"}],"wp:term":[{"taxonomy":"product_brand","embeddable":true,"href":"https:\/\/totallubri.com.br\/index.php?rest_route=%2Fwp%2Fv2%2Fproduct_brand&post=3457"},{"taxonomy":"product_cat","embeddable":true,"href":"https:\/\/totallubri.com.br\/index.php?rest_route=%2Fwp%2Fv2%2Fproduct_cat&post=3457"},{"taxonomy":"product_tag","embeddable":true,"href":"https:\/\/totallubri.com.br\/index.php?rest_route=%2Fwp%2Fv2%2Fproduct_tag&post=3457"}],"curies":[{"name":"wp","href":"https:\/\/api.w.org\/{rel}","templated":true}]}}