{"id":3461,"date":"2016-12-27T10:33:37","date_gmt":"2016-12-27T12:33:37","guid":{"rendered":"http:\/\/totallubri.com.br\/wp\/?post_type=product&#038;p=3461"},"modified":"2024-11-25T16:41:42","modified_gmt":"2024-11-25T19:41:42","slug":"carretel-automatico-blindado-3005-samoa","status":"publish","type":"product","link":"https:\/\/totallubri.com.br\/?product=carretel-automatico-blindado-3005-samoa","title":{"rendered":"Carretel autom\u00e1tico blindado &#8211; 3005 &#8211; Samoa"},"content":{"rendered":"<p>Em a\u00e7o, com base simples e retra\u00e7\u00e3o autom\u00e1tica.<\/p>\n<p>Sem mangueira<\/p>\n<p>Capacidade at\u00e9 15m de mang. 1\/4&#8243; \/ SAE 100R2<\/p>\n<p>Press\u00e3o m\u00e1xima de trabalho 5.100 PSI<\/p>\n<p>&nbsp;<\/p>\n<p><b><span style=\"font-family: HelveticaNeue-Bold;\"><span style=\"color: #000000; font-family: HelveticaNeue-Bold;\">Peso: 18 Kg\u00a0<\/span><\/span><\/b><\/p>\n<p><b><span style=\"font-family: HelveticaNeue-Bold;\"><span style=\"color: #000000; font-family: HelveticaNeue-Bold;\">Medidas: (A) 520 mm x (L) 510 mm<\/span><\/span><\/b><\/p>\n","protected":false},"excerpt":{"rendered":"<p>Em a\u00e7o, com base simples e retra\u00e7\u00e3o autom\u00e1tica. Sem mangueira Capacidade at\u00e9 15m de mang. 1\/4&#8243; \/ SAE 100R2 Press\u00e3o m\u00e1xima de trabalho 5.100 PSI &nbsp; Peso: 18 Kg\u00a0 Medidas: (A) 520 mm x (L) 510 mm<\/p>\n","protected":false},"featured_media":3462,"comment_status":"open","ping_status":"closed","template":"","meta":{"_exactmetrics_skip_tracking":false,"_exactmetrics_sitenote_active":false,"_exactmetrics_sitenote_note":"","_exactmetrics_sitenote_category":0},"product_brand":[],"product_cat":[101],"product_tag":[],"class_list":{"0":"post-3461","1":"product","2":"type-product","3":"status-publish","4":"has-post-thumbnail","6":"product_cat-carreteis-samoa-e-coxreels","8":"first","9":"instock","10":"shipping-taxable","11":"product-type-simple"},"_links":{"self":[{"href":"https:\/\/totallubri.com.br\/index.php?rest_route=\/wp\/v2\/product\/3461","targetHints":{"allow":["GET"]}}],"collection":[{"href":"https:\/\/totallubri.com.br\/index.php?rest_route=\/wp\/v2\/product"}],"about":[{"href":"https:\/\/totallubri.com.br\/index.php?rest_route=\/wp\/v2\/types\/product"}],"replies":[{"embeddable":true,"href":"https:\/\/totallubri.com.br\/index.php?rest_route=%2Fwp%2Fv2%2Fcomments&post=3461"}],"wp:featuredmedia":[{"embeddable":true,"href":"https:\/\/totallubri.com.br\/index.php?rest_route=\/wp\/v2\/media\/3462"}],"wp:attachment":[{"href":"https:\/\/totallubri.com.br\/index.php?rest_route=%2Fwp%2Fv2%2Fmedia&parent=3461"}],"wp:term":[{"taxonomy":"product_brand","embeddable":true,"href":"https:\/\/totallubri.com.br\/index.php?rest_route=%2Fwp%2Fv2%2Fproduct_brand&post=3461"},{"taxonomy":"product_cat","embeddable":true,"href":"https:\/\/totallubri.com.br\/index.php?rest_route=%2Fwp%2Fv2%2Fproduct_cat&post=3461"},{"taxonomy":"product_tag","embeddable":true,"href":"https:\/\/totallubri.com.br\/index.php?rest_route=%2Fwp%2Fv2%2Fproduct_tag&post=3461"}],"curies":[{"name":"wp","href":"https:\/\/api.w.org\/{rel}","templated":true}]}}