{"id":3473,"date":"2016-12-27T11:04:45","date_gmt":"2016-12-27T13:04:45","guid":{"rendered":"http:\/\/totallubri.com.br\/wp\/?post_type=product&#038;p=3473"},"modified":"2024-11-25T16:36:09","modified_gmt":"2024-11-25T19:36:09","slug":"carretel-automatico-3024-m10-samoa","status":"publish","type":"product","link":"https:\/\/totallubri.com.br\/?product=carretel-automatico-3024-m10-samoa","title":{"rendered":"Carretel autom\u00e1tico &#8211; 3024-M10 &#8211; Samoa"},"content":{"rendered":"<p><span style=\"color: #000000;\">Em alum\u00ednio e ABS, com base simples\u00a0<\/span><span style=\"color: #000000;\">e retra\u00e7\u00e3o autom\u00e1tica com rolamentos. <\/span><span style=\"color: #000000;\">Montado com mangueira hidr\u00e1ulica.<\/span><\/p>\n<p>Mangueira 01\/4&#8243;\/ comp. 10m \/ SAE 100R2<\/p>\n<p>Press\u00e3o maxima de trabalho 3.400<\/p>\n<p>Peso: 12 kg<\/p>\n<p>Medidas: (A) 480 mm x (L) 480 mm<\/p>\n","protected":false},"excerpt":{"rendered":"<p>Em alum\u00ednio e ABS, com base simples\u00a0e retra\u00e7\u00e3o autom\u00e1tica com rolamentos. Montado com mangueira hidr\u00e1ulica. Mangueira 01\/4&#8243;\/ comp. 10m \/ SAE 100R2 Press\u00e3o maxima de trabalho 3.400 Peso: 12 kg Medidas: (A) 480 mm x (L) 480 mm<\/p>\n","protected":false},"featured_media":3474,"comment_status":"open","ping_status":"closed","template":"","meta":{"_exactmetrics_skip_tracking":false,"_exactmetrics_sitenote_active":false,"_exactmetrics_sitenote_note":"","_exactmetrics_sitenote_category":0},"product_brand":[],"product_cat":[101],"product_tag":[],"class_list":{"0":"post-3473","1":"product","2":"type-product","3":"status-publish","4":"has-post-thumbnail","6":"product_cat-carreteis-samoa-e-coxreels","8":"first","9":"instock","10":"shipping-taxable","11":"product-type-simple"},"_links":{"self":[{"href":"https:\/\/totallubri.com.br\/index.php?rest_route=\/wp\/v2\/product\/3473","targetHints":{"allow":["GET"]}}],"collection":[{"href":"https:\/\/totallubri.com.br\/index.php?rest_route=\/wp\/v2\/product"}],"about":[{"href":"https:\/\/totallubri.com.br\/index.php?rest_route=\/wp\/v2\/types\/product"}],"replies":[{"embeddable":true,"href":"https:\/\/totallubri.com.br\/index.php?rest_route=%2Fwp%2Fv2%2Fcomments&post=3473"}],"wp:featuredmedia":[{"embeddable":true,"href":"https:\/\/totallubri.com.br\/index.php?rest_route=\/wp\/v2\/media\/3474"}],"wp:attachment":[{"href":"https:\/\/totallubri.com.br\/index.php?rest_route=%2Fwp%2Fv2%2Fmedia&parent=3473"}],"wp:term":[{"taxonomy":"product_brand","embeddable":true,"href":"https:\/\/totallubri.com.br\/index.php?rest_route=%2Fwp%2Fv2%2Fproduct_brand&post=3473"},{"taxonomy":"product_cat","embeddable":true,"href":"https:\/\/totallubri.com.br\/index.php?rest_route=%2Fwp%2Fv2%2Fproduct_cat&post=3473"},{"taxonomy":"product_tag","embeddable":true,"href":"https:\/\/totallubri.com.br\/index.php?rest_route=%2Fwp%2Fv2%2Fproduct_tag&post=3473"}],"curies":[{"name":"wp","href":"https:\/\/api.w.org\/{rel}","templated":true}]}}