{"id":3487,"date":"2016-12-27T11:40:28","date_gmt":"2016-12-27T13:40:28","guid":{"rendered":"http:\/\/totallubri.com.br\/wp\/?post_type=product&#038;p=3487"},"modified":"2024-12-05T16:52:46","modified_gmt":"2024-12-05T19:52:46","slug":"comando-para-oleo-1974-s-samoa","status":"publish","type":"product","link":"https:\/\/totallubri.com.br\/?product=comando-para-oleo-1974-s-samoa","title":{"rendered":"Comando para \u00d3leo \u2013 1974-S \u2013 Samoa"},"content":{"rendered":"<p>Em alum\u00ednio, com extens\u00e3o flex\u00edvel, bico antigotejante autom\u00e1tico e bot\u00e3o de bloqueio do gatilho durante o abastecimento.<\/p>\n<p>Entrada <strong>1\/2&#8243; com girat\u00f3rio\/ filtro interno<\/strong><br \/>\nPress\u00e3o m\u00e1xima de opera\u00e7\u00e3o <strong>1.000 PSI<br \/>\n<\/strong><br \/>\nPeso <strong>850 g<\/strong><br \/>\nMedidas<strong> (A) 490 mm x (L) 95 mm<\/strong><\/p>\n","protected":false},"excerpt":{"rendered":"<p>Em alum\u00ednio, com extens\u00e3o flex\u00edvel, bico antigotejante autom\u00e1tico e bot\u00e3o de bloqueio do gatilho durante o abastecimento. Entrada 1\/2&#8243; com girat\u00f3rio\/ filtro interno Press\u00e3o m\u00e1xima de opera\u00e7\u00e3o 1.000 PSI Peso 850 g Medidas (A) 490 mm x (L) 95 mm<\/p>\n","protected":false},"featured_media":3488,"comment_status":"open","ping_status":"closed","template":"","meta":{"_exactmetrics_skip_tracking":false,"_exactmetrics_sitenote_active":false,"_exactmetrics_sitenote_note":"","_exactmetrics_sitenote_category":0},"product_brand":[],"product_cat":[114],"product_tag":[],"class_list":{"0":"post-3487","1":"product","2":"type-product","3":"status-publish","4":"has-post-thumbnail","6":"product_cat-solucoes-para-abastecimento","8":"first","9":"instock","10":"shipping-taxable","11":"product-type-simple"},"_links":{"self":[{"href":"https:\/\/totallubri.com.br\/index.php?rest_route=\/wp\/v2\/product\/3487","targetHints":{"allow":["GET"]}}],"collection":[{"href":"https:\/\/totallubri.com.br\/index.php?rest_route=\/wp\/v2\/product"}],"about":[{"href":"https:\/\/totallubri.com.br\/index.php?rest_route=\/wp\/v2\/types\/product"}],"replies":[{"embeddable":true,"href":"https:\/\/totallubri.com.br\/index.php?rest_route=%2Fwp%2Fv2%2Fcomments&post=3487"}],"wp:featuredmedia":[{"embeddable":true,"href":"https:\/\/totallubri.com.br\/index.php?rest_route=\/wp\/v2\/media\/3488"}],"wp:attachment":[{"href":"https:\/\/totallubri.com.br\/index.php?rest_route=%2Fwp%2Fv2%2Fmedia&parent=3487"}],"wp:term":[{"taxonomy":"product_brand","embeddable":true,"href":"https:\/\/totallubri.com.br\/index.php?rest_route=%2Fwp%2Fv2%2Fproduct_brand&post=3487"},{"taxonomy":"product_cat","embeddable":true,"href":"https:\/\/totallubri.com.br\/index.php?rest_route=%2Fwp%2Fv2%2Fproduct_cat&post=3487"},{"taxonomy":"product_tag","embeddable":true,"href":"https:\/\/totallubri.com.br\/index.php?rest_route=%2Fwp%2Fv2%2Fproduct_tag&post=3487"}],"curies":[{"name":"wp","href":"https:\/\/api.w.org\/{rel}","templated":true}]}}