{"id":3489,"date":"2016-12-27T11:42:22","date_gmt":"2016-12-27T13:42:22","guid":{"rendered":"http:\/\/totallubri.com.br\/wp\/?post_type=product&#038;p=3489"},"modified":"2024-12-05T16:50:51","modified_gmt":"2024-12-05T19:50:51","slug":"comando-para-oleo-1974-p-piusi","status":"publish","type":"product","link":"https:\/\/totallubri.com.br\/?product=comando-para-oleo-1974-p-piusi","title":{"rendered":"Comando para \u00f3leo &#8211; 1974-P &#8211; Piusi"},"content":{"rendered":"<p>Em alum\u00ednio, com extens\u00e3o flex\u00edvel, bico antigotejante autom\u00e1tico e bot\u00e3o de bloqueio do gatilho durante o abastecimento.<\/p>\n<p>Entrada <strong>1\/2&#8243;com girat\u00f3rio\/ filtro interno<\/strong><br \/>\nPress\u00e3o m\u00e1xima de opera\u00e7\u00e3o <strong>1.000 PSI<br \/>\n<\/strong><br \/>\nPeso\u00a0<strong>1,2 \u00a0kg<\/strong><br \/>\nMedidas<strong> (A) 440 mm x (L) 95 mm<\/strong><\/p>\n","protected":false},"excerpt":{"rendered":"<p>Em alum\u00ednio, com extens\u00e3o flex\u00edvel, bico antigotejante autom\u00e1tico e bot\u00e3o de bloqueio do gatilho durante o abastecimento. Entrada 1\/2&#8243;com girat\u00f3rio\/ filtro interno Press\u00e3o m\u00e1xima de opera\u00e7\u00e3o 1.000 PSI Peso\u00a01,2 \u00a0kg Medidas (A) 440 mm x (L) 95 mm<\/p>\n","protected":false},"featured_media":3490,"comment_status":"open","ping_status":"closed","template":"","meta":{"_exactmetrics_skip_tracking":false,"_exactmetrics_sitenote_active":false,"_exactmetrics_sitenote_note":"","_exactmetrics_sitenote_category":0},"product_brand":[],"product_cat":[114],"product_tag":[],"class_list":{"0":"post-3489","1":"product","2":"type-product","3":"status-publish","4":"has-post-thumbnail","6":"product_cat-solucoes-para-abastecimento","8":"first","9":"instock","10":"shipping-taxable","11":"product-type-simple"},"_links":{"self":[{"href":"https:\/\/totallubri.com.br\/index.php?rest_route=\/wp\/v2\/product\/3489","targetHints":{"allow":["GET"]}}],"collection":[{"href":"https:\/\/totallubri.com.br\/index.php?rest_route=\/wp\/v2\/product"}],"about":[{"href":"https:\/\/totallubri.com.br\/index.php?rest_route=\/wp\/v2\/types\/product"}],"replies":[{"embeddable":true,"href":"https:\/\/totallubri.com.br\/index.php?rest_route=%2Fwp%2Fv2%2Fcomments&post=3489"}],"wp:featuredmedia":[{"embeddable":true,"href":"https:\/\/totallubri.com.br\/index.php?rest_route=\/wp\/v2\/media\/3490"}],"wp:attachment":[{"href":"https:\/\/totallubri.com.br\/index.php?rest_route=%2Fwp%2Fv2%2Fmedia&parent=3489"}],"wp:term":[{"taxonomy":"product_brand","embeddable":true,"href":"https:\/\/totallubri.com.br\/index.php?rest_route=%2Fwp%2Fv2%2Fproduct_brand&post=3489"},{"taxonomy":"product_cat","embeddable":true,"href":"https:\/\/totallubri.com.br\/index.php?rest_route=%2Fwp%2Fv2%2Fproduct_cat&post=3489"},{"taxonomy":"product_tag","embeddable":true,"href":"https:\/\/totallubri.com.br\/index.php?rest_route=%2Fwp%2Fv2%2Fproduct_tag&post=3489"}],"curies":[{"name":"wp","href":"https:\/\/api.w.org\/{rel}","templated":true}]}}