{"id":3503,"date":"2016-12-27T12:00:43","date_gmt":"2016-12-27T14:00:43","guid":{"rendered":"http:\/\/totallubri.com.br\/wp\/?post_type=product&#038;p=3503"},"modified":"2024-11-21T15:31:08","modified_gmt":"2024-11-21T18:31:08","slug":"bomba-de-transferencia-manual-vareta-9009-v-lupus","status":"publish","type":"product","link":"https:\/\/totallubri.com.br\/?product=bomba-de-transferencia-manual-vareta-9009-v-lupus","title":{"rendered":"Bomba de transfer\u00eancia manual vareta &#8211; 9009-V &#8211; Lupus"},"content":{"rendered":"<p>Em a\u00e7o, adapt\u00e1vel a tambores, para lubrificantes leves (SAE 90 \u00e0 40\u00b0C), \u00f3leo diesel e querosene.<\/p>\n<p>Vaz\u00e3o livre\u00a0<strong>125 ml\/ ciclo<br \/>\n<\/strong>Mangueira <strong>n\u00e3o acompanha<\/strong><strong><br \/>\n<\/strong><br \/>\nPeso<strong>\u00a01,6 kg<br \/>\n<\/strong>Medidas <strong>(A) 1090 mm x (L)\u00a0230 mm<\/strong><\/p>\n","protected":false},"excerpt":{"rendered":"<p>Em a\u00e7o, adapt\u00e1vel a tambores, para lubrificantes leves (SAE 90 \u00e0 40\u00b0C), \u00f3leo diesel e querosene. Vaz\u00e3o livre\u00a0125 ml\/ ciclo Mangueira n\u00e3o acompanha Peso\u00a01,6 kg Medidas (A) 1090 mm x (L)\u00a0230 mm<\/p>\n","protected":false},"featured_media":3504,"comment_status":"open","ping_status":"closed","template":"","meta":{"_exactmetrics_skip_tracking":false,"_exactmetrics_sitenote_active":false,"_exactmetrics_sitenote_note":"","_exactmetrics_sitenote_category":0},"product_brand":[],"product_cat":[99],"product_tag":[],"class_list":{"0":"post-3503","1":"product","2":"type-product","3":"status-publish","4":"has-post-thumbnail","6":"product_cat-bomba-manual-para-liquidos","8":"first","9":"instock","10":"shipping-taxable","11":"product-type-simple"},"_links":{"self":[{"href":"https:\/\/totallubri.com.br\/index.php?rest_route=\/wp\/v2\/product\/3503","targetHints":{"allow":["GET"]}}],"collection":[{"href":"https:\/\/totallubri.com.br\/index.php?rest_route=\/wp\/v2\/product"}],"about":[{"href":"https:\/\/totallubri.com.br\/index.php?rest_route=\/wp\/v2\/types\/product"}],"replies":[{"embeddable":true,"href":"https:\/\/totallubri.com.br\/index.php?rest_route=%2Fwp%2Fv2%2Fcomments&post=3503"}],"wp:featuredmedia":[{"embeddable":true,"href":"https:\/\/totallubri.com.br\/index.php?rest_route=\/wp\/v2\/media\/3504"}],"wp:attachment":[{"href":"https:\/\/totallubri.com.br\/index.php?rest_route=%2Fwp%2Fv2%2Fmedia&parent=3503"}],"wp:term":[{"taxonomy":"product_brand","embeddable":true,"href":"https:\/\/totallubri.com.br\/index.php?rest_route=%2Fwp%2Fv2%2Fproduct_brand&post=3503"},{"taxonomy":"product_cat","embeddable":true,"href":"https:\/\/totallubri.com.br\/index.php?rest_route=%2Fwp%2Fv2%2Fproduct_cat&post=3503"},{"taxonomy":"product_tag","embeddable":true,"href":"https:\/\/totallubri.com.br\/index.php?rest_route=%2Fwp%2Fv2%2Fproduct_tag&post=3503"}],"curies":[{"name":"wp","href":"https:\/\/api.w.org\/{rel}","templated":true}]}}