{"id":3526,"date":"2016-12-27T17:57:05","date_gmt":"2016-12-27T19:57:05","guid":{"rendered":"http:\/\/totallubri.com.br\/wp\/?post_type=product&#038;p=3526"},"modified":"2024-12-21T17:24:34","modified_gmt":"2024-12-21T20:24:34","slug":"carretel-manual-sem-mangueira-3076-coxreels","status":"publish","type":"product","link":"https:\/\/totallubri.com.br\/?product=carretel-manual-sem-mangueira-3076-coxreels","title":{"rendered":"Carretel Manual sem Mangueira &#8211; 3076 &#8211; COXREELS"},"content":{"rendered":"<div class=\"cont_produto\"><strong>Descri\u00e7\u00e3o:<\/strong><br \/>\nEm a\u00e7o, com base simples e retra\u00e7\u00e3o\u00a0manual e conex\u00f5es em a\u00e7o inox, sem mangueira.Capacidade de mangueira\u00a0<strong>15 m \/ 1 1\/2&#8243;\u00a0\/ norma API 1529<br \/>\n<\/strong>Press\u00e3o m\u00e1xima de opera\u00e7\u00e3o\u00a0<strong>600 PSI<\/strong>Medidas<strong> (A)\u00a0660 mm x (L)\u00a0610 mm (C)\u00a0635 mm<\/strong><\/div>\n","protected":false},"excerpt":{"rendered":"<p>Descri\u00e7\u00e3o: Em a\u00e7o, com base simples e retra\u00e7\u00e3o\u00a0manual e conex\u00f5es em a\u00e7o inox, sem mangueira.Capacidade de mangueira\u00a015 m \/ 1 1\/2&#8243;\u00a0\/ norma API 1529 Press\u00e3o m\u00e1xima de opera\u00e7\u00e3o\u00a0600 PSIMedidas (A)\u00a0660 mm x (L)\u00a0610 mm (C)\u00a0635 mm<\/p>\n","protected":false},"featured_media":3527,"comment_status":"open","ping_status":"closed","template":"","meta":{"_exactmetrics_skip_tracking":false,"_exactmetrics_sitenote_active":false,"_exactmetrics_sitenote_note":"","_exactmetrics_sitenote_category":0},"product_brand":[],"product_cat":[101,50],"product_tag":[],"class_list":{"0":"post-3526","1":"product","2":"type-product","3":"status-publish","4":"has-post-thumbnail","6":"product_cat-carreteis-samoa-e-coxreels","7":"product_cat-aviacao","9":"first","10":"instock","11":"shipping-taxable","12":"product-type-simple"},"_links":{"self":[{"href":"https:\/\/totallubri.com.br\/index.php?rest_route=\/wp\/v2\/product\/3526","targetHints":{"allow":["GET"]}}],"collection":[{"href":"https:\/\/totallubri.com.br\/index.php?rest_route=\/wp\/v2\/product"}],"about":[{"href":"https:\/\/totallubri.com.br\/index.php?rest_route=\/wp\/v2\/types\/product"}],"replies":[{"embeddable":true,"href":"https:\/\/totallubri.com.br\/index.php?rest_route=%2Fwp%2Fv2%2Fcomments&post=3526"}],"wp:featuredmedia":[{"embeddable":true,"href":"https:\/\/totallubri.com.br\/index.php?rest_route=\/wp\/v2\/media\/3527"}],"wp:attachment":[{"href":"https:\/\/totallubri.com.br\/index.php?rest_route=%2Fwp%2Fv2%2Fmedia&parent=3526"}],"wp:term":[{"taxonomy":"product_brand","embeddable":true,"href":"https:\/\/totallubri.com.br\/index.php?rest_route=%2Fwp%2Fv2%2Fproduct_brand&post=3526"},{"taxonomy":"product_cat","embeddable":true,"href":"https:\/\/totallubri.com.br\/index.php?rest_route=%2Fwp%2Fv2%2Fproduct_cat&post=3526"},{"taxonomy":"product_tag","embeddable":true,"href":"https:\/\/totallubri.com.br\/index.php?rest_route=%2Fwp%2Fv2%2Fproduct_tag&post=3526"}],"curies":[{"name":"wp","href":"https:\/\/api.w.org\/{rel}","templated":true}]}}