{"id":3541,"date":"2017-01-02T20:06:26","date_gmt":"2017-01-02T22:06:26","guid":{"rendered":"http:\/\/totallubri.com.br\/?post_type=product&#038;p=3541"},"modified":"2017-01-02T20:06:26","modified_gmt":"2017-01-02T22:06:26","slug":"lubrificador-automatico-eletromecanico-com-sincronismo-e-alimentacao-externa-4523-lupus","status":"publish","type":"product","link":"https:\/\/totallubri.com.br\/?product=lubrificador-automatico-eletromecanico-com-sincronismo-e-alimentacao-externa-4523-lupus","title":{"rendered":"LUBRIFICADOR AUTOM\u00c1TICO ELETROMEC\u00c2NICO COM SINCRONISMO E ALIMENTA\u00c7\u00c3O EXTERNA &#8211; 4523 \u2013 LUPUS"},"content":{"rendered":"<p><span style=\"font-family: 'Georgia','serif'; color: #333333;\">Em acr\u00edlico, microprocessado com rel\u00e9 de sincronismo multiponto e fonte de alimenta\u00e7\u00e3o externa.<\/span><\/p>\n<p style=\"font-variant-ligatures: normal; font-variant-caps: normal; orphans: 2; text-align: start; widows: 2; -webkit-text-stroke-width: 0px; word-spacing: 0px;\"><span style=\"font-family: 'Georgia','serif'; color: #333333;\">Capacidade do recipiente 500 cc<br \/>\nGraxa \u00a0NLGI 2<br \/>\nRosca 3\/8\u2033 NPT\/ macho<br \/>\nPress\u00e3o de trabalho 425 a 850 PSI<br \/>\nTemperatura de opera\u00e7\u00e3o -15\u00b0 a 60\u00b0C<br \/>\nLubrifica\u00e7\u00e3o Programada<br \/>\nPrograma\u00e7\u00e3o\u00a015 dias<br \/>\n1 \/ 2 \/ 4 \/ 6 \/ 12 \/ 18 \/ 24 meses<br \/>\nVolume\/ciclo 0,33 cc<br \/>\nPontos de lubrifica\u00e7\u00e3o at\u00e9 08<br \/>\nGrau de prote\u00e7\u00e3o IP54<br \/>\nCertifica\u00e7\u00e3o CE<br \/>\nAlimenta\u00e7\u00e3o 12 a 24V<br \/>\nTubula\u00e7\u00e3o at\u00e9 8 pontos\/ 6m por ponto<br \/>\nPeso\u00a01,3 Kg<br \/>\nMedidas (A) 210 mm x 92mm<\/span><\/p>\n","protected":false},"excerpt":{"rendered":"<p>Em acr\u00edlico, microprocessado com rel\u00e9 de sincronismo multiponto e fonte de alimenta\u00e7\u00e3o externa. Capacidade do recipiente 500 cc Graxa \u00a0NLGI 2 Rosca 3\/8\u2033 NPT\/ macho Press\u00e3o de trabalho 425 a 850 PSI Temperatura de opera\u00e7\u00e3o -15\u00b0 a 60\u00b0C Lubrifica\u00e7\u00e3o Programada Programa\u00e7\u00e3o\u00a015 dias 1 \/ 2 \/ 4 \/ 6 \/ 12 \/ 18 \/ 24 [&hellip;]<\/p>\n","protected":false},"featured_media":3540,"comment_status":"open","ping_status":"closed","template":"","meta":{"_exactmetrics_skip_tracking":false,"_exactmetrics_sitenote_active":false,"_exactmetrics_sitenote_note":"","_exactmetrics_sitenote_category":0},"product_brand":[],"product_cat":[56],"product_tag":[],"class_list":{"0":"post-3541","1":"product","2":"type-product","3":"status-publish","4":"has-post-thumbnail","6":"product_cat-graxa","8":"first","9":"instock","10":"shipping-taxable","11":"product-type-simple"},"_links":{"self":[{"href":"https:\/\/totallubri.com.br\/index.php?rest_route=\/wp\/v2\/product\/3541","targetHints":{"allow":["GET"]}}],"collection":[{"href":"https:\/\/totallubri.com.br\/index.php?rest_route=\/wp\/v2\/product"}],"about":[{"href":"https:\/\/totallubri.com.br\/index.php?rest_route=\/wp\/v2\/types\/product"}],"replies":[{"embeddable":true,"href":"https:\/\/totallubri.com.br\/index.php?rest_route=%2Fwp%2Fv2%2Fcomments&post=3541"}],"wp:featuredmedia":[{"embeddable":true,"href":"https:\/\/totallubri.com.br\/index.php?rest_route=\/wp\/v2\/media\/3540"}],"wp:attachment":[{"href":"https:\/\/totallubri.com.br\/index.php?rest_route=%2Fwp%2Fv2%2Fmedia&parent=3541"}],"wp:term":[{"taxonomy":"product_brand","embeddable":true,"href":"https:\/\/totallubri.com.br\/index.php?rest_route=%2Fwp%2Fv2%2Fproduct_brand&post=3541"},{"taxonomy":"product_cat","embeddable":true,"href":"https:\/\/totallubri.com.br\/index.php?rest_route=%2Fwp%2Fv2%2Fproduct_cat&post=3541"},{"taxonomy":"product_tag","embeddable":true,"href":"https:\/\/totallubri.com.br\/index.php?rest_route=%2Fwp%2Fv2%2Fproduct_tag&post=3541"}],"curies":[{"name":"wp","href":"https:\/\/api.w.org\/{rel}","templated":true}]}}