{"id":3578,"date":"2017-01-03T11:33:31","date_gmt":"2017-01-03T13:33:31","guid":{"rendered":"http:\/\/totallubri.com.br\/?post_type=product&#038;p=3578"},"modified":"2024-11-20T21:30:44","modified_gmt":"2024-11-21T00:30:44","slug":"bomba-de-engrenagens-9171-sm-lupus","status":"publish","type":"product","link":"https:\/\/totallubri.com.br\/?product=bomba-de-engrenagens-9171-sm-lupus","title":{"rendered":"Bomba de Engrenagens &#8211; 9171-SM &#8211; Lupus"},"content":{"rendered":"<p>Carca\u00e7a em ferro fundido, com v\u00e1lvula by-pass e veda\u00e7\u00e3o atrav\u00e9s de selo mec\u00e2nico, para \u00f3leo diesel e lubrificante.<\/p>\n<p>Vaz\u00e3o livre <strong>60 L\/min<\/strong><br \/>\nRota\u00e7\u00e3o <strong>1.420 RPM<\/strong><br \/>\nPress\u00e3o m\u00e1xima de opera\u00e7\u00e3o\u00a0<strong>55 PSI<br \/>\n<\/strong>Entrada e sa\u00edda <strong>1&#8243;<br \/>\n<\/strong><\/p>\n","protected":false},"excerpt":{"rendered":"<p>Carca\u00e7a em ferro fundido, com v\u00e1lvula by-pass e veda\u00e7\u00e3o atrav\u00e9s de selo mec\u00e2nico, para \u00f3leo diesel e lubrificante. Vaz\u00e3o livre 60 L\/min Rota\u00e7\u00e3o 1.420 RPM Press\u00e3o m\u00e1xima de opera\u00e7\u00e3o\u00a055 PSI Entrada e sa\u00edda 1&#8243;<\/p>\n","protected":false},"featured_media":7362,"comment_status":"open","ping_status":"closed","template":"","meta":{"_exactmetrics_skip_tracking":false,"_exactmetrics_sitenote_active":false,"_exactmetrics_sitenote_note":"","_exactmetrics_sitenote_category":0},"product_brand":[],"product_cat":[95],"product_tag":[],"class_list":{"0":"post-3578","1":"product","2":"type-product","3":"status-publish","4":"has-post-thumbnail","6":"product_cat-bomba-diafragma-palhetas-e-engrenagens","8":"first","9":"instock","10":"shipping-taxable","11":"product-type-simple"},"_links":{"self":[{"href":"https:\/\/totallubri.com.br\/index.php?rest_route=\/wp\/v2\/product\/3578","targetHints":{"allow":["GET"]}}],"collection":[{"href":"https:\/\/totallubri.com.br\/index.php?rest_route=\/wp\/v2\/product"}],"about":[{"href":"https:\/\/totallubri.com.br\/index.php?rest_route=\/wp\/v2\/types\/product"}],"replies":[{"embeddable":true,"href":"https:\/\/totallubri.com.br\/index.php?rest_route=%2Fwp%2Fv2%2Fcomments&post=3578"}],"wp:featuredmedia":[{"embeddable":true,"href":"https:\/\/totallubri.com.br\/index.php?rest_route=\/wp\/v2\/media\/7362"}],"wp:attachment":[{"href":"https:\/\/totallubri.com.br\/index.php?rest_route=%2Fwp%2Fv2%2Fmedia&parent=3578"}],"wp:term":[{"taxonomy":"product_brand","embeddable":true,"href":"https:\/\/totallubri.com.br\/index.php?rest_route=%2Fwp%2Fv2%2Fproduct_brand&post=3578"},{"taxonomy":"product_cat","embeddable":true,"href":"https:\/\/totallubri.com.br\/index.php?rest_route=%2Fwp%2Fv2%2Fproduct_cat&post=3578"},{"taxonomy":"product_tag","embeddable":true,"href":"https:\/\/totallubri.com.br\/index.php?rest_route=%2Fwp%2Fv2%2Fproduct_tag&post=3578"}],"curies":[{"name":"wp","href":"https:\/\/api.w.org\/{rel}","templated":true}]}}