{"id":3582,"date":"2017-01-03T11:37:52","date_gmt":"2017-01-03T13:37:52","guid":{"rendered":"http:\/\/totallubri.com.br\/?post_type=product&#038;p=3582"},"modified":"2024-11-20T21:54:21","modified_gmt":"2024-11-21T00:54:21","slug":"bombas-de-engrenagens-9173-sm-lupus","status":"publish","type":"product","link":"https:\/\/totallubri.com.br\/?product=bombas-de-engrenagens-9173-sm-lupus","title":{"rendered":"Bombas de Engrenagens &#8211; 9173-SM &#8211; Lupus"},"content":{"rendered":"<p>Carca\u00e7a em ferro fundido, com v\u00e1lvula by-pass e veda\u00e7\u00e3o atrav\u00e9s de selo mec\u00e2nico, para \u00f3leo lubrificante e diesel.<\/p>\n<p>Vaz\u00e3o livre 2<strong>00 L\/min<\/strong><br \/>\nRota\u00e7\u00e3o <strong>1.450 RPM<\/strong><br \/>\nPress\u00e3o m\u00e1xima de opera\u00e7\u00e3o\u00a0<strong>55 PSI<br \/>\n<\/strong>Entrada e sa\u00edda <strong>2&#8243;<br \/>\n<\/strong><\/p>\n","protected":false},"excerpt":{"rendered":"<p>Carca\u00e7a em ferro fundido, com v\u00e1lvula by-pass e veda\u00e7\u00e3o atrav\u00e9s de selo mec\u00e2nico, para \u00f3leo lubrificante e diesel. Vaz\u00e3o livre 200 L\/min Rota\u00e7\u00e3o 1.450 RPM Press\u00e3o m\u00e1xima de opera\u00e7\u00e3o\u00a055 PSI Entrada e sa\u00edda 2&#8243;<\/p>\n","protected":false},"featured_media":7368,"comment_status":"open","ping_status":"closed","template":"","meta":{"_exactmetrics_skip_tracking":false,"_exactmetrics_sitenote_active":false,"_exactmetrics_sitenote_note":"","_exactmetrics_sitenote_category":0},"product_brand":[],"product_cat":[95],"product_tag":[],"class_list":{"0":"post-3582","1":"product","2":"type-product","3":"status-publish","4":"has-post-thumbnail","6":"product_cat-bomba-diafragma-palhetas-e-engrenagens","8":"first","9":"instock","10":"shipping-taxable","11":"product-type-simple"},"_links":{"self":[{"href":"https:\/\/totallubri.com.br\/index.php?rest_route=\/wp\/v2\/product\/3582","targetHints":{"allow":["GET"]}}],"collection":[{"href":"https:\/\/totallubri.com.br\/index.php?rest_route=\/wp\/v2\/product"}],"about":[{"href":"https:\/\/totallubri.com.br\/index.php?rest_route=\/wp\/v2\/types\/product"}],"replies":[{"embeddable":true,"href":"https:\/\/totallubri.com.br\/index.php?rest_route=%2Fwp%2Fv2%2Fcomments&post=3582"}],"wp:featuredmedia":[{"embeddable":true,"href":"https:\/\/totallubri.com.br\/index.php?rest_route=\/wp\/v2\/media\/7368"}],"wp:attachment":[{"href":"https:\/\/totallubri.com.br\/index.php?rest_route=%2Fwp%2Fv2%2Fmedia&parent=3582"}],"wp:term":[{"taxonomy":"product_brand","embeddable":true,"href":"https:\/\/totallubri.com.br\/index.php?rest_route=%2Fwp%2Fv2%2Fproduct_brand&post=3582"},{"taxonomy":"product_cat","embeddable":true,"href":"https:\/\/totallubri.com.br\/index.php?rest_route=%2Fwp%2Fv2%2Fproduct_cat&post=3582"},{"taxonomy":"product_tag","embeddable":true,"href":"https:\/\/totallubri.com.br\/index.php?rest_route=%2Fwp%2Fv2%2Fproduct_tag&post=3582"}],"curies":[{"name":"wp","href":"https:\/\/api.w.org\/{rel}","templated":true}]}}