{"id":3595,"date":"2017-01-03T11:54:47","date_gmt":"2017-01-03T13:54:47","guid":{"rendered":"http:\/\/totallubri.com.br\/?post_type=product&#038;p=3595"},"modified":"2024-11-20T21:27:32","modified_gmt":"2024-11-21T00:27:32","slug":"bomba-de-engrenagens-9119-24-piusi","status":"publish","type":"product","link":"https:\/\/totallubri.com.br\/?product=bomba-de-engrenagens-9119-24-piusi","title":{"rendered":"Bomba de Engrenagens &#8211; 9119-24 &#8211; Piusi"},"content":{"rendered":"<p>Em alum\u00ednio, para \u00f3leo lubrificante (SAE 90 \u00e0 45\u00b0C), com v\u00e1lvula by-pass e motor de corrente cont\u00ednua.<\/p>\n<p>Vaz\u00e3o livre\u00a0<strong>5 L\/min<\/strong><br \/>\nAlimenta\u00e7\u00e3o\u00a0<strong>24 V<br \/>\n<\/strong>Press\u00e3o m\u00e1xima de opera\u00e7\u00e3o\u00a0<strong>140 PSI<br \/>\n<\/strong>Entrada e sa\u00edda <strong>1\/2&#8243;<br \/>\n<\/strong>By-pass<strong> 3 minutos<br \/>\n<\/strong>Fator de trabalho <strong>30 minutos<br \/>\n<\/strong><br \/>\nPeso\u00a0<strong>4,9 kg<br \/>\n<\/strong>Medidas <strong>(A)\u00a0157,5 mm x (L)\u00a0261 \u00a0mm x (C) 100 mm<\/strong><\/p>\n","protected":false},"excerpt":{"rendered":"<p>Em alum\u00ednio, para \u00f3leo lubrificante (SAE 90 \u00e0 45\u00b0C), com v\u00e1lvula by-pass e motor de corrente cont\u00ednua. Vaz\u00e3o livre\u00a05 L\/min Alimenta\u00e7\u00e3o\u00a024 V Press\u00e3o m\u00e1xima de opera\u00e7\u00e3o\u00a0140 PSI Entrada e sa\u00edda 1\/2&#8243; By-pass 3 minutos Fator de trabalho 30 minutos Peso\u00a04,9 kg Medidas (A)\u00a0157,5 mm x (L)\u00a0261 \u00a0mm x (C) 100 mm<\/p>\n","protected":false},"featured_media":3596,"comment_status":"open","ping_status":"closed","template":"","meta":{"_exactmetrics_skip_tracking":false,"_exactmetrics_sitenote_active":false,"_exactmetrics_sitenote_note":"","_exactmetrics_sitenote_category":0},"product_brand":[],"product_cat":[95],"product_tag":[],"class_list":{"0":"post-3595","1":"product","2":"type-product","3":"status-publish","4":"has-post-thumbnail","6":"product_cat-bomba-diafragma-palhetas-e-engrenagens","8":"first","9":"instock","10":"shipping-taxable","11":"product-type-simple"},"_links":{"self":[{"href":"https:\/\/totallubri.com.br\/index.php?rest_route=\/wp\/v2\/product\/3595","targetHints":{"allow":["GET"]}}],"collection":[{"href":"https:\/\/totallubri.com.br\/index.php?rest_route=\/wp\/v2\/product"}],"about":[{"href":"https:\/\/totallubri.com.br\/index.php?rest_route=\/wp\/v2\/types\/product"}],"replies":[{"embeddable":true,"href":"https:\/\/totallubri.com.br\/index.php?rest_route=%2Fwp%2Fv2%2Fcomments&post=3595"}],"wp:featuredmedia":[{"embeddable":true,"href":"https:\/\/totallubri.com.br\/index.php?rest_route=\/wp\/v2\/media\/3596"}],"wp:attachment":[{"href":"https:\/\/totallubri.com.br\/index.php?rest_route=%2Fwp%2Fv2%2Fmedia&parent=3595"}],"wp:term":[{"taxonomy":"product_brand","embeddable":true,"href":"https:\/\/totallubri.com.br\/index.php?rest_route=%2Fwp%2Fv2%2Fproduct_brand&post=3595"},{"taxonomy":"product_cat","embeddable":true,"href":"https:\/\/totallubri.com.br\/index.php?rest_route=%2Fwp%2Fv2%2Fproduct_cat&post=3595"},{"taxonomy":"product_tag","embeddable":true,"href":"https:\/\/totallubri.com.br\/index.php?rest_route=%2Fwp%2Fv2%2Fproduct_tag&post=3595"}],"curies":[{"name":"wp","href":"https:\/\/api.w.org\/{rel}","templated":true}]}}