{"id":3629,"date":"2017-01-03T13:44:24","date_gmt":"2017-01-03T15:44:24","guid":{"rendered":"http:\/\/totallubri.com.br\/?post_type=product&#038;p=3629"},"modified":"2024-12-01T22:35:22","modified_gmt":"2024-12-02T01:35:22","slug":"propulsora-pneumatica-9010-os-samoa","status":"publish","type":"product","link":"https:\/\/totallubri.com.br\/?product=propulsora-pneumatica-9010-os-samoa","title":{"rendered":"Propulsora Pneum\u00e1tica &#8211; 9010-OS &#8211; Samoa"},"content":{"rendered":"<p>Em a\u00e7o, com comando de \u00f3leo com bico antigotejante, filtro regulador de ar, conjunto preparador de ar, conector para engate r\u00e1pido, mangueira e carrinho.<\/p>\n<p>Para \u00f3leo lubrificante (SAE 90 \u00e0 40\u00b0C).<\/p>\n<p>Recipiente <strong>50 L<\/strong><br \/>\nVaz\u00e3o livre <strong>50 L\/min<br \/>\n(com SAE 30 &#8211; 7 bar na entrada)<\/strong><br \/>\nRateio<strong> 3\/1<\/strong><br \/>\nEntrada de ar<br \/>\n<strong>conector para engate r\u00e1pido 1\/4&#8243;<br \/>\n<\/strong>Press\u00e3o de entrada de ar <strong>40 a 140 PSI<\/strong><br \/>\nConsumo de ar<br \/>\n<strong>5,5 pes\u00b3\/min (vaz\u00e3o livre)<br \/>\n<\/strong>Conjunto preparador de ar <strong>2050-K<\/strong><br \/>\nSa\u00edda de \u00f3leo <strong>1\/2&#8243; NPT<br \/>\n<\/strong>Press\u00e3o de sa\u00edda de \u00f3leo <strong>120 a 420 PSI<br \/>\n<\/strong>N\u00edvel de ru\u00eddo<strong> 80 dB<\/strong><br \/>\nMangueira <strong>3m\/ 1\/2&#8243;<\/strong><\/p>\n<p>Peso <strong>22 kg<br \/>\n<\/strong>Medidas <strong>(A) 1000 mm x (L) 500 mm<\/strong><\/p>\n","protected":false},"excerpt":{"rendered":"<p>Em a\u00e7o, com comando de \u00f3leo com bico antigotejante, filtro regulador de ar, conjunto preparador de ar, conector para engate r\u00e1pido, mangueira e carrinho. Para \u00f3leo lubrificante (SAE 90 \u00e0 40\u00b0C). Recipiente 50 L Vaz\u00e3o livre 50 L\/min (com SAE 30 &#8211; 7 bar na entrada) Rateio 3\/1 Entrada de ar conector para engate r\u00e1pido [&hellip;]<\/p>\n","protected":false},"featured_media":3631,"comment_status":"open","ping_status":"closed","template":"","meta":{"_exactmetrics_skip_tracking":false,"_exactmetrics_sitenote_active":false,"_exactmetrics_sitenote_note":"","_exactmetrics_sitenote_category":0},"product_brand":[],"product_cat":[110],"product_tag":[],"class_list":{"0":"post-3629","1":"product","2":"type-product","3":"status-publish","4":"has-post-thumbnail","6":"product_cat-propulsora-pneumatica-para-oleo","8":"first","9":"instock","10":"shipping-taxable","11":"product-type-simple"},"_links":{"self":[{"href":"https:\/\/totallubri.com.br\/index.php?rest_route=\/wp\/v2\/product\/3629","targetHints":{"allow":["GET"]}}],"collection":[{"href":"https:\/\/totallubri.com.br\/index.php?rest_route=\/wp\/v2\/product"}],"about":[{"href":"https:\/\/totallubri.com.br\/index.php?rest_route=\/wp\/v2\/types\/product"}],"replies":[{"embeddable":true,"href":"https:\/\/totallubri.com.br\/index.php?rest_route=%2Fwp%2Fv2%2Fcomments&post=3629"}],"wp:featuredmedia":[{"embeddable":true,"href":"https:\/\/totallubri.com.br\/index.php?rest_route=\/wp\/v2\/media\/3631"}],"wp:attachment":[{"href":"https:\/\/totallubri.com.br\/index.php?rest_route=%2Fwp%2Fv2%2Fmedia&parent=3629"}],"wp:term":[{"taxonomy":"product_brand","embeddable":true,"href":"https:\/\/totallubri.com.br\/index.php?rest_route=%2Fwp%2Fv2%2Fproduct_brand&post=3629"},{"taxonomy":"product_cat","embeddable":true,"href":"https:\/\/totallubri.com.br\/index.php?rest_route=%2Fwp%2Fv2%2Fproduct_cat&post=3629"},{"taxonomy":"product_tag","embeddable":true,"href":"https:\/\/totallubri.com.br\/index.php?rest_route=%2Fwp%2Fv2%2Fproduct_tag&post=3629"}],"curies":[{"name":"wp","href":"https:\/\/api.w.org\/{rel}","templated":true}]}}