{"id":3634,"date":"2017-01-03T13:48:45","date_gmt":"2017-01-03T15:48:45","guid":{"rendered":"http:\/\/totallubri.com.br\/?post_type=product&#038;p=3634"},"modified":"2024-12-01T22:50:39","modified_gmt":"2024-12-02T01:50:39","slug":"propulsora-pneumatica-9043-samoa","status":"publish","type":"product","link":"https:\/\/totallubri.com.br\/?product=propulsora-pneumatica-9043-samoa","title":{"rendered":"Propulsora pneum\u00e1tica \u2013 9043 \u2013 Samoa"},"content":{"rendered":"<div class=\"cont_produto\">\n<p>Em alum\u00ednio, adapt\u00e1vel a tambores de 200 L.<\/p>\n<p>Para \u00f3leo lubrificante (SAE 90 \u00e0 40\u00b0C).<\/p>\n<p>Vaz\u00e3o livre\u00a0<strong>45 L\/min<br \/>\n(com SAE 30 &#8211; 7 bar na entrada)<\/strong><br \/>\nRateio <strong>3\/1<\/strong><br \/>\nEntrada de ar<br \/>\n<strong>3\/8&#8243; BSP<br \/>\n<\/strong>Press\u00e3o de entrada de ar <strong>40 a 140 PSI<\/strong><br \/>\nConsumo de ar<br \/>\n<strong>5,5 pes\u00b3\/min (vaz\u00e3o livre)<br \/>\n<\/strong>Sa\u00edda de \u00f3leo<strong> 3\/4&#8243; BSP<br \/>\n<\/strong>Press\u00e3o de sa\u00edda de \u00f3leo\u00a0<strong>120 a 420 PSI<\/strong><br \/>\nN\u00edvel de ru\u00eddo\u00a0<strong>93 dB<br \/>\n<\/strong><br \/>\nPeso\u00a0<strong>8<\/strong>,<strong>3 kg<br \/>\n<\/strong>Medidas <strong>(A)\u00a01295 mm x (L)\u00a0120 mm<\/strong><\/p>\n<p>OBS: Acess\u00f3rios opcionais<\/p>\n<\/div>\n","protected":false},"excerpt":{"rendered":"<p>Em alum\u00ednio, adapt\u00e1vel a tambores de 200 L. Para \u00f3leo lubrificante (SAE 90 \u00e0 40\u00b0C). Vaz\u00e3o livre\u00a045 L\/min (com SAE 30 &#8211; 7 bar na entrada) Rateio 3\/1 Entrada de ar 3\/8&#8243; BSP Press\u00e3o de entrada de ar 40 a 140 PSI Consumo de ar 5,5 pes\u00b3\/min (vaz\u00e3o livre) Sa\u00edda de \u00f3leo 3\/4&#8243; BSP Press\u00e3o [&hellip;]<\/p>\n","protected":false},"featured_media":3635,"comment_status":"open","ping_status":"closed","template":"","meta":{"_exactmetrics_skip_tracking":false,"_exactmetrics_sitenote_active":false,"_exactmetrics_sitenote_note":"","_exactmetrics_sitenote_category":0},"product_brand":[],"product_cat":[110],"product_tag":[],"class_list":{"0":"post-3634","1":"product","2":"type-product","3":"status-publish","4":"has-post-thumbnail","6":"product_cat-propulsora-pneumatica-para-oleo","8":"first","9":"instock","10":"shipping-taxable","11":"product-type-simple"},"_links":{"self":[{"href":"https:\/\/totallubri.com.br\/index.php?rest_route=\/wp\/v2\/product\/3634","targetHints":{"allow":["GET"]}}],"collection":[{"href":"https:\/\/totallubri.com.br\/index.php?rest_route=\/wp\/v2\/product"}],"about":[{"href":"https:\/\/totallubri.com.br\/index.php?rest_route=\/wp\/v2\/types\/product"}],"replies":[{"embeddable":true,"href":"https:\/\/totallubri.com.br\/index.php?rest_route=%2Fwp%2Fv2%2Fcomments&post=3634"}],"wp:featuredmedia":[{"embeddable":true,"href":"https:\/\/totallubri.com.br\/index.php?rest_route=\/wp\/v2\/media\/3635"}],"wp:attachment":[{"href":"https:\/\/totallubri.com.br\/index.php?rest_route=%2Fwp%2Fv2%2Fmedia&parent=3634"}],"wp:term":[{"taxonomy":"product_brand","embeddable":true,"href":"https:\/\/totallubri.com.br\/index.php?rest_route=%2Fwp%2Fv2%2Fproduct_brand&post=3634"},{"taxonomy":"product_cat","embeddable":true,"href":"https:\/\/totallubri.com.br\/index.php?rest_route=%2Fwp%2Fv2%2Fproduct_cat&post=3634"},{"taxonomy":"product_tag","embeddable":true,"href":"https:\/\/totallubri.com.br\/index.php?rest_route=%2Fwp%2Fv2%2Fproduct_tag&post=3634"}],"curies":[{"name":"wp","href":"https:\/\/api.w.org\/{rel}","templated":true}]}}