{"id":3640,"date":"2017-01-03T13:55:07","date_gmt":"2017-01-03T15:55:07","guid":{"rendered":"http:\/\/totallubri.com.br\/?post_type=product&#038;p=3640"},"modified":"2024-12-02T10:07:41","modified_gmt":"2024-12-02T13:07:41","slug":"propulsora-pneumatica-parede-9044-p-samoa","status":"publish","type":"product","link":"https:\/\/totallubri.com.br\/?product=propulsora-pneumatica-parede-9044-p-samoa","title":{"rendered":"Propulsora pneum\u00e1tica parede &#8211; 9044-P &#8211; Samoa"},"content":{"rendered":"<p>Em alum\u00ednio, adapt\u00e1vel a parede.<\/p>\n<p>Para \u00f3leo lubrificante (SAE 250 \u00e0 40\u00b0C).<\/p>\n<p>Vaz\u00e3o livre\u00a0<strong>35 L\/min<br \/>\n(com SAE 30 &#8211; 7 bar na entrada)<\/strong><br \/>\nRateio <strong>5\/1<\/strong><br \/>\nEntrada de ar<br \/>\n<strong>3\/8&#8243; BSP<br \/>\n<\/strong>Press\u00e3o de entrada de ar <strong>40 a 140 PSI<\/strong><br \/>\nConsumo de ar<br \/>\n<strong>10,5 pes\u00b3\/min (vaz\u00e3o livre)<br \/>\n<\/strong>Entrada de \u00f3leo<strong> 1&#8243; BSP<br \/>\n<\/strong>Sa\u00edda de \u00f3leo<strong> 3\/4&#8243; BSP<br \/>\n<\/strong>Press\u00e3o de sa\u00edda de \u00f3leo\u00a0<strong>200 a 700 PSI<\/strong><br \/>\nN\u00edvel de ru\u00eddo\u00a0<strong>95 dB<br \/>\n<\/strong><br \/>\nPeso\u00a0<strong>7<\/strong><strong> kg<br \/>\n<\/strong>Medidas <strong>(A)\u00a01300 mm x (L)\u00a0120 mm<\/strong><\/p>\n<p>OBS: Acess\u00f3rios opcionais<\/p>\n","protected":false},"excerpt":{"rendered":"<p>Em alum\u00ednio, adapt\u00e1vel a parede. Para \u00f3leo lubrificante (SAE 250 \u00e0 40\u00b0C). Vaz\u00e3o livre\u00a035 L\/min (com SAE 30 &#8211; 7 bar na entrada) Rateio 5\/1 Entrada de ar 3\/8&#8243; BSP Press\u00e3o de entrada de ar 40 a 140 PSI Consumo de ar 10,5 pes\u00b3\/min (vaz\u00e3o livre) Entrada de \u00f3leo 1&#8243; BSP Sa\u00edda de \u00f3leo 3\/4&#8243; [&hellip;]<\/p>\n","protected":false},"featured_media":3641,"comment_status":"open","ping_status":"closed","template":"","meta":{"_exactmetrics_skip_tracking":false,"_exactmetrics_sitenote_active":false,"_exactmetrics_sitenote_note":"","_exactmetrics_sitenote_category":0},"product_brand":[],"product_cat":[110],"product_tag":[],"class_list":{"0":"post-3640","1":"product","2":"type-product","3":"status-publish","4":"has-post-thumbnail","6":"product_cat-propulsora-pneumatica-para-oleo","8":"first","9":"instock","10":"shipping-taxable","11":"product-type-simple"},"_links":{"self":[{"href":"https:\/\/totallubri.com.br\/index.php?rest_route=\/wp\/v2\/product\/3640","targetHints":{"allow":["GET"]}}],"collection":[{"href":"https:\/\/totallubri.com.br\/index.php?rest_route=\/wp\/v2\/product"}],"about":[{"href":"https:\/\/totallubri.com.br\/index.php?rest_route=\/wp\/v2\/types\/product"}],"replies":[{"embeddable":true,"href":"https:\/\/totallubri.com.br\/index.php?rest_route=%2Fwp%2Fv2%2Fcomments&post=3640"}],"wp:featuredmedia":[{"embeddable":true,"href":"https:\/\/totallubri.com.br\/index.php?rest_route=\/wp\/v2\/media\/3641"}],"wp:attachment":[{"href":"https:\/\/totallubri.com.br\/index.php?rest_route=%2Fwp%2Fv2%2Fmedia&parent=3640"}],"wp:term":[{"taxonomy":"product_brand","embeddable":true,"href":"https:\/\/totallubri.com.br\/index.php?rest_route=%2Fwp%2Fv2%2Fproduct_brand&post=3640"},{"taxonomy":"product_cat","embeddable":true,"href":"https:\/\/totallubri.com.br\/index.php?rest_route=%2Fwp%2Fv2%2Fproduct_cat&post=3640"},{"taxonomy":"product_tag","embeddable":true,"href":"https:\/\/totallubri.com.br\/index.php?rest_route=%2Fwp%2Fv2%2Fproduct_tag&post=3640"}],"curies":[{"name":"wp","href":"https:\/\/api.w.org\/{rel}","templated":true}]}}