{"id":3652,"date":"2017-01-03T14:08:29","date_gmt":"2017-01-03T16:08:29","guid":{"rendered":"http:\/\/totallubri.com.br\/?post_type=product&#038;p=3652"},"modified":"2024-12-02T09:35:20","modified_gmt":"2024-12-02T12:35:20","slug":"propulsora-pneumatica-de-alta-vazao-9046-samoa","status":"publish","type":"product","link":"https:\/\/totallubri.com.br\/?product=propulsora-pneumatica-de-alta-vazao-9046-samoa","title":{"rendered":"Propulsora pneum\u00e1tica de alta vaz\u00e3o \u2013 9046 \u2013 Samoa"},"content":{"rendered":"<p>Em\u00a0de alta vaz\u00e3o, em alum\u00ednio, adapt\u00e1vel \u00e0 parede.<\/p>\n<p>Para aplica\u00e7\u00f5es industriais especiais (SAE 250 \u00e0 40\u00b0C).<\/p>\n<p>Com tubo de suc\u00e7\u00e3o e motor pneum\u00e1tico de alum\u00ednio com cilindros em alum\u00ednio anodizado, com apenas 03 partes m\u00f3veis, aus\u00eancia de molas, o que reduz as falhas, o consumo de ar comprimido e de energia.<\/p>\n<p>Baixo n\u00edvel de ru\u00eddo, de acordo com as prescri\u00e7\u00f5es normativas OSHA, em todas as press\u00f5es de opera\u00e7\u00e3o.<\/p>\n<p>Vaz\u00e3o livre\u00a0<strong>100 L\/min<br \/>\n(com SAE 30 &#8211; 7 bar na entrada)<\/strong><br \/>\nRateio <strong>3\/1<\/strong><br \/>\nEntrada de ar<br \/>\n<strong>3\/4&#8243; BSP<br \/>\n<\/strong>Press\u00e3o de entrada de ar\u00a0<strong>22 a 180 PSI<\/strong><br \/>\nConsumo de ar<br \/>\n<strong>Consultar curvas de capacidade (PxQ) com o Dep. T\u00e9cnico Lupus<br \/>\n<\/strong>Entrada de \u00f3leo<strong> 1 1\/2&#8243; BSP<\/strong><br \/>\nSa\u00edda de \u00f3leo<strong> 3\/4&#8243; BSP<br \/>\n<\/strong>Press\u00e3o de sa\u00edda de \u00f3leo\u00a0<strong>66 a 540 PSI<\/strong><br \/>\nN\u00edvel de ru\u00eddo\u00a0<strong>80 dB a 1 m<br \/>\n<\/strong><br \/>\nPeso\u00a0<strong>16 <\/strong><strong>kg<br \/>\n<\/strong>Medidas <strong>(A)\u00a0546 mm x (L)\u00a0115 mm<\/strong><\/p>\n<p>OBS: Pode se adaptado exaustor remoto no lugar do eliminador de ru\u00eddo, atrav\u00e9s de uma mangueira apropriada.<\/p>\n","protected":false},"excerpt":{"rendered":"<p>Em\u00a0de alta vaz\u00e3o, em alum\u00ednio, adapt\u00e1vel \u00e0 parede. Para aplica\u00e7\u00f5es industriais especiais (SAE 250 \u00e0 40\u00b0C). Com tubo de suc\u00e7\u00e3o e motor pneum\u00e1tico de alum\u00ednio com cilindros em alum\u00ednio anodizado, com apenas 03 partes m\u00f3veis, aus\u00eancia de molas, o que reduz as falhas, o consumo de ar comprimido e de energia. Baixo n\u00edvel de ru\u00eddo, [&hellip;]<\/p>\n","protected":false},"featured_media":3653,"comment_status":"open","ping_status":"closed","template":"","meta":{"_exactmetrics_skip_tracking":false,"_exactmetrics_sitenote_active":false,"_exactmetrics_sitenote_note":"","_exactmetrics_sitenote_category":0},"product_brand":[],"product_cat":[112],"product_tag":[],"class_list":{"0":"post-3652","1":"product","2":"type-product","3":"status-publish","4":"has-post-thumbnail","6":"product_cat-propulsoras-especiais-e-alta-vazao-suportes-e-acessorios-para-propulsoras","8":"first","9":"instock","10":"shipping-taxable","11":"product-type-simple"},"_links":{"self":[{"href":"https:\/\/totallubri.com.br\/index.php?rest_route=\/wp\/v2\/product\/3652","targetHints":{"allow":["GET"]}}],"collection":[{"href":"https:\/\/totallubri.com.br\/index.php?rest_route=\/wp\/v2\/product"}],"about":[{"href":"https:\/\/totallubri.com.br\/index.php?rest_route=\/wp\/v2\/types\/product"}],"replies":[{"embeddable":true,"href":"https:\/\/totallubri.com.br\/index.php?rest_route=%2Fwp%2Fv2%2Fcomments&post=3652"}],"wp:featuredmedia":[{"embeddable":true,"href":"https:\/\/totallubri.com.br\/index.php?rest_route=\/wp\/v2\/media\/3653"}],"wp:attachment":[{"href":"https:\/\/totallubri.com.br\/index.php?rest_route=%2Fwp%2Fv2%2Fmedia&parent=3652"}],"wp:term":[{"taxonomy":"product_brand","embeddable":true,"href":"https:\/\/totallubri.com.br\/index.php?rest_route=%2Fwp%2Fv2%2Fproduct_brand&post=3652"},{"taxonomy":"product_cat","embeddable":true,"href":"https:\/\/totallubri.com.br\/index.php?rest_route=%2Fwp%2Fv2%2Fproduct_cat&post=3652"},{"taxonomy":"product_tag","embeddable":true,"href":"https:\/\/totallubri.com.br\/index.php?rest_route=%2Fwp%2Fv2%2Fproduct_tag&post=3652"}],"curies":[{"name":"wp","href":"https:\/\/api.w.org\/{rel}","templated":true}]}}