{"id":3665,"date":"2017-01-03T14:24:02","date_gmt":"2017-01-03T16:24:02","guid":{"rendered":"http:\/\/totallubri.com.br\/?post_type=product&#038;p=3665"},"modified":"2024-12-03T17:16:42","modified_gmt":"2024-12-03T20:16:42","slug":"unidade-de-transferencia-e-abastecimento-9121p-05-piusi","status":"publish","type":"product","link":"https:\/\/totallubri.com.br\/?product=unidade-de-transferencia-e-abastecimento-9121p-05-piusi","title":{"rendered":"Unidade de Transfer\u00eancia e Abastecimento &#8211; 9121P-05 &#8211; Piusi"},"content":{"rendered":"<p>Adapt\u00e1vel a tambores de 200 L, com comando de \u00f3leo, gatilho e mangueiras.<\/p>\n<p>Bomba <strong>autoaspirante de palhetas v\u00e1lvula by-pass<\/strong><br \/>\nVaz\u00e3o livre <strong>5 L\/min<\/strong>\u00a0\u00a0\u00a0\u00a0 Alimenta\u00e7\u00e3o<strong> 12 V<\/strong><br \/>\nMangueira <strong>4m\/ 1\/2&#8243;<br \/>\n<\/strong>Mangueira de suc\u00e7\u00e3o <strong>1,5 m \/ PVC<\/strong><\/p>\n<p>Peso <strong>6 kg<\/strong><\/p>\n","protected":false},"excerpt":{"rendered":"<p>Adapt\u00e1vel a tambores de 200 L, com comando de \u00f3leo, gatilho e mangueiras. Bomba autoaspirante de palhetas v\u00e1lvula by-pass Vaz\u00e3o livre 5 L\/min\u00a0\u00a0\u00a0\u00a0 Alimenta\u00e7\u00e3o 12 V Mangueira 4m\/ 1\/2&#8243; Mangueira de suc\u00e7\u00e3o 1,5 m \/ PVC Peso 6 kg<\/p>\n","protected":false},"featured_media":3667,"comment_status":"open","ping_status":"closed","template":"","meta":{"_exactmetrics_skip_tracking":false,"_exactmetrics_sitenote_active":false,"_exactmetrics_sitenote_note":"","_exactmetrics_sitenote_category":0},"product_brand":[],"product_cat":[114],"product_tag":[],"class_list":{"0":"post-3665","1":"product","2":"type-product","3":"status-publish","4":"has-post-thumbnail","6":"product_cat-solucoes-para-abastecimento","8":"first","9":"instock","10":"shipping-taxable","11":"product-type-simple"},"_links":{"self":[{"href":"https:\/\/totallubri.com.br\/index.php?rest_route=\/wp\/v2\/product\/3665","targetHints":{"allow":["GET"]}}],"collection":[{"href":"https:\/\/totallubri.com.br\/index.php?rest_route=\/wp\/v2\/product"}],"about":[{"href":"https:\/\/totallubri.com.br\/index.php?rest_route=\/wp\/v2\/types\/product"}],"replies":[{"embeddable":true,"href":"https:\/\/totallubri.com.br\/index.php?rest_route=%2Fwp%2Fv2%2Fcomments&post=3665"}],"wp:featuredmedia":[{"embeddable":true,"href":"https:\/\/totallubri.com.br\/index.php?rest_route=\/wp\/v2\/media\/3667"}],"wp:attachment":[{"href":"https:\/\/totallubri.com.br\/index.php?rest_route=%2Fwp%2Fv2%2Fmedia&parent=3665"}],"wp:term":[{"taxonomy":"product_brand","embeddable":true,"href":"https:\/\/totallubri.com.br\/index.php?rest_route=%2Fwp%2Fv2%2Fproduct_brand&post=3665"},{"taxonomy":"product_cat","embeddable":true,"href":"https:\/\/totallubri.com.br\/index.php?rest_route=%2Fwp%2Fv2%2Fproduct_cat&post=3665"},{"taxonomy":"product_tag","embeddable":true,"href":"https:\/\/totallubri.com.br\/index.php?rest_route=%2Fwp%2Fv2%2Fproduct_tag&post=3665"}],"curies":[{"name":"wp","href":"https:\/\/api.w.org\/{rel}","templated":true}]}}