{"id":3675,"date":"2017-01-03T14:28:08","date_gmt":"2017-01-03T16:28:08","guid":{"rendered":"http:\/\/totallubri.com.br\/?post_type=product&#038;p=3675"},"modified":"2024-12-05T16:28:56","modified_gmt":"2024-12-05T19:28:56","slug":"unidade-de-transferencia-9123-m-lupus","status":"publish","type":"product","link":"https:\/\/totallubri.com.br\/?product=unidade-de-transferencia-9123-m-lupus","title":{"rendered":"Unidade de Transfer\u00eancia \u2013 9123-M \u2013 Lupus"},"content":{"rendered":"<p><span style=\"font-family: arial, helvetica, sans-serif; font-size: small;\">Em a\u00e7o, com carrinho com rodas.<\/span><\/p>\n<p>Bomba <strong>engrenagens<br \/>\n<\/strong>Vaz\u00e3o livre\u00a0<strong>30 L\/min<\/strong><br \/>\nAlimenta\u00e7\u00e3o<strong> trif\u00e1sica 380 V<br \/>\n<\/strong>Motor <strong>1,5 CV<br \/>\n<\/strong>Conex\u00f5es<strong> 1&#8243;<br \/>\n<\/strong><span style=\"font-family: arial, helvetica, sans-serif;\"><span style=\"font-size: small;\">Cabo el\u00e9trico\u00a0<strong>20 m <\/strong><\/span><\/span><\/p>\n<p>Peso\u00a0<strong>90 kg<br \/>\n<\/strong>Medidas <strong>(A) 940 mm x (L) 750 mm x (C) 450 mm<\/strong><\/p>\n","protected":false},"excerpt":{"rendered":"<p>Em a\u00e7o, com carrinho com rodas. Bomba engrenagens Vaz\u00e3o livre\u00a030 L\/min Alimenta\u00e7\u00e3o trif\u00e1sica 380 V Motor 1,5 CV Conex\u00f5es 1&#8243; Cabo el\u00e9trico\u00a020 m Peso\u00a090 kg Medidas (A) 940 mm x (L) 750 mm x (C) 450 mm<\/p>\n","protected":false},"featured_media":3677,"comment_status":"open","ping_status":"closed","template":"","meta":{"_exactmetrics_skip_tracking":false,"_exactmetrics_sitenote_active":false,"_exactmetrics_sitenote_note":"","_exactmetrics_sitenote_category":0},"product_brand":[],"product_cat":[114],"product_tag":[],"class_list":{"0":"post-3675","1":"product","2":"type-product","3":"status-publish","4":"has-post-thumbnail","6":"product_cat-solucoes-para-abastecimento","8":"first","9":"instock","10":"shipping-taxable","11":"product-type-simple"},"_links":{"self":[{"href":"https:\/\/totallubri.com.br\/index.php?rest_route=\/wp\/v2\/product\/3675","targetHints":{"allow":["GET"]}}],"collection":[{"href":"https:\/\/totallubri.com.br\/index.php?rest_route=\/wp\/v2\/product"}],"about":[{"href":"https:\/\/totallubri.com.br\/index.php?rest_route=\/wp\/v2\/types\/product"}],"replies":[{"embeddable":true,"href":"https:\/\/totallubri.com.br\/index.php?rest_route=%2Fwp%2Fv2%2Fcomments&post=3675"}],"wp:featuredmedia":[{"embeddable":true,"href":"https:\/\/totallubri.com.br\/index.php?rest_route=\/wp\/v2\/media\/3677"}],"wp:attachment":[{"href":"https:\/\/totallubri.com.br\/index.php?rest_route=%2Fwp%2Fv2%2Fmedia&parent=3675"}],"wp:term":[{"taxonomy":"product_brand","embeddable":true,"href":"https:\/\/totallubri.com.br\/index.php?rest_route=%2Fwp%2Fv2%2Fproduct_brand&post=3675"},{"taxonomy":"product_cat","embeddable":true,"href":"https:\/\/totallubri.com.br\/index.php?rest_route=%2Fwp%2Fv2%2Fproduct_cat&post=3675"},{"taxonomy":"product_tag","embeddable":true,"href":"https:\/\/totallubri.com.br\/index.php?rest_route=%2Fwp%2Fv2%2Fproduct_tag&post=3675"}],"curies":[{"name":"wp","href":"https:\/\/api.w.org\/{rel}","templated":true}]}}