{"id":3691,"date":"2017-01-03T14:42:23","date_gmt":"2017-01-03T16:42:23","guid":{"rendered":"http:\/\/totallubri.com.br\/?post_type=product&#038;p=3691"},"modified":"2024-12-02T16:47:04","modified_gmt":"2024-12-02T19:47:04","slug":"reservatorio-ibc-9300-cont-lupus","status":"publish","type":"product","link":"https:\/\/totallubri.com.br\/?product=reservatorio-ibc-9300-cont-lupus","title":{"rendered":"Reservat\u00f3rio IBC &#8211; 9300-CONT &#8211; Lupus"},"content":{"rendered":"<p>Reservat\u00f3rio em polietileno e porta-palete em a\u00e7o (IBC), com gradua\u00e7\u00e3o e tampa roscada.<\/p>\n<p>Capacidade <strong>1.000 L<br \/>\n<\/strong>Tampa roscada <strong>6&#8243; \/\u00a0 com adaptador para tubo ou registro com rosca 2&#8243;<\/strong><\/p>\n<p>Peso <strong>21 kg<\/strong><br \/>\nMedidas<strong> (A) 1165 mm x (L) 1000 mm x (C) 1210 mm<\/strong><\/p>\n","protected":false},"excerpt":{"rendered":"<p>Reservat\u00f3rio em polietileno e porta-palete em a\u00e7o (IBC), com gradua\u00e7\u00e3o e tampa roscada. Capacidade 1.000 L Tampa roscada 6&#8243; \/\u00a0 com adaptador para tubo ou registro com rosca 2&#8243; Peso 21 kg Medidas (A) 1165 mm x (L) 1000 mm x (C) 1210 mm<\/p>\n","protected":false},"featured_media":3692,"comment_status":"open","ping_status":"closed","template":"","meta":{"_exactmetrics_skip_tracking":false,"_exactmetrics_sitenote_active":false,"_exactmetrics_sitenote_note":"","_exactmetrics_sitenote_category":0},"product_brand":[],"product_cat":[113],"product_tag":[],"class_list":{"0":"post-3691","1":"product","2":"type-product","3":"status-publish","4":"has-post-thumbnail","6":"product_cat-reservatorio-ibc-e-sistema-de-armazenamento","8":"first","9":"instock","10":"shipping-taxable","11":"product-type-simple"},"_links":{"self":[{"href":"https:\/\/totallubri.com.br\/index.php?rest_route=\/wp\/v2\/product\/3691","targetHints":{"allow":["GET"]}}],"collection":[{"href":"https:\/\/totallubri.com.br\/index.php?rest_route=\/wp\/v2\/product"}],"about":[{"href":"https:\/\/totallubri.com.br\/index.php?rest_route=\/wp\/v2\/types\/product"}],"replies":[{"embeddable":true,"href":"https:\/\/totallubri.com.br\/index.php?rest_route=%2Fwp%2Fv2%2Fcomments&post=3691"}],"wp:featuredmedia":[{"embeddable":true,"href":"https:\/\/totallubri.com.br\/index.php?rest_route=\/wp\/v2\/media\/3692"}],"wp:attachment":[{"href":"https:\/\/totallubri.com.br\/index.php?rest_route=%2Fwp%2Fv2%2Fmedia&parent=3691"}],"wp:term":[{"taxonomy":"product_brand","embeddable":true,"href":"https:\/\/totallubri.com.br\/index.php?rest_route=%2Fwp%2Fv2%2Fproduct_brand&post=3691"},{"taxonomy":"product_cat","embeddable":true,"href":"https:\/\/totallubri.com.br\/index.php?rest_route=%2Fwp%2Fv2%2Fproduct_cat&post=3691"},{"taxonomy":"product_tag","embeddable":true,"href":"https:\/\/totallubri.com.br\/index.php?rest_route=%2Fwp%2Fv2%2Fproduct_tag&post=3691"}],"curies":[{"name":"wp","href":"https:\/\/api.w.org\/{rel}","templated":true}]}}