{"id":3693,"date":"2017-01-03T14:44:45","date_gmt":"2017-01-03T16:44:45","guid":{"rendered":"http:\/\/totallubri.com.br\/?post_type=product&#038;p=3693"},"modified":"2024-12-02T16:24:05","modified_gmt":"2024-12-02T19:24:05","slug":"reservatorio-cilindrico-9303-lupus","status":"publish","type":"product","link":"https:\/\/totallubri.com.br\/?product=reservatorio-cilindrico-9303-lupus","title":{"rendered":"Reservat\u00f3rio Cil\u00edndrico \u2013 9303 \u2013 Lupus"},"content":{"rendered":"<p>Reservat\u00f3rio em polietileno, cil\u00edndrico, com tampa rosqueada e fundo plano.<\/p>\n<p>Capacidade <strong>300 L<\/strong><br \/>\nTampa roscada <strong>6&#8243;<\/strong><br \/>\nSa\u00edda Inferior <strong>1&#8243; \/ dente de serra<\/strong><\/p>\n<p>Peso <strong>10 kg<\/strong><br \/>\nMedidas <strong>(A) 1100 mm x 680 mm<\/strong><\/p>\n","protected":false},"excerpt":{"rendered":"<p>Reservat\u00f3rio em polietileno, cil\u00edndrico, com tampa rosqueada e fundo plano. Capacidade 300 L Tampa roscada 6&#8243; Sa\u00edda Inferior 1&#8243; \/ dente de serra Peso 10 kg Medidas (A) 1100 mm x 680 mm<\/p>\n","protected":false},"featured_media":3696,"comment_status":"open","ping_status":"closed","template":"","meta":{"_exactmetrics_skip_tracking":false,"_exactmetrics_sitenote_active":false,"_exactmetrics_sitenote_note":"","_exactmetrics_sitenote_category":0},"product_brand":[],"product_cat":[113],"product_tag":[],"class_list":{"0":"post-3693","1":"product","2":"type-product","3":"status-publish","4":"has-post-thumbnail","6":"product_cat-reservatorio-ibc-e-sistema-de-armazenamento","8":"first","9":"instock","10":"shipping-taxable","11":"product-type-simple"},"_links":{"self":[{"href":"https:\/\/totallubri.com.br\/index.php?rest_route=\/wp\/v2\/product\/3693","targetHints":{"allow":["GET"]}}],"collection":[{"href":"https:\/\/totallubri.com.br\/index.php?rest_route=\/wp\/v2\/product"}],"about":[{"href":"https:\/\/totallubri.com.br\/index.php?rest_route=\/wp\/v2\/types\/product"}],"replies":[{"embeddable":true,"href":"https:\/\/totallubri.com.br\/index.php?rest_route=%2Fwp%2Fv2%2Fcomments&post=3693"}],"wp:featuredmedia":[{"embeddable":true,"href":"https:\/\/totallubri.com.br\/index.php?rest_route=\/wp\/v2\/media\/3696"}],"wp:attachment":[{"href":"https:\/\/totallubri.com.br\/index.php?rest_route=%2Fwp%2Fv2%2Fmedia&parent=3693"}],"wp:term":[{"taxonomy":"product_brand","embeddable":true,"href":"https:\/\/totallubri.com.br\/index.php?rest_route=%2Fwp%2Fv2%2Fproduct_brand&post=3693"},{"taxonomy":"product_cat","embeddable":true,"href":"https:\/\/totallubri.com.br\/index.php?rest_route=%2Fwp%2Fv2%2Fproduct_cat&post=3693"},{"taxonomy":"product_tag","embeddable":true,"href":"https:\/\/totallubri.com.br\/index.php?rest_route=%2Fwp%2Fv2%2Fproduct_tag&post=3693"}],"curies":[{"name":"wp","href":"https:\/\/api.w.org\/{rel}","templated":true}]}}