{"id":3712,"date":"2017-01-03T14:56:35","date_gmt":"2017-01-03T16:56:35","guid":{"rendered":"http:\/\/totallubri.com.br\/?post_type=product&#038;p=3712"},"modified":"2024-12-02T16:53:13","modified_gmt":"2024-12-02T19:53:13","slug":"reservatorio-vertical-9310-lupus","status":"publish","type":"product","link":"https:\/\/totallubri.com.br\/?product=reservatorio-vertical-9310-lupus","title":{"rendered":"Reservat\u00f3rio Vertical &#8211; 9310 &#8211; Lupus"},"content":{"rendered":"<p>Reservat\u00f3rio em polietileno, cil\u00edndrico,\u00a0vertical fundo plano fechado, com tampa sobreposta parafusada, escala graduada adesiva e cor natural transl\u00facido.<\/p>\n<p>Capacidade <strong>15.000 L<\/strong><br \/>\nBoca de visita<strong>\u00a0\u00a0\u00a06&#8243;<br \/>\n<\/strong><br \/>\nPeso\u00a0<strong>350 kg<\/strong><br \/>\nMedidas <strong>(A)\u00a02286 mm x\u00a02708 mm<\/strong><\/p>\n","protected":false},"excerpt":{"rendered":"<p>Reservat\u00f3rio em polietileno, cil\u00edndrico,\u00a0vertical fundo plano fechado, com tampa sobreposta parafusada, escala graduada adesiva e cor natural transl\u00facido. Capacidade 15.000 L Boca de visita\u00a0\u00a0\u00a06&#8243; Peso\u00a0350 kg Medidas (A)\u00a02286 mm x\u00a02708 mm<\/p>\n","protected":false},"featured_media":3713,"comment_status":"open","ping_status":"closed","template":"","meta":{"_exactmetrics_skip_tracking":false,"_exactmetrics_sitenote_active":false,"_exactmetrics_sitenote_note":"","_exactmetrics_sitenote_category":0},"product_brand":[],"product_cat":[113],"product_tag":[],"class_list":{"0":"post-3712","1":"product","2":"type-product","3":"status-publish","4":"has-post-thumbnail","6":"product_cat-reservatorio-ibc-e-sistema-de-armazenamento","8":"first","9":"instock","10":"shipping-taxable","11":"product-type-simple"},"_links":{"self":[{"href":"https:\/\/totallubri.com.br\/index.php?rest_route=\/wp\/v2\/product\/3712","targetHints":{"allow":["GET"]}}],"collection":[{"href":"https:\/\/totallubri.com.br\/index.php?rest_route=\/wp\/v2\/product"}],"about":[{"href":"https:\/\/totallubri.com.br\/index.php?rest_route=\/wp\/v2\/types\/product"}],"replies":[{"embeddable":true,"href":"https:\/\/totallubri.com.br\/index.php?rest_route=%2Fwp%2Fv2%2Fcomments&post=3712"}],"wp:featuredmedia":[{"embeddable":true,"href":"https:\/\/totallubri.com.br\/index.php?rest_route=\/wp\/v2\/media\/3713"}],"wp:attachment":[{"href":"https:\/\/totallubri.com.br\/index.php?rest_route=%2Fwp%2Fv2%2Fmedia&parent=3712"}],"wp:term":[{"taxonomy":"product_brand","embeddable":true,"href":"https:\/\/totallubri.com.br\/index.php?rest_route=%2Fwp%2Fv2%2Fproduct_brand&post=3712"},{"taxonomy":"product_cat","embeddable":true,"href":"https:\/\/totallubri.com.br\/index.php?rest_route=%2Fwp%2Fv2%2Fproduct_cat&post=3712"},{"taxonomy":"product_tag","embeddable":true,"href":"https:\/\/totallubri.com.br\/index.php?rest_route=%2Fwp%2Fv2%2Fproduct_tag&post=3712"}],"curies":[{"name":"wp","href":"https:\/\/api.w.org\/{rel}","templated":true}]}}