{"id":3720,"date":"2017-01-03T15:19:28","date_gmt":"2017-01-03T17:19:28","guid":{"rendered":"http:\/\/totallubri.com.br\/?post_type=product&#038;p=3720"},"modified":"2024-12-09T12:35:21","modified_gmt":"2024-12-09T15:35:21","slug":"unidade-movel-eletrica-9100-p-piusi","status":"publish","type":"product","link":"https:\/\/totallubri.com.br\/?product=unidade-movel-eletrica-9100-p-piusi","title":{"rendered":"Unidade M\u00f3vel El\u00e9trica &#8211; 9100-P &#8211; Piusi"},"content":{"rendered":"<p>Em a\u00e7o, para \u00f3leo lubrificante (SAE 90 \u00e0 40\u00b0C), para tambores de 200 L, com carrinho com rodas pneum\u00e1ticas, bomba el\u00e9trica, medidor, mangueira e tubo de suc\u00e7\u00e3o.<\/p>\n<p>Vaz\u00e3o livre <strong>25 L\/min<br \/>\n<\/strong>Alimenta\u00e7\u00e3o <strong>220 V<\/strong><br \/>\nMedidor<strong> digital\/ program\u00e1vel 2100-DP\/ gatilho\/ bico antigotejante<br \/>\n<\/strong>Mangueira <strong>10 m\/ 1\/2&#8243;<br \/>\n<\/strong>By-pass <strong>3 minutos<br \/>\n<\/strong><br \/>\nPeso <strong>64,5 kg<\/strong><br \/>\nMedidas <strong>(A) 1005 mm x (L) 875 mm<\/strong><\/p>\n<p>OBS: Tambor n\u00e3o acompanha o produto<\/p>\n<p><strong>OPCIONAL 9100-PM<\/strong><br \/>\nCarrinho com rodas maci\u00e7as<\/p>\n","protected":false},"excerpt":{"rendered":"<p>Em a\u00e7o, para \u00f3leo lubrificante (SAE 90 \u00e0 40\u00b0C), para tambores de 200 L, com carrinho com rodas pneum\u00e1ticas, bomba el\u00e9trica, medidor, mangueira e tubo de suc\u00e7\u00e3o. Vaz\u00e3o livre 25 L\/min Alimenta\u00e7\u00e3o 220 V Medidor digital\/ program\u00e1vel 2100-DP\/ gatilho\/ bico antigotejante Mangueira 10 m\/ 1\/2&#8243; By-pass 3 minutos Peso 64,5 kg Medidas (A) 1005 mm [&hellip;]<\/p>\n","protected":false},"featured_media":3721,"comment_status":"open","ping_status":"closed","template":"","meta":{"_exactmetrics_skip_tracking":false,"_exactmetrics_sitenote_active":false,"_exactmetrics_sitenote_note":"","_exactmetrics_sitenote_category":0},"product_brand":[],"product_cat":[116],"product_tag":[],"class_list":{"0":"post-3720","1":"product","2":"type-product","3":"status-publish","4":"has-post-thumbnail","6":"product_cat-unidade-movel","8":"first","9":"instock","10":"shipping-taxable","11":"product-type-simple"},"_links":{"self":[{"href":"https:\/\/totallubri.com.br\/index.php?rest_route=\/wp\/v2\/product\/3720","targetHints":{"allow":["GET"]}}],"collection":[{"href":"https:\/\/totallubri.com.br\/index.php?rest_route=\/wp\/v2\/product"}],"about":[{"href":"https:\/\/totallubri.com.br\/index.php?rest_route=\/wp\/v2\/types\/product"}],"replies":[{"embeddable":true,"href":"https:\/\/totallubri.com.br\/index.php?rest_route=%2Fwp%2Fv2%2Fcomments&post=3720"}],"wp:featuredmedia":[{"embeddable":true,"href":"https:\/\/totallubri.com.br\/index.php?rest_route=\/wp\/v2\/media\/3721"}],"wp:attachment":[{"href":"https:\/\/totallubri.com.br\/index.php?rest_route=%2Fwp%2Fv2%2Fmedia&parent=3720"}],"wp:term":[{"taxonomy":"product_brand","embeddable":true,"href":"https:\/\/totallubri.com.br\/index.php?rest_route=%2Fwp%2Fv2%2Fproduct_brand&post=3720"},{"taxonomy":"product_cat","embeddable":true,"href":"https:\/\/totallubri.com.br\/index.php?rest_route=%2Fwp%2Fv2%2Fproduct_cat&post=3720"},{"taxonomy":"product_tag","embeddable":true,"href":"https:\/\/totallubri.com.br\/index.php?rest_route=%2Fwp%2Fv2%2Fproduct_tag&post=3720"}],"curies":[{"name":"wp","href":"https:\/\/api.w.org\/{rel}","templated":true}]}}