{"id":3744,"date":"2017-01-03T16:11:21","date_gmt":"2017-01-03T18:11:21","guid":{"rendered":"http:\/\/totallubri.com.br\/?post_type=product&#038;p=3744"},"modified":"2024-12-09T13:08:35","modified_gmt":"2024-12-09T16:08:35","slug":"unidade-movel-pneumatica-9102-dm-samoa","status":"publish","type":"product","link":"https:\/\/totallubri.com.br\/?product=unidade-movel-pneumatica-9102-dm-samoa","title":{"rendered":"Unidade M\u00f3vel Pneum\u00e1tica &#8211; 9102-DM &#8211; Samoa"},"content":{"rendered":"<p>Mesma configura\u00e7\u00e3o do modelo 9102-D alterando o carrinho para 3048 &#8211; Unidade m\u00f3vel com roda dianteira girat\u00f3ria e rodas traseiras maci\u00e7as<\/p>\n<p>Peso:65 kg<\/p>\n<p>Medidas:(A) 1005 mm x (L) 875 mm<\/p>\n<p>Obs: Tambor n\u00e3o acompanha o produto<\/p>\n","protected":false},"excerpt":{"rendered":"<p>Mesma configura\u00e7\u00e3o do modelo 9102-D alterando o carrinho para 3048 &#8211; Unidade m\u00f3vel com roda dianteira girat\u00f3ria e rodas traseiras maci\u00e7as Peso:65 kg Medidas:(A) 1005 mm x (L) 875 mm Obs: Tambor n\u00e3o acompanha o produto<\/p>\n","protected":false},"featured_media":3745,"comment_status":"open","ping_status":"closed","template":"","meta":{"_exactmetrics_skip_tracking":false,"_exactmetrics_sitenote_active":false,"_exactmetrics_sitenote_note":"","_exactmetrics_sitenote_category":0},"product_brand":[],"product_cat":[116],"product_tag":[],"class_list":{"0":"post-3744","1":"product","2":"type-product","3":"status-publish","4":"has-post-thumbnail","6":"product_cat-unidade-movel","8":"first","9":"instock","10":"shipping-taxable","11":"product-type-simple"},"_links":{"self":[{"href":"https:\/\/totallubri.com.br\/index.php?rest_route=\/wp\/v2\/product\/3744","targetHints":{"allow":["GET"]}}],"collection":[{"href":"https:\/\/totallubri.com.br\/index.php?rest_route=\/wp\/v2\/product"}],"about":[{"href":"https:\/\/totallubri.com.br\/index.php?rest_route=\/wp\/v2\/types\/product"}],"replies":[{"embeddable":true,"href":"https:\/\/totallubri.com.br\/index.php?rest_route=%2Fwp%2Fv2%2Fcomments&post=3744"}],"wp:featuredmedia":[{"embeddable":true,"href":"https:\/\/totallubri.com.br\/index.php?rest_route=\/wp\/v2\/media\/3745"}],"wp:attachment":[{"href":"https:\/\/totallubri.com.br\/index.php?rest_route=%2Fwp%2Fv2%2Fmedia&parent=3744"}],"wp:term":[{"taxonomy":"product_brand","embeddable":true,"href":"https:\/\/totallubri.com.br\/index.php?rest_route=%2Fwp%2Fv2%2Fproduct_brand&post=3744"},{"taxonomy":"product_cat","embeddable":true,"href":"https:\/\/totallubri.com.br\/index.php?rest_route=%2Fwp%2Fv2%2Fproduct_cat&post=3744"},{"taxonomy":"product_tag","embeddable":true,"href":"https:\/\/totallubri.com.br\/index.php?rest_route=%2Fwp%2Fv2%2Fproduct_tag&post=3744"}],"curies":[{"name":"wp","href":"https:\/\/api.w.org\/{rel}","templated":true}]}}