{"id":3746,"date":"2017-01-03T16:13:43","date_gmt":"2017-01-03T18:13:43","guid":{"rendered":"http:\/\/totallubri.com.br\/?post_type=product&#038;p=3746"},"modified":"2024-12-09T13:16:11","modified_gmt":"2024-12-09T16:16:11","slug":"unidade-movel-pneumatica-9102-p-samoa","status":"publish","type":"product","link":"https:\/\/totallubri.com.br\/?product=unidade-movel-pneumatica-9102-p-samoa","title":{"rendered":"Unidade M\u00f3vel Pneum\u00e1tica \u2013 9102-P \u2013 Samoa"},"content":{"rendered":"<p>Em a\u00e7o, para \u00f3leo lubrificante (SAE 90 \u00e0 40\u00b0C), para tambores de 200 L, com carrinho com rodas pneum\u00e1ticas, propulsora pneum\u00e1tica,\u00a0filtro regulador de ar, medidor e\u00a0mangueira.<\/p>\n<p>Vaz\u00e3o livre\u00a0<strong>30 L\/min<\/strong><br \/>\nMedidor<strong>\u00a0digital \/\u00a0program\u00e1vel\/ \u00a02100-DP\/ gatilho\/ bico antigotejante<br \/>\n<\/strong>Mangueira <strong>10 m\/ 1\/2&#8243;<\/strong><strong><br \/>\n<\/strong><br \/>\nPeso<strong>\u00a067 kg<\/strong><br \/>\nMedidas <strong>(A) 1005 mm x (L) 875 mm<\/strong><\/p>\n<p>OBS: Tambor n\u00e3o acompanha o produto<\/p>\n<p><strong>OPCIONAL 9100-PM<\/strong><br \/>\nCarrinho com rodas maci\u00e7as<\/p>\n","protected":false},"excerpt":{"rendered":"<p>Em a\u00e7o, para \u00f3leo lubrificante (SAE 90 \u00e0 40\u00b0C), para tambores de 200 L, com carrinho com rodas pneum\u00e1ticas, propulsora pneum\u00e1tica,\u00a0filtro regulador de ar, medidor e\u00a0mangueira. Vaz\u00e3o livre\u00a030 L\/min Medidor\u00a0digital \/\u00a0program\u00e1vel\/ \u00a02100-DP\/ gatilho\/ bico antigotejante Mangueira 10 m\/ 1\/2&#8243; Peso\u00a067 kg Medidas (A) 1005 mm x (L) 875 mm OBS: Tambor n\u00e3o acompanha o produto [&hellip;]<\/p>\n","protected":false},"featured_media":3747,"comment_status":"open","ping_status":"closed","template":"","meta":{"_exactmetrics_skip_tracking":false,"_exactmetrics_sitenote_active":false,"_exactmetrics_sitenote_note":"","_exactmetrics_sitenote_category":0},"product_brand":[],"product_cat":[116],"product_tag":[],"class_list":{"0":"post-3746","1":"product","2":"type-product","3":"status-publish","4":"has-post-thumbnail","6":"product_cat-unidade-movel","8":"first","9":"instock","10":"shipping-taxable","11":"product-type-simple"},"_links":{"self":[{"href":"https:\/\/totallubri.com.br\/index.php?rest_route=\/wp\/v2\/product\/3746","targetHints":{"allow":["GET"]}}],"collection":[{"href":"https:\/\/totallubri.com.br\/index.php?rest_route=\/wp\/v2\/product"}],"about":[{"href":"https:\/\/totallubri.com.br\/index.php?rest_route=\/wp\/v2\/types\/product"}],"replies":[{"embeddable":true,"href":"https:\/\/totallubri.com.br\/index.php?rest_route=%2Fwp%2Fv2%2Fcomments&post=3746"}],"wp:featuredmedia":[{"embeddable":true,"href":"https:\/\/totallubri.com.br\/index.php?rest_route=\/wp\/v2\/media\/3747"}],"wp:attachment":[{"href":"https:\/\/totallubri.com.br\/index.php?rest_route=%2Fwp%2Fv2%2Fmedia&parent=3746"}],"wp:term":[{"taxonomy":"product_brand","embeddable":true,"href":"https:\/\/totallubri.com.br\/index.php?rest_route=%2Fwp%2Fv2%2Fproduct_brand&post=3746"},{"taxonomy":"product_cat","embeddable":true,"href":"https:\/\/totallubri.com.br\/index.php?rest_route=%2Fwp%2Fv2%2Fproduct_cat&post=3746"},{"taxonomy":"product_tag","embeddable":true,"href":"https:\/\/totallubri.com.br\/index.php?rest_route=%2Fwp%2Fv2%2Fproduct_tag&post=3746"}],"curies":[{"name":"wp","href":"https:\/\/api.w.org\/{rel}","templated":true}]}}