{"id":3756,"date":"2017-01-03T16:33:00","date_gmt":"2017-01-03T18:33:00","guid":{"rendered":"http:\/\/totallubri.com.br\/?post_type=product&#038;p=3756"},"modified":"2024-12-09T13:35:56","modified_gmt":"2024-12-09T16:35:56","slug":"unidade-movel-pneumatica-completa-9102-dcm-samoa","status":"publish","type":"product","link":"https:\/\/totallubri.com.br\/?product=unidade-movel-pneumatica-completa-9102-dcm-samoa","title":{"rendered":"Unidade M\u00f3vel Pneum\u00e1tica Completa &#8211; 9102-DCM &#8211; Samoa"},"content":{"rendered":"<p>Mesma configura\u00e7\u00e3o do modelo 9102-DC alterando o carrinho para 3048 &#8211; \u00a0Unidade m\u00f3vel com roda dianteira girat\u00f3ria e traseira maci\u00e7a<\/p>\n<p>Peso:70 kg<\/p>\n<p>Medidas: (A) 1005 mm x (L) 875 mm<\/p>\n<p>Obs: Tambor n\u00e3o acompanha o produto<\/p>\n","protected":false},"excerpt":{"rendered":"<p>Mesma configura\u00e7\u00e3o do modelo 9102-DC alterando o carrinho para 3048 &#8211; \u00a0Unidade m\u00f3vel com roda dianteira girat\u00f3ria e traseira maci\u00e7a Peso:70 kg Medidas: (A) 1005 mm x (L) 875 mm Obs: Tambor n\u00e3o acompanha o produto<\/p>\n","protected":false},"featured_media":3757,"comment_status":"open","ping_status":"closed","template":"","meta":{"_exactmetrics_skip_tracking":false,"_exactmetrics_sitenote_active":false,"_exactmetrics_sitenote_note":"","_exactmetrics_sitenote_category":0},"product_brand":[],"product_cat":[116],"product_tag":[],"class_list":{"0":"post-3756","1":"product","2":"type-product","3":"status-publish","4":"has-post-thumbnail","6":"product_cat-unidade-movel","8":"first","9":"instock","10":"shipping-taxable","11":"product-type-simple"},"_links":{"self":[{"href":"https:\/\/totallubri.com.br\/index.php?rest_route=\/wp\/v2\/product\/3756","targetHints":{"allow":["GET"]}}],"collection":[{"href":"https:\/\/totallubri.com.br\/index.php?rest_route=\/wp\/v2\/product"}],"about":[{"href":"https:\/\/totallubri.com.br\/index.php?rest_route=\/wp\/v2\/types\/product"}],"replies":[{"embeddable":true,"href":"https:\/\/totallubri.com.br\/index.php?rest_route=%2Fwp%2Fv2%2Fcomments&post=3756"}],"wp:featuredmedia":[{"embeddable":true,"href":"https:\/\/totallubri.com.br\/index.php?rest_route=\/wp\/v2\/media\/3757"}],"wp:attachment":[{"href":"https:\/\/totallubri.com.br\/index.php?rest_route=%2Fwp%2Fv2%2Fmedia&parent=3756"}],"wp:term":[{"taxonomy":"product_brand","embeddable":true,"href":"https:\/\/totallubri.com.br\/index.php?rest_route=%2Fwp%2Fv2%2Fproduct_brand&post=3756"},{"taxonomy":"product_cat","embeddable":true,"href":"https:\/\/totallubri.com.br\/index.php?rest_route=%2Fwp%2Fv2%2Fproduct_cat&post=3756"},{"taxonomy":"product_tag","embeddable":true,"href":"https:\/\/totallubri.com.br\/index.php?rest_route=%2Fwp%2Fv2%2Fproduct_tag&post=3756"}],"curies":[{"name":"wp","href":"https:\/\/api.w.org\/{rel}","templated":true}]}}