{"id":3785,"date":"2017-01-04T08:28:27","date_gmt":"2017-01-04T10:28:27","guid":{"rendered":"http:\/\/totallubri.com.br\/?post_type=product&#038;p=3785"},"modified":"2024-12-09T16:50:44","modified_gmt":"2024-12-09T19:50:44","slug":"unidade-movel-pneumatica-gigante-completa-9103-pcm-samoa","status":"publish","type":"product","link":"https:\/\/totallubri.com.br\/?product=unidade-movel-pneumatica-gigante-completa-9103-pcm-samoa","title":{"rendered":"Unidade M\u00f3vel Pneum\u00e1tica Gigante Completa &#8211; 9103-PCM &#8211; Samoa"},"content":{"rendered":"<p>Mesma configura\u00e7\u00e3o do modelo 9103-PCM alterando o carrinho para 3048 &#8211; Unidade m\u00f3vel com roda dianteira gerat\u00f3ria e traseiras maci\u00e7as<\/p>\n<p>Peso: 75 kg<\/p>\n<p>Medidas: (A) 1005 mm x (L) 875 mm<\/p>\n<p>Obs: Tambor n\u00e3o acompanha o produto<\/p>\n","protected":false},"excerpt":{"rendered":"<p>Mesma configura\u00e7\u00e3o do modelo 9103-PCM alterando o carrinho para 3048 &#8211; Unidade m\u00f3vel com roda dianteira gerat\u00f3ria e traseiras maci\u00e7as Peso: 75 kg Medidas: (A) 1005 mm x (L) 875 mm Obs: Tambor n\u00e3o acompanha o produto<\/p>\n","protected":false},"featured_media":3786,"comment_status":"open","ping_status":"closed","template":"","meta":{"_exactmetrics_skip_tracking":false,"_exactmetrics_sitenote_active":false,"_exactmetrics_sitenote_note":"","_exactmetrics_sitenote_category":0},"product_brand":[],"product_cat":[116],"product_tag":[],"class_list":{"0":"post-3785","1":"product","2":"type-product","3":"status-publish","4":"has-post-thumbnail","6":"product_cat-unidade-movel","8":"first","9":"instock","10":"shipping-taxable","11":"product-type-simple"},"_links":{"self":[{"href":"https:\/\/totallubri.com.br\/index.php?rest_route=\/wp\/v2\/product\/3785","targetHints":{"allow":["GET"]}}],"collection":[{"href":"https:\/\/totallubri.com.br\/index.php?rest_route=\/wp\/v2\/product"}],"about":[{"href":"https:\/\/totallubri.com.br\/index.php?rest_route=\/wp\/v2\/types\/product"}],"replies":[{"embeddable":true,"href":"https:\/\/totallubri.com.br\/index.php?rest_route=%2Fwp%2Fv2%2Fcomments&post=3785"}],"wp:featuredmedia":[{"embeddable":true,"href":"https:\/\/totallubri.com.br\/index.php?rest_route=\/wp\/v2\/media\/3786"}],"wp:attachment":[{"href":"https:\/\/totallubri.com.br\/index.php?rest_route=%2Fwp%2Fv2%2Fmedia&parent=3785"}],"wp:term":[{"taxonomy":"product_brand","embeddable":true,"href":"https:\/\/totallubri.com.br\/index.php?rest_route=%2Fwp%2Fv2%2Fproduct_brand&post=3785"},{"taxonomy":"product_cat","embeddable":true,"href":"https:\/\/totallubri.com.br\/index.php?rest_route=%2Fwp%2Fv2%2Fproduct_cat&post=3785"},{"taxonomy":"product_tag","embeddable":true,"href":"https:\/\/totallubri.com.br\/index.php?rest_route=%2Fwp%2Fv2%2Fproduct_tag&post=3785"}],"curies":[{"name":"wp","href":"https:\/\/api.w.org\/{rel}","templated":true}]}}