{"id":3787,"date":"2017-01-04T08:30:12","date_gmt":"2017-01-04T10:30:12","guid":{"rendered":"http:\/\/totallubri.com.br\/?post_type=product&#038;p=3787"},"modified":"2024-12-09T13:52:11","modified_gmt":"2024-12-09T16:52:11","slug":"unidade-movel-pneumatica-completa-9103-mc-samoa","status":"publish","type":"product","link":"https:\/\/totallubri.com.br\/?product=unidade-movel-pneumatica-completa-9103-mc-samoa","title":{"rendered":"Unidade M\u00f3vel Pneum\u00e1tica Completa &#8211; 9103-MC &#8211; Samoa"},"content":{"rendered":"<p>Em a\u00e7o, para \u00f3leo lubrificante de alta viscosidade \u00a0(SAE 250 \u00e0 40\u00b0C), para tambores de 200 L, com carrinho com rodas pneum\u00e1ticas, propulsora pneum\u00e1tica, filtro regulador de ar,\u00a0medidor,\u00a0mangueira e carretel.<\/p>\n<p>Vaz\u00e3o livre\u00a0<strong>35 L\/min<\/strong><br \/>\nMedidor<strong>\u00a0mec\u00e2nico \/ 2100-KF\/ gatilho\/ bico antigotejante<br \/>\n<\/strong>Carretel<strong> 10m<\/strong>\/\u00a0<strong>autom\u00e1tico<\/strong><br \/>\nMangueira <strong>10 m\/ 1\/2&#8243;<\/strong><strong><br \/>\n<\/strong><br \/>\nPeso<strong>\u00a075 kg<\/strong><br \/>\nMedidas <strong>(A) 1005 mm x (L) 875 mm<\/strong><\/p>\n<p>OBS: TAMBOR N\u00c3O ACOMPANHA PRODUTO<br \/>\nCarrinho com rodas maci\u00e7as<\/p>\n","protected":false},"excerpt":{"rendered":"<p>Em a\u00e7o, para \u00f3leo lubrificante de alta viscosidade \u00a0(SAE 250 \u00e0 40\u00b0C), para tambores de 200 L, com carrinho com rodas pneum\u00e1ticas, propulsora pneum\u00e1tica, filtro regulador de ar,\u00a0medidor,\u00a0mangueira e carretel. Vaz\u00e3o livre\u00a035 L\/min Medidor\u00a0mec\u00e2nico \/ 2100-KF\/ gatilho\/ bico antigotejante Carretel 10m\/\u00a0autom\u00e1tico Mangueira 10 m\/ 1\/2&#8243; Peso\u00a075 kg Medidas (A) 1005 mm x (L) 875 mm [&hellip;]<\/p>\n","protected":false},"featured_media":3788,"comment_status":"open","ping_status":"closed","template":"","meta":{"_exactmetrics_skip_tracking":false,"_exactmetrics_sitenote_active":false,"_exactmetrics_sitenote_note":"","_exactmetrics_sitenote_category":0},"product_brand":[],"product_cat":[116],"product_tag":[],"class_list":{"0":"post-3787","1":"product","2":"type-product","3":"status-publish","4":"has-post-thumbnail","6":"product_cat-unidade-movel","8":"first","9":"instock","10":"shipping-taxable","11":"product-type-simple"},"_links":{"self":[{"href":"https:\/\/totallubri.com.br\/index.php?rest_route=\/wp\/v2\/product\/3787","targetHints":{"allow":["GET"]}}],"collection":[{"href":"https:\/\/totallubri.com.br\/index.php?rest_route=\/wp\/v2\/product"}],"about":[{"href":"https:\/\/totallubri.com.br\/index.php?rest_route=\/wp\/v2\/types\/product"}],"replies":[{"embeddable":true,"href":"https:\/\/totallubri.com.br\/index.php?rest_route=%2Fwp%2Fv2%2Fcomments&post=3787"}],"wp:featuredmedia":[{"embeddable":true,"href":"https:\/\/totallubri.com.br\/index.php?rest_route=\/wp\/v2\/media\/3788"}],"wp:attachment":[{"href":"https:\/\/totallubri.com.br\/index.php?rest_route=%2Fwp%2Fv2%2Fmedia&parent=3787"}],"wp:term":[{"taxonomy":"product_brand","embeddable":true,"href":"https:\/\/totallubri.com.br\/index.php?rest_route=%2Fwp%2Fv2%2Fproduct_brand&post=3787"},{"taxonomy":"product_cat","embeddable":true,"href":"https:\/\/totallubri.com.br\/index.php?rest_route=%2Fwp%2Fv2%2Fproduct_cat&post=3787"},{"taxonomy":"product_tag","embeddable":true,"href":"https:\/\/totallubri.com.br\/index.php?rest_route=%2Fwp%2Fv2%2Fproduct_tag&post=3787"}],"curies":[{"name":"wp","href":"https:\/\/api.w.org\/{rel}","templated":true}]}}