{"id":3791,"date":"2017-01-04T08:35:55","date_gmt":"2017-01-04T10:35:55","guid":{"rendered":"http:\/\/totallubri.com.br\/?post_type=product&#038;p=3791"},"modified":"2024-12-09T13:00:10","modified_gmt":"2024-12-09T16:00:10","slug":"unidade-movel-eletrica-9105-d-samoa","status":"publish","type":"product","link":"https:\/\/totallubri.com.br\/?product=unidade-movel-eletrica-9105-d-samoa","title":{"rendered":"Unidade M\u00f3vel El\u00e9trica &#8211; 9105-D &#8211; Piusi"},"content":{"rendered":"<p>Em a\u00e7o, para \u00f3leo lubrificante\u00a0(SAE 250 \u00e0 40\u00b0C), para tambores de 200 L, com carrinho com 04 rodas carenado (02 girat\u00f3rias\/ 02 fixas), bomba el\u00e9trica, medidor e mangueira.<\/p>\n<p>Vaz\u00e3o livre\u00a0<strong>14 L\/min<br \/>\n<\/strong>Alimenta\u00e7\u00e3o<strong> 220 V<\/strong><br \/>\nMedidor<strong>\u00a0digital\/\u00a0 2100P-DO\/ gatilho\/ bico antigotejante\/ certificado<\/strong><br \/>\nMangueira\u00a0<strong>4 m\/ 1\/2&#8243;<\/strong><strong><br \/>\n<\/strong>By-pass <strong>3 minutos<\/strong><\/p>\n<p>Peso<strong>\u00a037 kg<\/strong><br \/>\nMedidas <strong>(A) 1075 mm x (L)\u00a0640 mm<\/strong><\/p>\n<p>OBS: Tambor n\u00e3o acompanha o produto<\/p>\n","protected":false},"excerpt":{"rendered":"<p>Em a\u00e7o, para \u00f3leo lubrificante\u00a0(SAE 250 \u00e0 40\u00b0C), para tambores de 200 L, com carrinho com 04 rodas carenado (02 girat\u00f3rias\/ 02 fixas), bomba el\u00e9trica, medidor e mangueira. Vaz\u00e3o livre\u00a014 L\/min Alimenta\u00e7\u00e3o 220 V Medidor\u00a0digital\/\u00a0 2100P-DO\/ gatilho\/ bico antigotejante\/ certificado Mangueira\u00a04 m\/ 1\/2&#8243; By-pass 3 minutos Peso\u00a037 kg Medidas (A) 1075 mm x (L)\u00a0640 mm [&hellip;]<\/p>\n","protected":false},"featured_media":3794,"comment_status":"open","ping_status":"closed","template":"","meta":{"_exactmetrics_skip_tracking":false,"_exactmetrics_sitenote_active":false,"_exactmetrics_sitenote_note":"","_exactmetrics_sitenote_category":0},"product_brand":[],"product_cat":[116],"product_tag":[],"class_list":{"0":"post-3791","1":"product","2":"type-product","3":"status-publish","4":"has-post-thumbnail","6":"product_cat-unidade-movel","8":"first","9":"instock","10":"shipping-taxable","11":"product-type-simple"},"_links":{"self":[{"href":"https:\/\/totallubri.com.br\/index.php?rest_route=\/wp\/v2\/product\/3791","targetHints":{"allow":["GET"]}}],"collection":[{"href":"https:\/\/totallubri.com.br\/index.php?rest_route=\/wp\/v2\/product"}],"about":[{"href":"https:\/\/totallubri.com.br\/index.php?rest_route=\/wp\/v2\/types\/product"}],"replies":[{"embeddable":true,"href":"https:\/\/totallubri.com.br\/index.php?rest_route=%2Fwp%2Fv2%2Fcomments&post=3791"}],"wp:featuredmedia":[{"embeddable":true,"href":"https:\/\/totallubri.com.br\/index.php?rest_route=\/wp\/v2\/media\/3794"}],"wp:attachment":[{"href":"https:\/\/totallubri.com.br\/index.php?rest_route=%2Fwp%2Fv2%2Fmedia&parent=3791"}],"wp:term":[{"taxonomy":"product_brand","embeddable":true,"href":"https:\/\/totallubri.com.br\/index.php?rest_route=%2Fwp%2Fv2%2Fproduct_brand&post=3791"},{"taxonomy":"product_cat","embeddable":true,"href":"https:\/\/totallubri.com.br\/index.php?rest_route=%2Fwp%2Fv2%2Fproduct_cat&post=3791"},{"taxonomy":"product_tag","embeddable":true,"href":"https:\/\/totallubri.com.br\/index.php?rest_route=%2Fwp%2Fv2%2Fproduct_tag&post=3791"}],"curies":[{"name":"wp","href":"https:\/\/api.w.org\/{rel}","templated":true}]}}