{"id":3818,"date":"2017-01-04T08:48:34","date_gmt":"2017-01-04T10:48:34","guid":{"rendered":"http:\/\/totallubri.com.br\/?post_type=product&#038;p=3818"},"modified":"2024-12-08T12:24:26","modified_gmt":"2024-12-08T15:24:26","slug":"unidade-de-abastecimento-9800-et-samoa","status":"publish","type":"product","link":"https:\/\/totallubri.com.br\/?product=unidade-de-abastecimento-9800-et-samoa","title":{"rendered":"Unidade de Abastecimento &#8211; 9800-ET &#8211; Samoa"},"content":{"rendered":"<p>Adapt\u00e1vel \u00e0 parede, com sistema moderno e seguro para abastecimento de \u00f3leo lubrificante (SAE 90 \u00e0 40\u00b0C).<br \/>\nProporciona economia, menor tempo, controle\u00a0digital do<br \/>\nabastecimento, evita contamina\u00e7\u00e3o e\u00a0desperd\u00edcio do \u00f3leo.<\/p>\n<p>Propulsora pneum\u00e1tica<br \/>\n<strong>com suporte de parede<br \/>\n<\/strong>Vaz\u00e3o livre <strong>30 L\/min<\/strong><br \/>\nMedidor <strong>digital\/ gatilho\/ bico antigotejante<\/strong><br \/>\nSuporte de parede <strong>para medidor\/ com bandeja ecol\u00f3gica<\/strong><br \/>\nCarretel <strong>autom\u00e1tico<\/strong><br \/>\nFiltro <strong>filtro regulador de ar<\/strong><br \/>\nMangueira <strong>15 m \/ 1\/2&#8243;<br \/>\n<\/strong>Conjunto preparador de ar <strong>2050-K2<br \/>\n<\/strong>Conjunto de suc\u00e7\u00e3o para tambor<\/p>\n<p>Peso <strong>30 kg<\/strong><br \/>\nOBS: Tambor e mangote de liga\u00e7\u00e3o do carretel n\u00e3o acompanham o equipamento.<\/p>\n","protected":false},"excerpt":{"rendered":"<p>Adapt\u00e1vel \u00e0 parede, com sistema moderno e seguro para abastecimento de \u00f3leo lubrificante (SAE 90 \u00e0 40\u00b0C). Proporciona economia, menor tempo, controle\u00a0digital do abastecimento, evita contamina\u00e7\u00e3o e\u00a0desperd\u00edcio do \u00f3leo. Propulsora pneum\u00e1tica com suporte de parede Vaz\u00e3o livre 30 L\/min Medidor digital\/ gatilho\/ bico antigotejante Suporte de parede para medidor\/ com bandeja ecol\u00f3gica Carretel autom\u00e1tico Filtro [&hellip;]<\/p>\n","protected":false},"featured_media":3820,"comment_status":"open","ping_status":"closed","template":"","meta":{"_exactmetrics_skip_tracking":false,"_exactmetrics_sitenote_active":false,"_exactmetrics_sitenote_note":"","_exactmetrics_sitenote_category":0},"product_brand":[],"product_cat":[119],"product_tag":[],"class_list":{"0":"post-3818","1":"product","2":"type-product","3":"status-publish","4":"has-post-thumbnail","6":"product_cat-unidade-de-abastecimento-pneumatica","8":"first","9":"instock","10":"shipping-taxable","11":"product-type-simple"},"_links":{"self":[{"href":"https:\/\/totallubri.com.br\/index.php?rest_route=\/wp\/v2\/product\/3818","targetHints":{"allow":["GET"]}}],"collection":[{"href":"https:\/\/totallubri.com.br\/index.php?rest_route=\/wp\/v2\/product"}],"about":[{"href":"https:\/\/totallubri.com.br\/index.php?rest_route=\/wp\/v2\/types\/product"}],"replies":[{"embeddable":true,"href":"https:\/\/totallubri.com.br\/index.php?rest_route=%2Fwp%2Fv2%2Fcomments&post=3818"}],"wp:featuredmedia":[{"embeddable":true,"href":"https:\/\/totallubri.com.br\/index.php?rest_route=\/wp\/v2\/media\/3820"}],"wp:attachment":[{"href":"https:\/\/totallubri.com.br\/index.php?rest_route=%2Fwp%2Fv2%2Fmedia&parent=3818"}],"wp:term":[{"taxonomy":"product_brand","embeddable":true,"href":"https:\/\/totallubri.com.br\/index.php?rest_route=%2Fwp%2Fv2%2Fproduct_brand&post=3818"},{"taxonomy":"product_cat","embeddable":true,"href":"https:\/\/totallubri.com.br\/index.php?rest_route=%2Fwp%2Fv2%2Fproduct_cat&post=3818"},{"taxonomy":"product_tag","embeddable":true,"href":"https:\/\/totallubri.com.br\/index.php?rest_route=%2Fwp%2Fv2%2Fproduct_tag&post=3818"}],"curies":[{"name":"wp","href":"https:\/\/api.w.org\/{rel}","templated":true}]}}