{"id":3827,"date":"2017-01-04T08:55:43","date_gmt":"2017-01-04T10:55:43","guid":{"rendered":"http:\/\/totallubri.com.br\/?post_type=product&#038;p=3827"},"modified":"2025-05-01T18:25:01","modified_gmt":"2025-05-01T21:25:01","slug":"unidade-de-abastecimento-9800-d-samoa","status":"publish","type":"product","link":"https:\/\/totallubri.com.br\/?product=unidade-de-abastecimento-9800-d-samoa","title":{"rendered":"Unidade de Abastecimento \u2013 9800-D \u2013 Samoa"},"content":{"rendered":"<p>Adapt\u00e1vel a tambor de 200 L, com sistema moderno e seguro para abastecimento de \u00f3leo lubrificante (SAE 90 \u00e0 40\u00b0C).<br \/>\nProporciona economia, tempo, controle digital do<br \/>\nabastecimento, evita contamina\u00e7\u00e3o e desperd\u00edcio de \u00f3leo.<\/p>\n<p>Propulsora &#8211; Pneum\u00e1tica para tambor &#8211;\u00a0 Vaz\u00e3o livre &#8211; 35 L\/min<\/p>\n<p>V\u00e1lvula- controladora de abastecimento antigotejante com medidor digital<\/p>\n<p>Mangueira- 10 m \/\u00a0 1\/2&#8243; com suporte de parede + conjunto preparador de ar- (2050-k2)<\/p>\n<p>Obs: tambor n\u00e3o acompanha produto.<\/p>\n<table width=\"801\">\n<tbody>\n<tr>\n<td width=\"86\"><\/td>\n<td width=\"379\">\u00a0UNIDADE\u00a0 P\/ABASTECIMENTO PNEUMATICA<\/td>\n<td width=\"98\"><\/td>\n<td width=\"238\"><\/td>\n<\/tr>\n<tr>\n<td>CODIGO<\/td>\n<td>\u00a0MEDIDOR<\/td>\n<td>\u00a0PESO<\/td>\n<td>\u00a0MEDIDAS<\/td>\n<\/tr>\n<tr>\n<td>9800-D<\/td>\n<td>\u00a0DIGITAL\/GATILHO C\/BICO ANTIGOTEJANTE<\/td>\n<td width=\"98\">30 KG<\/td>\n<td>(A)1500 MM X (L)1000 MM X ( C) 300MM<\/td>\n<\/tr>\n<tr>\n<td>9800-M<\/td>\n<td>\u00a0MECANICO\/GATILHO C\/BICO ANTIGOTEJANTE<\/td>\n<td width=\"98\">30 KG<\/td>\n<td>(A)1500 MM X (L)1000 MM X ( C) 300MM<\/td>\n<\/tr>\n<tr>\n<td>9800-P<\/td>\n<td>\u00a0DIGITAL PROGRAM\u00c1VEL\/GATILHO C\/BICO ANTIGOTEJANTE<\/td>\n<td width=\"98\">30 KG<\/td>\n<td>(A)1500 MM X (L)1000 MM X ( C) 300MM<\/td>\n<\/tr>\n<\/tbody>\n<\/table>\n<p>&nbsp;<\/p>\n","protected":false},"excerpt":{"rendered":"<p>Adapt\u00e1vel a tambor de 200 L, com sistema moderno e seguro para abastecimento de \u00f3leo lubrificante (SAE 90 \u00e0 40\u00b0C). Proporciona economia, tempo, controle digital do abastecimento, evita contamina\u00e7\u00e3o e desperd\u00edcio de \u00f3leo. Propulsora &#8211; Pneum\u00e1tica para tambor &#8211;\u00a0 Vaz\u00e3o livre &#8211; 35 L\/min V\u00e1lvula- controladora de abastecimento antigotejante com medidor digital Mangueira- 10 m [&hellip;]<\/p>\n","protected":false},"featured_media":3828,"comment_status":"open","ping_status":"closed","template":"","meta":{"_exactmetrics_skip_tracking":false,"_exactmetrics_sitenote_active":false,"_exactmetrics_sitenote_note":"","_exactmetrics_sitenote_category":0},"product_brand":[],"product_cat":[119],"product_tag":[],"class_list":{"0":"post-3827","1":"product","2":"type-product","3":"status-publish","4":"has-post-thumbnail","6":"product_cat-unidade-de-abastecimento-pneumatica","8":"first","9":"instock","10":"shipping-taxable","11":"product-type-simple"},"_links":{"self":[{"href":"https:\/\/totallubri.com.br\/index.php?rest_route=\/wp\/v2\/product\/3827","targetHints":{"allow":["GET"]}}],"collection":[{"href":"https:\/\/totallubri.com.br\/index.php?rest_route=\/wp\/v2\/product"}],"about":[{"href":"https:\/\/totallubri.com.br\/index.php?rest_route=\/wp\/v2\/types\/product"}],"replies":[{"embeddable":true,"href":"https:\/\/totallubri.com.br\/index.php?rest_route=%2Fwp%2Fv2%2Fcomments&post=3827"}],"wp:featuredmedia":[{"embeddable":true,"href":"https:\/\/totallubri.com.br\/index.php?rest_route=\/wp\/v2\/media\/3828"}],"wp:attachment":[{"href":"https:\/\/totallubri.com.br\/index.php?rest_route=%2Fwp%2Fv2%2Fmedia&parent=3827"}],"wp:term":[{"taxonomy":"product_brand","embeddable":true,"href":"https:\/\/totallubri.com.br\/index.php?rest_route=%2Fwp%2Fv2%2Fproduct_brand&post=3827"},{"taxonomy":"product_cat","embeddable":true,"href":"https:\/\/totallubri.com.br\/index.php?rest_route=%2Fwp%2Fv2%2Fproduct_cat&post=3827"},{"taxonomy":"product_tag","embeddable":true,"href":"https:\/\/totallubri.com.br\/index.php?rest_route=%2Fwp%2Fv2%2Fproduct_tag&post=3827"}],"curies":[{"name":"wp","href":"https:\/\/api.w.org\/{rel}","templated":true}]}}