{"id":3833,"date":"2017-01-04T09:01:39","date_gmt":"2017-01-04T11:01:39","guid":{"rendered":"http:\/\/totallubri.com.br\/?post_type=product&#038;p=3833"},"modified":"2024-12-08T12:21:20","modified_gmt":"2024-12-08T15:21:20","slug":"unidade-de-abastecimento-9800-c-samoa","status":"publish","type":"product","link":"https:\/\/totallubri.com.br\/?product=unidade-de-abastecimento-9800-c-samoa","title":{"rendered":"Unidade de Abastecimento &#8211; 9800-C &#8211; Samoa"},"content":{"rendered":"<p>Adapt\u00e1vel a tambor de 200 L, para abastecimento manual de \u00f3leo lubrificante (SAE 90 \u00e0 40\u00b0C) atrav\u00e9s de herm\u00e9ticos (recipientes dispon\u00edveis na p\u00e1gina 81).<br \/>\n<strong><br \/>\n<\/strong>Vaz\u00e3o livre <strong>30 L\/min<\/strong><br \/>\nFiltro <strong>filtro regulador de ar<\/strong><br \/>\nMangueira <strong>10 m \/ 1\/2&#8243;<br \/>\n<\/strong>Conector para engate r\u00e1pido<br \/>\nV\u00e1lvula de controle de \u00f3leo<\/p>\n<p>Peso\u00a0<strong>5,8\u00a0kg<br \/>\n<\/strong>Medidas<strong> (A) 1300 mm x (L) 260 mm<br \/>\n<\/strong><br \/>\nOBS: Tambor n\u00e3o acompanha o produto.<\/p>\n","protected":false},"excerpt":{"rendered":"<p>Adapt\u00e1vel a tambor de 200 L, para abastecimento manual de \u00f3leo lubrificante (SAE 90 \u00e0 40\u00b0C) atrav\u00e9s de herm\u00e9ticos (recipientes dispon\u00edveis na p\u00e1gina 81). Vaz\u00e3o livre 30 L\/min Filtro filtro regulador de ar Mangueira 10 m \/ 1\/2&#8243; Conector para engate r\u00e1pido V\u00e1lvula de controle de \u00f3leo Peso\u00a05,8\u00a0kg Medidas (A) 1300 mm x (L) 260 [&hellip;]<\/p>\n","protected":false},"featured_media":3834,"comment_status":"open","ping_status":"closed","template":"","meta":{"_exactmetrics_skip_tracking":false,"_exactmetrics_sitenote_active":false,"_exactmetrics_sitenote_note":"","_exactmetrics_sitenote_category":0},"product_brand":[],"product_cat":[119],"product_tag":[],"class_list":{"0":"post-3833","1":"product","2":"type-product","3":"status-publish","4":"has-post-thumbnail","6":"product_cat-unidade-de-abastecimento-pneumatica","8":"first","9":"instock","10":"shipping-taxable","11":"product-type-simple"},"_links":{"self":[{"href":"https:\/\/totallubri.com.br\/index.php?rest_route=\/wp\/v2\/product\/3833","targetHints":{"allow":["GET"]}}],"collection":[{"href":"https:\/\/totallubri.com.br\/index.php?rest_route=\/wp\/v2\/product"}],"about":[{"href":"https:\/\/totallubri.com.br\/index.php?rest_route=\/wp\/v2\/types\/product"}],"replies":[{"embeddable":true,"href":"https:\/\/totallubri.com.br\/index.php?rest_route=%2Fwp%2Fv2%2Fcomments&post=3833"}],"wp:featuredmedia":[{"embeddable":true,"href":"https:\/\/totallubri.com.br\/index.php?rest_route=\/wp\/v2\/media\/3834"}],"wp:attachment":[{"href":"https:\/\/totallubri.com.br\/index.php?rest_route=%2Fwp%2Fv2%2Fmedia&parent=3833"}],"wp:term":[{"taxonomy":"product_brand","embeddable":true,"href":"https:\/\/totallubri.com.br\/index.php?rest_route=%2Fwp%2Fv2%2Fproduct_brand&post=3833"},{"taxonomy":"product_cat","embeddable":true,"href":"https:\/\/totallubri.com.br\/index.php?rest_route=%2Fwp%2Fv2%2Fproduct_cat&post=3833"},{"taxonomy":"product_tag","embeddable":true,"href":"https:\/\/totallubri.com.br\/index.php?rest_route=%2Fwp%2Fv2%2Fproduct_tag&post=3833"}],"curies":[{"name":"wp","href":"https:\/\/api.w.org\/{rel}","templated":true}]}}