{"id":3843,"date":"2017-01-04T09:12:38","date_gmt":"2017-01-04T11:12:38","guid":{"rendered":"http:\/\/totallubri.com.br\/?post_type=product&#038;p=3843"},"modified":"2024-12-08T11:52:54","modified_gmt":"2024-12-08T14:52:54","slug":"unidade-de-abastecimento-pneumatica-9302-d-samoa","status":"publish","type":"product","link":"https:\/\/totallubri.com.br\/?product=unidade-de-abastecimento-pneumatica-9302-d-samoa","title":{"rendered":"Unidade de Abastecimento Pneum\u00e1tica &#8211; 9302-D &#8211; Samoa"},"content":{"rendered":"<p>Reservat\u00f3rio em polietileno e porta-palete em a\u00e7o (IBC), com propulsora pneum\u00e1tica com suporte, filtro regulador de ar, suporte para medidor e mangueira, medidor, conjunto preparador de ar e mangueira de suc\u00e7\u00e3o.<br \/>\nPara \u00f3leo lubrificante (SAE 90 a 40\u00b0C).<br \/>\n<strong><br \/>\n<\/strong>Vaz\u00e3o livre <strong>30 L\/min~<br \/>\n<\/strong>Capacidade 1.000 L<br \/>\nMedidor digital \/ 2100P-DO\/ gatilho bico antigotejante\/ certificado<br \/>\nMangueira <strong>10 m \/ 1\/2&#8243;<br \/>\nConjunto preparador de ar 2050-K<\/strong><\/p>\n<p>Peso\u00a0<strong>98\u00a0kg<br \/>\n<\/strong>Medidas<strong> (A) 1165 mm x (L) 1000 mm\u00a0x (C) 1210 mm<\/strong><\/p>\n<p>OPCIONAL 9304-D<br \/>\nEsta\u00e7\u00e3o de abastecimento pneum\u00e1tica adapt\u00e1vel a IBC.<\/p>\n","protected":false},"excerpt":{"rendered":"<p>Reservat\u00f3rio em polietileno e porta-palete em a\u00e7o (IBC), com propulsora pneum\u00e1tica com suporte, filtro regulador de ar, suporte para medidor e mangueira, medidor, conjunto preparador de ar e mangueira de suc\u00e7\u00e3o. Para \u00f3leo lubrificante (SAE 90 a 40\u00b0C). Vaz\u00e3o livre 30 L\/min~ Capacidade 1.000 L Medidor digital \/ 2100P-DO\/ gatilho bico antigotejante\/ certificado Mangueira 10 [&hellip;]<\/p>\n","protected":false},"featured_media":3844,"comment_status":"open","ping_status":"closed","template":"","meta":{"_exactmetrics_skip_tracking":false,"_exactmetrics_sitenote_active":false,"_exactmetrics_sitenote_note":"","_exactmetrics_sitenote_category":0},"product_brand":[],"product_cat":[119],"product_tag":[],"class_list":{"0":"post-3843","1":"product","2":"type-product","3":"status-publish","4":"has-post-thumbnail","6":"product_cat-unidade-de-abastecimento-pneumatica","8":"first","9":"instock","10":"shipping-taxable","11":"product-type-simple"},"_links":{"self":[{"href":"https:\/\/totallubri.com.br\/index.php?rest_route=\/wp\/v2\/product\/3843","targetHints":{"allow":["GET"]}}],"collection":[{"href":"https:\/\/totallubri.com.br\/index.php?rest_route=\/wp\/v2\/product"}],"about":[{"href":"https:\/\/totallubri.com.br\/index.php?rest_route=\/wp\/v2\/types\/product"}],"replies":[{"embeddable":true,"href":"https:\/\/totallubri.com.br\/index.php?rest_route=%2Fwp%2Fv2%2Fcomments&post=3843"}],"wp:featuredmedia":[{"embeddable":true,"href":"https:\/\/totallubri.com.br\/index.php?rest_route=\/wp\/v2\/media\/3844"}],"wp:attachment":[{"href":"https:\/\/totallubri.com.br\/index.php?rest_route=%2Fwp%2Fv2%2Fmedia&parent=3843"}],"wp:term":[{"taxonomy":"product_brand","embeddable":true,"href":"https:\/\/totallubri.com.br\/index.php?rest_route=%2Fwp%2Fv2%2Fproduct_brand&post=3843"},{"taxonomy":"product_cat","embeddable":true,"href":"https:\/\/totallubri.com.br\/index.php?rest_route=%2Fwp%2Fv2%2Fproduct_cat&post=3843"},{"taxonomy":"product_tag","embeddable":true,"href":"https:\/\/totallubri.com.br\/index.php?rest_route=%2Fwp%2Fv2%2Fproduct_tag&post=3843"}],"curies":[{"name":"wp","href":"https:\/\/api.w.org\/{rel}","templated":true}]}}