{"id":3855,"date":"2017-01-04T09:25:09","date_gmt":"2017-01-04T11:25:09","guid":{"rendered":"http:\/\/totallubri.com.br\/?post_type=product&#038;p=3855"},"modified":"2025-01-26T19:07:29","modified_gmt":"2025-01-26T22:07:29","slug":"unidade-de-abastecimento-eletrica-9301-d-piusi","status":"publish","type":"product","link":"https:\/\/totallubri.com.br\/?product=unidade-de-abastecimento-eletrica-9301-d-piusi","title":{"rendered":"Unidade de Abastecimento El\u00e9trica \u2013 9301-D \u2013 Piusi"},"content":{"rendered":"<p>Reservat\u00f3rio em polietileno e porta-palete em a\u00e7o (IBC), com bomba el\u00e9trica,\u00a0suporte para medidor e mangueira, medidor e mangueira de suc\u00e7\u00e3o.<br \/>\nPara \u00f3leo lubrificante (SAE 90 a 40\u00b0C).<br \/>\n<strong><br \/>\n<\/strong>Vaz\u00e3o livre\u00a0<strong>25 L\/min<br \/>\n<\/strong>Capacidade<strong> 1.000 L<br \/>\n<\/strong>Alimenta\u00e7\u00e3o<strong> 220 V<\/strong><br \/>\nMedidor <strong>digital\/\u00a02100P-DO\/ gatilho bico antigotejante\/ certificado<\/strong><br \/>\nMangueira <strong>10 m \/ 1\/2&#8243;<br \/>\n<\/strong>By-pass 3 minutos<\/p>\n<p>Peso\u00a0<strong>95\u00a0kg<br \/>\n<\/strong>Medidas<strong> (A) 1165 mm x (L) 1000 mm\u00a0x (C) 1210 mm<\/strong><\/p>\n<p>OPCIONAL 9305-D<br \/>\nEsta\u00e7\u00e3o de abastecimento pneum\u00e1tica adapt\u00e1vel a IBC.<\/p>\n","protected":false},"excerpt":{"rendered":"<p>Reservat\u00f3rio em polietileno e porta-palete em a\u00e7o (IBC), com bomba el\u00e9trica,\u00a0suporte para medidor e mangueira, medidor e mangueira de suc\u00e7\u00e3o. Para \u00f3leo lubrificante (SAE 90 a 40\u00b0C). Vaz\u00e3o livre\u00a025 L\/min Capacidade 1.000 L Alimenta\u00e7\u00e3o 220 V Medidor digital\/\u00a02100P-DO\/ gatilho bico antigotejante\/ certificado Mangueira 10 m \/ 1\/2&#8243; By-pass 3 minutos Peso\u00a095\u00a0kg Medidas (A) 1165 mm [&hellip;]<\/p>\n","protected":false},"featured_media":3856,"comment_status":"open","ping_status":"closed","template":"","meta":{"_exactmetrics_skip_tracking":false,"_exactmetrics_sitenote_active":false,"_exactmetrics_sitenote_note":"","_exactmetrics_sitenote_category":0},"product_brand":[],"product_cat":[119],"product_tag":[],"class_list":{"0":"post-3855","1":"product","2":"type-product","3":"status-publish","4":"has-post-thumbnail","6":"product_cat-unidade-de-abastecimento-pneumatica","8":"first","9":"instock","10":"shipping-taxable","11":"product-type-simple"},"_links":{"self":[{"href":"https:\/\/totallubri.com.br\/index.php?rest_route=\/wp\/v2\/product\/3855","targetHints":{"allow":["GET"]}}],"collection":[{"href":"https:\/\/totallubri.com.br\/index.php?rest_route=\/wp\/v2\/product"}],"about":[{"href":"https:\/\/totallubri.com.br\/index.php?rest_route=\/wp\/v2\/types\/product"}],"replies":[{"embeddable":true,"href":"https:\/\/totallubri.com.br\/index.php?rest_route=%2Fwp%2Fv2%2Fcomments&post=3855"}],"wp:featuredmedia":[{"embeddable":true,"href":"https:\/\/totallubri.com.br\/index.php?rest_route=\/wp\/v2\/media\/3856"}],"wp:attachment":[{"href":"https:\/\/totallubri.com.br\/index.php?rest_route=%2Fwp%2Fv2%2Fmedia&parent=3855"}],"wp:term":[{"taxonomy":"product_brand","embeddable":true,"href":"https:\/\/totallubri.com.br\/index.php?rest_route=%2Fwp%2Fv2%2Fproduct_brand&post=3855"},{"taxonomy":"product_cat","embeddable":true,"href":"https:\/\/totallubri.com.br\/index.php?rest_route=%2Fwp%2Fv2%2Fproduct_cat&post=3855"},{"taxonomy":"product_tag","embeddable":true,"href":"https:\/\/totallubri.com.br\/index.php?rest_route=%2Fwp%2Fv2%2Fproduct_tag&post=3855"}],"curies":[{"name":"wp","href":"https:\/\/api.w.org\/{rel}","templated":true}]}}