{"id":3863,"date":"2017-01-04T09:32:23","date_gmt":"2017-01-04T11:32:23","guid":{"rendered":"http:\/\/totallubri.com.br\/?post_type=product&#038;p=3863"},"modified":"2025-01-26T21:50:08","modified_gmt":"2025-01-27T00:50:08","slug":"unidade-de-abastecimento-eletrica-9301-pc-piusi","status":"publish","type":"product","link":"https:\/\/totallubri.com.br\/?product=unidade-de-abastecimento-eletrica-9301-pc-piusi","title":{"rendered":"Unidade de Abastecimento El\u00e9trica \u2013 9301-PC \u2013 Piusi"},"content":{"rendered":"<p>Reservat\u00f3rio em polietileno e porta-palete em a\u00e7o (IBC), com bomba el\u00e9trica, suporte para medidor e mangueira, medidor,\u00a0carretel \u00a0e mangueira de suc\u00e7\u00e3o.<br \/>\nPara \u00f3leo lubrificante (SAE 90 a 40\u00b0C).<br \/>\n<strong><br \/>\n<\/strong>Vaz\u00e3o livre\u00a0<strong>25 L\/min<br \/>\n<\/strong>Capacidade<strong> 1.000 L<br \/>\n<\/strong>Alimenta\u00e7\u00e3o<strong> 220 V<\/strong><br \/>\nMedidor<strong>\u00a0digital \/\u00a0program\u00e1vel <\/strong>\u00a0<strong>\/ 2100-DP \/ gatilho\/ bico antigotejante<\/strong><br \/>\nCarretel <strong>autom\u00e1tico<br \/>\n<\/strong>Mangueira <strong>10 m \/ 1\/2&#8243;<br \/>\n<\/strong>By-pass <strong>3 minutos<\/strong><\/p>\n<p>Peso\u00a0<strong>95\u00a0kg<br \/>\n<\/strong>Medidas<strong> (A) 1165 mm x (L) 1000 mm\u00a0x (C) 1210 mm<\/strong><\/p>\n","protected":false},"excerpt":{"rendered":"<p>Reservat\u00f3rio em polietileno e porta-palete em a\u00e7o (IBC), com bomba el\u00e9trica, suporte para medidor e mangueira, medidor,\u00a0carretel \u00a0e mangueira de suc\u00e7\u00e3o. Para \u00f3leo lubrificante (SAE 90 a 40\u00b0C). Vaz\u00e3o livre\u00a025 L\/min Capacidade 1.000 L Alimenta\u00e7\u00e3o 220 V Medidor\u00a0digital \/\u00a0program\u00e1vel \u00a0\/ 2100-DP \/ gatilho\/ bico antigotejante Carretel autom\u00e1tico Mangueira 10 m \/ 1\/2&#8243; By-pass 3 minutos [&hellip;]<\/p>\n","protected":false},"featured_media":3864,"comment_status":"open","ping_status":"closed","template":"","meta":{"_exactmetrics_skip_tracking":false,"_exactmetrics_sitenote_active":false,"_exactmetrics_sitenote_note":"","_exactmetrics_sitenote_category":0},"product_brand":[],"product_cat":[119],"product_tag":[],"class_list":{"0":"post-3863","1":"product","2":"type-product","3":"status-publish","4":"has-post-thumbnail","6":"product_cat-unidade-de-abastecimento-pneumatica","8":"first","9":"instock","10":"shipping-taxable","11":"product-type-simple"},"_links":{"self":[{"href":"https:\/\/totallubri.com.br\/index.php?rest_route=\/wp\/v2\/product\/3863","targetHints":{"allow":["GET"]}}],"collection":[{"href":"https:\/\/totallubri.com.br\/index.php?rest_route=\/wp\/v2\/product"}],"about":[{"href":"https:\/\/totallubri.com.br\/index.php?rest_route=\/wp\/v2\/types\/product"}],"replies":[{"embeddable":true,"href":"https:\/\/totallubri.com.br\/index.php?rest_route=%2Fwp%2Fv2%2Fcomments&post=3863"}],"wp:featuredmedia":[{"embeddable":true,"href":"https:\/\/totallubri.com.br\/index.php?rest_route=\/wp\/v2\/media\/3864"}],"wp:attachment":[{"href":"https:\/\/totallubri.com.br\/index.php?rest_route=%2Fwp%2Fv2%2Fmedia&parent=3863"}],"wp:term":[{"taxonomy":"product_brand","embeddable":true,"href":"https:\/\/totallubri.com.br\/index.php?rest_route=%2Fwp%2Fv2%2Fproduct_brand&post=3863"},{"taxonomy":"product_cat","embeddable":true,"href":"https:\/\/totallubri.com.br\/index.php?rest_route=%2Fwp%2Fv2%2Fproduct_cat&post=3863"},{"taxonomy":"product_tag","embeddable":true,"href":"https:\/\/totallubri.com.br\/index.php?rest_route=%2Fwp%2Fv2%2Fproduct_tag&post=3863"}],"curies":[{"name":"wp","href":"https:\/\/api.w.org\/{rel}","templated":true}]}}