{"id":3942,"date":"2017-01-04T10:52:29","date_gmt":"2017-01-04T12:52:29","guid":{"rendered":"http:\/\/totallubri.com.br\/?post_type=product&#038;p=3942"},"modified":"2024-12-01T12:47:08","modified_gmt":"2024-12-01T15:47:08","slug":"medidor-mecanico-2100p-4l-piusi","status":"publish","type":"product","link":"https:\/\/totallubri.com.br\/?product=medidor-mecanico-2100p-4l-piusi","title":{"rendered":"Medidor Mec\u00e2nico &#8211; 2100P-4L &#8211; Piusi"},"content":{"rendered":"<div class=\"cont_produto\">\n<p>Em alum\u00ednio, usado por gravidade ou em bomba, com totalizador.<\/p>\n<p>D\u00edgitos <strong>04<\/strong><br \/>\nVaz\u00e3o livre <strong>20 a 120 L\/min<\/strong><br \/>\nPress\u00e3o m\u00e1xima de opera\u00e7\u00e3o <strong>50 PSI<\/strong><br \/>\nEntrada e sa\u00edda <strong>1&#8243; BSP<\/strong><br \/>\nPrecis\u00e3o<strong> 1 %<\/strong><br \/>\nSistema de medi\u00e7\u00e3o <strong>discos oscilantes<\/strong><\/p>\n<p>Peso <strong>2 kg<\/strong><br \/>\nMedidas <strong>(A) 150 mm x (L) 200 mm<\/strong><\/p>\n<\/div>\n","protected":false},"excerpt":{"rendered":"<p>Em alum\u00ednio, usado por gravidade ou em bomba, com totalizador. D\u00edgitos 04 Vaz\u00e3o livre 20 a 120 L\/min Press\u00e3o m\u00e1xima de opera\u00e7\u00e3o 50 PSI Entrada e sa\u00edda 1&#8243; BSP Precis\u00e3o 1 % Sistema de medi\u00e7\u00e3o discos oscilantes Peso 2 kg Medidas (A) 150 mm x (L) 200 mm<\/p>\n","protected":false},"featured_media":3943,"comment_status":"open","ping_status":"closed","template":"","meta":{"_exactmetrics_skip_tracking":false,"_exactmetrics_sitenote_active":false,"_exactmetrics_sitenote_note":"","_exactmetrics_sitenote_category":0},"product_brand":[],"product_cat":[109],"product_tag":[],"class_list":{"0":"post-3942","1":"product","2":"type-product","3":"status-publish","4":"has-post-thumbnail","6":"product_cat-medidor-mecanico","8":"first","9":"instock","10":"shipping-taxable","11":"product-type-simple"},"_links":{"self":[{"href":"https:\/\/totallubri.com.br\/index.php?rest_route=\/wp\/v2\/product\/3942","targetHints":{"allow":["GET"]}}],"collection":[{"href":"https:\/\/totallubri.com.br\/index.php?rest_route=\/wp\/v2\/product"}],"about":[{"href":"https:\/\/totallubri.com.br\/index.php?rest_route=\/wp\/v2\/types\/product"}],"replies":[{"embeddable":true,"href":"https:\/\/totallubri.com.br\/index.php?rest_route=%2Fwp%2Fv2%2Fcomments&post=3942"}],"wp:featuredmedia":[{"embeddable":true,"href":"https:\/\/totallubri.com.br\/index.php?rest_route=\/wp\/v2\/media\/3943"}],"wp:attachment":[{"href":"https:\/\/totallubri.com.br\/index.php?rest_route=%2Fwp%2Fv2%2Fmedia&parent=3942"}],"wp:term":[{"taxonomy":"product_brand","embeddable":true,"href":"https:\/\/totallubri.com.br\/index.php?rest_route=%2Fwp%2Fv2%2Fproduct_brand&post=3942"},{"taxonomy":"product_cat","embeddable":true,"href":"https:\/\/totallubri.com.br\/index.php?rest_route=%2Fwp%2Fv2%2Fproduct_cat&post=3942"},{"taxonomy":"product_tag","embeddable":true,"href":"https:\/\/totallubri.com.br\/index.php?rest_route=%2Fwp%2Fv2%2Fproduct_tag&post=3942"}],"curies":[{"name":"wp","href":"https:\/\/api.w.org\/{rel}","templated":true}]}}