{"id":3944,"date":"2017-01-04T10:54:47","date_gmt":"2017-01-04T12:54:47","guid":{"rendered":"http:\/\/totallubri.com.br\/?post_type=product&#038;p=3944"},"modified":"2024-12-01T12:50:07","modified_gmt":"2024-12-01T15:50:07","slug":"medidor-mecanico-2100-vd-lupus","status":"publish","type":"product","link":"https:\/\/totallubri.com.br\/?product=medidor-mecanico-2100-vd-lupus","title":{"rendered":"Medidor mec\u00e2nico &#8211; 2100-VD &#8211; Lupus"},"content":{"rendered":"<p align=\"LEFT\">Em alum\u00ednio, com totalizador e veda\u00e7\u00e3o em an\u00e9is de viton.<\/p>\n<p align=\"LEFT\"><span style=\"font-size: small;\"><span style=\"font-family: HelveticaNeue-LightCond;\">D\u00edgitos . <\/span><b><span style=\"font-family: HelveticaNeue-Bold;\">04<\/span><\/b><\/span><\/p>\n<p align=\"LEFT\"><span style=\"font-size: small;\"><span style=\"font-family: HelveticaNeue-LightCond;\">Vaz\u00e3o livre . <\/span><b><span style=\"font-family: HelveticaNeue-Bold;\">23 a 230 L\/min<\/span><\/b><\/span><\/p>\n<p align=\"LEFT\"><span style=\"font-size: small;\"><span style=\"font-family: HelveticaNeue-LightCond;\">Press\u00e3o m\u00e1xima de opera\u00e7\u00e3o . <\/span><b><span style=\"font-family: HelveticaNeue-Bold;\">150 PSI<\/span><\/b><\/span><\/p>\n<p align=\"LEFT\"><span style=\"font-size: small;\"><span style=\"font-family: HelveticaNeue-LightCond;\">Entrada e sa\u00edda . <\/span><span style=\"font-family: HelveticaNeue-Light;\">\u00f8 <\/span><b><span style=\"font-family: HelveticaNeue-Bold;\">1 1\/2\u201d NPT<\/span><\/b><\/span><\/p>\n<p align=\"LEFT\"><span style=\"font-size: small;\"><span style=\"font-family: HelveticaNeue-LightCond;\">Precis\u00e3o . <\/span><b><span style=\"font-family: HelveticaNeue-Bold;\">0,5%<\/span><\/b><\/span><\/p>\n<p align=\"LEFT\"><span style=\"font-size: small;\"><span style=\"font-family: HelveticaNeue-LightCond;\">Sistema de medi\u00e7\u00e3o . <\/span><b><span style=\"font-family: HelveticaNeue-Bold;\">discos oscilantes<\/span><\/b><\/span><\/p>\n<p>Peso: 3,5 kg<\/p>\n<p>&nbsp;<\/p>\n","protected":false},"excerpt":{"rendered":"<p>Em alum\u00ednio, com totalizador e veda\u00e7\u00e3o em an\u00e9is de viton. D\u00edgitos . 04 Vaz\u00e3o livre . 23 a 230 L\/min Press\u00e3o m\u00e1xima de opera\u00e7\u00e3o . 150 PSI Entrada e sa\u00edda . \u00f8 1 1\/2\u201d NPT Precis\u00e3o . 0,5% Sistema de medi\u00e7\u00e3o . discos oscilantes Peso: 3,5 kg &nbsp;<\/p>\n","protected":false},"featured_media":3945,"comment_status":"open","ping_status":"closed","template":"","meta":{"_exactmetrics_skip_tracking":false,"_exactmetrics_sitenote_active":false,"_exactmetrics_sitenote_note":"","_exactmetrics_sitenote_category":0},"product_brand":[],"product_cat":[109],"product_tag":[],"class_list":{"0":"post-3944","1":"product","2":"type-product","3":"status-publish","4":"has-post-thumbnail","6":"product_cat-medidor-mecanico","8":"first","9":"instock","10":"shipping-taxable","11":"product-type-simple"},"_links":{"self":[{"href":"https:\/\/totallubri.com.br\/index.php?rest_route=\/wp\/v2\/product\/3944","targetHints":{"allow":["GET"]}}],"collection":[{"href":"https:\/\/totallubri.com.br\/index.php?rest_route=\/wp\/v2\/product"}],"about":[{"href":"https:\/\/totallubri.com.br\/index.php?rest_route=\/wp\/v2\/types\/product"}],"replies":[{"embeddable":true,"href":"https:\/\/totallubri.com.br\/index.php?rest_route=%2Fwp%2Fv2%2Fcomments&post=3944"}],"wp:featuredmedia":[{"embeddable":true,"href":"https:\/\/totallubri.com.br\/index.php?rest_route=\/wp\/v2\/media\/3945"}],"wp:attachment":[{"href":"https:\/\/totallubri.com.br\/index.php?rest_route=%2Fwp%2Fv2%2Fmedia&parent=3944"}],"wp:term":[{"taxonomy":"product_brand","embeddable":true,"href":"https:\/\/totallubri.com.br\/index.php?rest_route=%2Fwp%2Fv2%2Fproduct_brand&post=3944"},{"taxonomy":"product_cat","embeddable":true,"href":"https:\/\/totallubri.com.br\/index.php?rest_route=%2Fwp%2Fv2%2Fproduct_cat&post=3944"},{"taxonomy":"product_tag","embeddable":true,"href":"https:\/\/totallubri.com.br\/index.php?rest_route=%2Fwp%2Fv2%2Fproduct_tag&post=3944"}],"curies":[{"name":"wp","href":"https:\/\/api.w.org\/{rel}","templated":true}]}}