{"id":3946,"date":"2017-01-04T10:56:50","date_gmt":"2017-01-04T12:56:50","guid":{"rendered":"http:\/\/totallubri.com.br\/?post_type=product&#038;p=3946"},"modified":"2024-12-01T12:51:19","modified_gmt":"2024-12-01T15:51:19","slug":"medidor-mecanico-2100-ve-lupus","status":"publish","type":"product","link":"https:\/\/totallubri.com.br\/?product=medidor-mecanico-2100-ve-lupus","title":{"rendered":"Medidor Mec\u00e2nico &#8211; 2100-VE &#8211; Lupus"},"content":{"rendered":"<p>Em alum\u00ednio, com totalizador e veda\u00e7\u00f5es em an\u00e9is de viton.<\/p>\n<p>D\u00edgitos <strong>04<\/strong><br \/>\nVaz\u00e3o livre\u00a0<strong>02 a\u00a038 L\/min<\/strong><br \/>\nPress\u00e3o m\u00e1xima de opera\u00e7\u00e3o <strong>1.000 PSI<\/strong><br \/>\nEntrada e sa\u00edda <strong>1&#8243; NPT<\/strong><br \/>\nPrecis\u00e3o<strong>\u00a00,5 %<\/strong><br \/>\nSistema de medi\u00e7\u00e3o <strong>discos oscilantes<\/strong><\/p>\n<p>Peso <strong>3,5 kg<\/strong><\/p>\n","protected":false},"excerpt":{"rendered":"<p>Em alum\u00ednio, com totalizador e veda\u00e7\u00f5es em an\u00e9is de viton. D\u00edgitos 04 Vaz\u00e3o livre\u00a002 a\u00a038 L\/min Press\u00e3o m\u00e1xima de opera\u00e7\u00e3o 1.000 PSI Entrada e sa\u00edda 1&#8243; NPT Precis\u00e3o\u00a00,5 % Sistema de medi\u00e7\u00e3o discos oscilantes Peso 3,5 kg<\/p>\n","protected":false},"featured_media":3947,"comment_status":"open","ping_status":"closed","template":"","meta":{"_exactmetrics_skip_tracking":false,"_exactmetrics_sitenote_active":false,"_exactmetrics_sitenote_note":"","_exactmetrics_sitenote_category":0},"product_brand":[],"product_cat":[109],"product_tag":[],"class_list":{"0":"post-3946","1":"product","2":"type-product","3":"status-publish","4":"has-post-thumbnail","6":"product_cat-medidor-mecanico","8":"first","9":"instock","10":"shipping-taxable","11":"product-type-simple"},"_links":{"self":[{"href":"https:\/\/totallubri.com.br\/index.php?rest_route=\/wp\/v2\/product\/3946","targetHints":{"allow":["GET"]}}],"collection":[{"href":"https:\/\/totallubri.com.br\/index.php?rest_route=\/wp\/v2\/product"}],"about":[{"href":"https:\/\/totallubri.com.br\/index.php?rest_route=\/wp\/v2\/types\/product"}],"replies":[{"embeddable":true,"href":"https:\/\/totallubri.com.br\/index.php?rest_route=%2Fwp%2Fv2%2Fcomments&post=3946"}],"wp:featuredmedia":[{"embeddable":true,"href":"https:\/\/totallubri.com.br\/index.php?rest_route=\/wp\/v2\/media\/3947"}],"wp:attachment":[{"href":"https:\/\/totallubri.com.br\/index.php?rest_route=%2Fwp%2Fv2%2Fmedia&parent=3946"}],"wp:term":[{"taxonomy":"product_brand","embeddable":true,"href":"https:\/\/totallubri.com.br\/index.php?rest_route=%2Fwp%2Fv2%2Fproduct_brand&post=3946"},{"taxonomy":"product_cat","embeddable":true,"href":"https:\/\/totallubri.com.br\/index.php?rest_route=%2Fwp%2Fv2%2Fproduct_cat&post=3946"},{"taxonomy":"product_tag","embeddable":true,"href":"https:\/\/totallubri.com.br\/index.php?rest_route=%2Fwp%2Fv2%2Fproduct_tag&post=3946"}],"curies":[{"name":"wp","href":"https:\/\/api.w.org\/{rel}","templated":true}]}}