{"id":3952,"date":"2017-01-04T11:03:31","date_gmt":"2017-01-04T13:03:31","guid":{"rendered":"http:\/\/totallubri.com.br\/?post_type=product&#038;p=3952"},"modified":"2024-12-01T12:56:48","modified_gmt":"2024-12-01T15:56:48","slug":"medidor-mecanico-com-gatilho-2122-samoa","status":"publish","type":"product","link":"https:\/\/totallubri.com.br\/?product=medidor-mecanico-com-gatilho-2122-samoa","title":{"rendered":"Medidor Mec\u00e2nico com Gatilho &#8211; 2122 -Samoa"},"content":{"rendered":"<div class=\"cont_produto\">\n<p>Em policarbonato, com gatilho com sistema de dupla trava, ponteira flex\u00edvel e bico antigotejante, para diversos flu\u00eddos e \u00f3leo lubrificante (at\u00e9 SAE 140)<\/p>\n<p>Vaz\u00e3o livre<strong> 2 a 220 L\/min<\/strong><br \/>\nPress\u00e3o m\u00e1xima de opera\u00e7\u00e3o <strong>1.500 PSI<br \/>\n<\/strong>Entrada 1\/2&#8243;\u00a0 Precis\u00e3o <strong>0,65 %<\/strong><br \/>\nTemperatura de opera\u00e7\u00e3o <strong>-23\u00b0C a 70\u00b0C<\/strong><br \/>\nSistema de medi\u00e7\u00e3o <strong>pist\u00e3o<br \/>\n<\/strong><br \/>\nPeso <strong>1,7 kg<\/strong><br \/>\nMedidas <strong>(A) 344 mm\u00a0 x (L) 430 mm<br \/>\n<\/strong><\/p>\n<\/div>\n","protected":false},"excerpt":{"rendered":"<p>Em policarbonato, com gatilho com sistema de dupla trava, ponteira flex\u00edvel e bico antigotejante, para diversos flu\u00eddos e \u00f3leo lubrificante (at\u00e9 SAE 140) Vaz\u00e3o livre 2 a 220 L\/min Press\u00e3o m\u00e1xima de opera\u00e7\u00e3o 1.500 PSI Entrada 1\/2&#8243;\u00a0 Precis\u00e3o 0,65 % Temperatura de opera\u00e7\u00e3o -23\u00b0C a 70\u00b0C Sistema de medi\u00e7\u00e3o pist\u00e3o Peso 1,7 kg Medidas (A) [&hellip;]<\/p>\n","protected":false},"featured_media":3953,"comment_status":"open","ping_status":"closed","template":"","meta":{"_exactmetrics_skip_tracking":false,"_exactmetrics_sitenote_active":false,"_exactmetrics_sitenote_note":"","_exactmetrics_sitenote_category":0},"product_brand":[],"product_cat":[108],"product_tag":[],"class_list":{"0":"post-3952","1":"product","2":"type-product","3":"status-publish","4":"has-post-thumbnail","6":"product_cat-medidor-digital","8":"first","9":"instock","10":"shipping-taxable","11":"product-type-simple"},"_links":{"self":[{"href":"https:\/\/totallubri.com.br\/index.php?rest_route=\/wp\/v2\/product\/3952","targetHints":{"allow":["GET"]}}],"collection":[{"href":"https:\/\/totallubri.com.br\/index.php?rest_route=\/wp\/v2\/product"}],"about":[{"href":"https:\/\/totallubri.com.br\/index.php?rest_route=\/wp\/v2\/types\/product"}],"replies":[{"embeddable":true,"href":"https:\/\/totallubri.com.br\/index.php?rest_route=%2Fwp%2Fv2%2Fcomments&post=3952"}],"wp:featuredmedia":[{"embeddable":true,"href":"https:\/\/totallubri.com.br\/index.php?rest_route=\/wp\/v2\/media\/3953"}],"wp:attachment":[{"href":"https:\/\/totallubri.com.br\/index.php?rest_route=%2Fwp%2Fv2%2Fmedia&parent=3952"}],"wp:term":[{"taxonomy":"product_brand","embeddable":true,"href":"https:\/\/totallubri.com.br\/index.php?rest_route=%2Fwp%2Fv2%2Fproduct_brand&post=3952"},{"taxonomy":"product_cat","embeddable":true,"href":"https:\/\/totallubri.com.br\/index.php?rest_route=%2Fwp%2Fv2%2Fproduct_cat&post=3952"},{"taxonomy":"product_tag","embeddable":true,"href":"https:\/\/totallubri.com.br\/index.php?rest_route=%2Fwp%2Fv2%2Fproduct_tag&post=3952"}],"curies":[{"name":"wp","href":"https:\/\/api.w.org\/{rel}","templated":true}]}}