{"id":3954,"date":"2017-01-04T11:05:54","date_gmt":"2017-01-04T13:05:54","guid":{"rendered":"http:\/\/totallubri.com.br\/?post_type=product&#038;p=3954"},"modified":"2024-12-01T12:16:12","modified_gmt":"2024-12-01T15:16:12","slug":"medidor-automatico-com-gatilho-2100-dbc-lupus","status":"publish","type":"product","link":"https:\/\/totallubri.com.br\/?product=medidor-automatico-com-gatilho-2100-dbc-lupus","title":{"rendered":"Medidor Autom\u00e1tico com Gatilho &#8211; 2100-DBC &#8211; Lupus"},"content":{"rendered":"<p>Em a\u00e7o carbono, com controlador de vaz\u00e3o program\u00e1vel.<\/p>\n<p>Vaz\u00e3o livre\u00a0<strong>15 L\/min<\/strong><br \/>\nPress\u00e3o m\u00e1xima de opera\u00e7\u00e3o <strong>1.000 PSI<\/strong><br \/>\nEntrada e sa\u00edda <strong>1\/2&#8243; BSP<\/strong><br \/>\nPrecis\u00e3o<strong>\u00a00,65 %<\/strong><br \/>\nGatilho <strong>bico prolongado antigotejante<\/strong><\/p>\n<p>Peso\u00a0<strong>1,5 kg<br \/>\n<\/strong>Medidas <strong>(A)\u00a0215 mm x (L) 300 mm<br \/>\n<\/strong><\/p>\n","protected":false},"excerpt":{"rendered":"<p>Em a\u00e7o carbono, com controlador de vaz\u00e3o program\u00e1vel. Vaz\u00e3o livre\u00a015 L\/min Press\u00e3o m\u00e1xima de opera\u00e7\u00e3o 1.000 PSI Entrada e sa\u00edda 1\/2&#8243; BSP Precis\u00e3o\u00a00,65 % Gatilho bico prolongado antigotejante Peso\u00a01,5 kg Medidas (A)\u00a0215 mm x (L) 300 mm<\/p>\n","protected":false},"featured_media":3955,"comment_status":"open","ping_status":"closed","template":"","meta":{"_exactmetrics_skip_tracking":false,"_exactmetrics_sitenote_active":false,"_exactmetrics_sitenote_note":"","_exactmetrics_sitenote_category":0},"product_brand":[],"product_cat":[109],"product_tag":[],"class_list":{"0":"post-3954","1":"product","2":"type-product","3":"status-publish","4":"has-post-thumbnail","6":"product_cat-medidor-mecanico","8":"first","9":"instock","10":"shipping-taxable","11":"product-type-simple"},"_links":{"self":[{"href":"https:\/\/totallubri.com.br\/index.php?rest_route=\/wp\/v2\/product\/3954","targetHints":{"allow":["GET"]}}],"collection":[{"href":"https:\/\/totallubri.com.br\/index.php?rest_route=\/wp\/v2\/product"}],"about":[{"href":"https:\/\/totallubri.com.br\/index.php?rest_route=\/wp\/v2\/types\/product"}],"replies":[{"embeddable":true,"href":"https:\/\/totallubri.com.br\/index.php?rest_route=%2Fwp%2Fv2%2Fcomments&post=3954"}],"wp:featuredmedia":[{"embeddable":true,"href":"https:\/\/totallubri.com.br\/index.php?rest_route=\/wp\/v2\/media\/3955"}],"wp:attachment":[{"href":"https:\/\/totallubri.com.br\/index.php?rest_route=%2Fwp%2Fv2%2Fmedia&parent=3954"}],"wp:term":[{"taxonomy":"product_brand","embeddable":true,"href":"https:\/\/totallubri.com.br\/index.php?rest_route=%2Fwp%2Fv2%2Fproduct_brand&post=3954"},{"taxonomy":"product_cat","embeddable":true,"href":"https:\/\/totallubri.com.br\/index.php?rest_route=%2Fwp%2Fv2%2Fproduct_cat&post=3954"},{"taxonomy":"product_tag","embeddable":true,"href":"https:\/\/totallubri.com.br\/index.php?rest_route=%2Fwp%2Fv2%2Fproduct_tag&post=3954"}],"curies":[{"name":"wp","href":"https:\/\/api.w.org\/{rel}","templated":true}]}}