{"id":3958,"date":"2017-01-04T11:12:24","date_gmt":"2017-01-04T13:12:24","guid":{"rendered":"http:\/\/totallubri.com.br\/?post_type=product&#038;p=3958"},"modified":"2024-12-01T12:19:13","modified_gmt":"2024-12-01T15:19:13","slug":"medidor-de-pulso-2101-p-piusi-3","status":"publish","type":"product","link":"https:\/\/totallubri.com.br\/?product=medidor-de-pulso-2101-p-piusi-3","title":{"rendered":"Medidor de pulso &#8211; 2101-P &#8211; Piusi"},"content":{"rendered":"<div class=\"cont_produto\">\n<p align=\"left\">Em alum\u00ednio.<br \/>\n<span style=\"font-family: HelveticaNeue-LightCond;\"><br \/>\nVaz\u00e3o livre (graxa) . <\/span><b><span style=\"font-family: HelveticaNeue-Bold;\">2,5 kg\/min<br \/>\n<\/span><\/b><span style=\"font-family: HelveticaNeue-LightCond;\">Vaz\u00e3o livre (\u00f3leo) . <\/span><b><span style=\"font-family: HelveticaNeue-Bold;\">3 L\/min<br \/>\n<\/span><\/b><span style=\"font-family: HelveticaNeue-LightCond;\">Press\u00e3o m\u00e1xima de opera\u00e7\u00e3o <\/span><b><span style=\"font-family: HelveticaNeue-Bold;\">14.500 PSI<br \/>\n<\/span><\/b><span style=\"font-family: HelveticaNeue-LightCond;\">Entrada e sa\u00edda . <\/span><span style=\"font-family: HelveticaNeue-Light;\">\u00f8 <\/span><b><span style=\"font-family: HelveticaNeue-Bold;\">1\/8\u201d BSP<br \/>\n<\/span><\/b><span style=\"font-family: HelveticaNeue-LightCond;\">Precis\u00e3o . <\/span><b><span style=\"font-family: HelveticaNeue-Bold;\">0,5%<br \/>\n<\/span><\/b><span style=\"font-family: HelveticaNeue-LightCond;\">PPL . <\/span><b><span style=\"font-family: HelveticaNeue-Bold;\">1.400<br \/>\n<\/span><\/b><span style=\"font-family: HelveticaNeue-LightCond;\"><br \/>\nPeso: 500 g . Medidas: (A) 85 mm x (L) 45 mm x (C) 68 mm<\/span><\/p>\n<\/div>\n<div><\/div>\n","protected":false},"excerpt":{"rendered":"<p>Em alum\u00ednio. Vaz\u00e3o livre (graxa) . 2,5 kg\/min Vaz\u00e3o livre (\u00f3leo) . 3 L\/min Press\u00e3o m\u00e1xima de opera\u00e7\u00e3o 14.500 PSI Entrada e sa\u00edda . \u00f8 1\/8\u201d BSP Precis\u00e3o . 0,5% PPL . 1.400 Peso: 500 g . Medidas: (A) 85 mm x (L) 45 mm x (C) 68 mm<\/p>\n","protected":false},"featured_media":3959,"comment_status":"open","ping_status":"closed","template":"","meta":{"_exactmetrics_skip_tracking":false,"_exactmetrics_sitenote_active":false,"_exactmetrics_sitenote_note":"","_exactmetrics_sitenote_category":0},"product_brand":[],"product_cat":[109],"product_tag":[],"class_list":{"0":"post-3958","1":"product","2":"type-product","3":"status-publish","4":"has-post-thumbnail","6":"product_cat-medidor-mecanico","8":"first","9":"instock","10":"shipping-taxable","11":"product-type-simple"},"_links":{"self":[{"href":"https:\/\/totallubri.com.br\/index.php?rest_route=\/wp\/v2\/product\/3958","targetHints":{"allow":["GET"]}}],"collection":[{"href":"https:\/\/totallubri.com.br\/index.php?rest_route=\/wp\/v2\/product"}],"about":[{"href":"https:\/\/totallubri.com.br\/index.php?rest_route=\/wp\/v2\/types\/product"}],"replies":[{"embeddable":true,"href":"https:\/\/totallubri.com.br\/index.php?rest_route=%2Fwp%2Fv2%2Fcomments&post=3958"}],"wp:featuredmedia":[{"embeddable":true,"href":"https:\/\/totallubri.com.br\/index.php?rest_route=\/wp\/v2\/media\/3959"}],"wp:attachment":[{"href":"https:\/\/totallubri.com.br\/index.php?rest_route=%2Fwp%2Fv2%2Fmedia&parent=3958"}],"wp:term":[{"taxonomy":"product_brand","embeddable":true,"href":"https:\/\/totallubri.com.br\/index.php?rest_route=%2Fwp%2Fv2%2Fproduct_brand&post=3958"},{"taxonomy":"product_cat","embeddable":true,"href":"https:\/\/totallubri.com.br\/index.php?rest_route=%2Fwp%2Fv2%2Fproduct_cat&post=3958"},{"taxonomy":"product_tag","embeddable":true,"href":"https:\/\/totallubri.com.br\/index.php?rest_route=%2Fwp%2Fv2%2Fproduct_tag&post=3958"}],"curies":[{"name":"wp","href":"https:\/\/api.w.org\/{rel}","templated":true}]}}