{"id":3960,"date":"2017-01-04T11:15:16","date_gmt":"2017-01-04T13:15:16","guid":{"rendered":"http:\/\/totallubri.com.br\/?post_type=product&#038;p=3960"},"modified":"2024-12-01T12:22:39","modified_gmt":"2024-12-01T15:22:39","slug":"medidor-de-pulso-2141-p-piusi","status":"publish","type":"product","link":"https:\/\/totallubri.com.br\/?product=medidor-de-pulso-2141-p-piusi","title":{"rendered":"Medidor de Pulso &#8211; 2141-P &#8211; Piusi"},"content":{"rendered":"<div class=\"cont_produto\">\n<p>Em alum\u00ednio, para \u00f3leo diesel e lubrificante.<\/p>\n<p>Vaz\u00e3o livre\u00a0<strong>0,1 a 2,8 \u00a0L\/min<\/strong><br \/>\nPress\u00e3o m\u00e1xima de opera\u00e7\u00e3o <strong>430 PSI<\/strong><br \/>\nEntrada e sa\u00edda <strong>1\/4&#8243; BSP<\/strong><br \/>\nPrecis\u00e3o<strong>\u00a00,5 %<\/strong><br \/>\nPPL <strong>1.400<\/strong><br \/>\nSistema de medi\u00e7\u00e3o <strong>engrenagens ovais<\/strong><\/p>\n<p>Peso\u00a0<strong>500 g<br \/>\n<\/strong><\/p>\n<\/div>\n","protected":false},"excerpt":{"rendered":"<p>Em alum\u00ednio, para \u00f3leo diesel e lubrificante. Vaz\u00e3o livre\u00a00,1 a 2,8 \u00a0L\/min Press\u00e3o m\u00e1xima de opera\u00e7\u00e3o 430 PSI Entrada e sa\u00edda 1\/4&#8243; BSP Precis\u00e3o\u00a00,5 % PPL 1.400 Sistema de medi\u00e7\u00e3o engrenagens ovais Peso\u00a0500 g<\/p>\n","protected":false},"featured_media":3961,"comment_status":"open","ping_status":"closed","template":"","meta":{"_exactmetrics_skip_tracking":false,"_exactmetrics_sitenote_active":false,"_exactmetrics_sitenote_note":"","_exactmetrics_sitenote_category":0},"product_brand":[],"product_cat":[109],"product_tag":[],"class_list":{"0":"post-3960","1":"product","2":"type-product","3":"status-publish","4":"has-post-thumbnail","6":"product_cat-medidor-mecanico","8":"first","9":"instock","10":"shipping-taxable","11":"product-type-simple"},"_links":{"self":[{"href":"https:\/\/totallubri.com.br\/index.php?rest_route=\/wp\/v2\/product\/3960","targetHints":{"allow":["GET"]}}],"collection":[{"href":"https:\/\/totallubri.com.br\/index.php?rest_route=\/wp\/v2\/product"}],"about":[{"href":"https:\/\/totallubri.com.br\/index.php?rest_route=\/wp\/v2\/types\/product"}],"replies":[{"embeddable":true,"href":"https:\/\/totallubri.com.br\/index.php?rest_route=%2Fwp%2Fv2%2Fcomments&post=3960"}],"wp:featuredmedia":[{"embeddable":true,"href":"https:\/\/totallubri.com.br\/index.php?rest_route=\/wp\/v2\/media\/3961"}],"wp:attachment":[{"href":"https:\/\/totallubri.com.br\/index.php?rest_route=%2Fwp%2Fv2%2Fmedia&parent=3960"}],"wp:term":[{"taxonomy":"product_brand","embeddable":true,"href":"https:\/\/totallubri.com.br\/index.php?rest_route=%2Fwp%2Fv2%2Fproduct_brand&post=3960"},{"taxonomy":"product_cat","embeddable":true,"href":"https:\/\/totallubri.com.br\/index.php?rest_route=%2Fwp%2Fv2%2Fproduct_cat&post=3960"},{"taxonomy":"product_tag","embeddable":true,"href":"https:\/\/totallubri.com.br\/index.php?rest_route=%2Fwp%2Fv2%2Fproduct_tag&post=3960"}],"curies":[{"name":"wp","href":"https:\/\/api.w.org\/{rel}","templated":true}]}}