{"id":3964,"date":"2017-01-04T11:19:26","date_gmt":"2017-01-04T13:19:26","guid":{"rendered":"http:\/\/totallubri.com.br\/?post_type=product&#038;p=3964"},"modified":"2024-12-01T12:24:02","modified_gmt":"2024-12-01T15:24:02","slug":"medidor-de-pulso-2150-p-piusi","status":"publish","type":"product","link":"https:\/\/totallubri.com.br\/?product=medidor-de-pulso-2150-p-piusi","title":{"rendered":"Medidor de Pulso &#8211; 2150-P &#8211; Piusi"},"content":{"rendered":"<p>Em alum\u00ednio, para \u00f3leo diesel e lubrificante.<\/p>\n<p>Vaz\u00e3o livre\u00a0<strong>6 a\u00a060\u00a0\u00a0L\/min<\/strong><br \/>\nPress\u00e3o m\u00e1xima de opera\u00e7\u00e3o <strong>1.000 PSI<\/strong><br \/>\nEntrada e sa\u00edda <strong>3\/4&#8243; BSP\/ flangeado<\/strong><br \/>\nPrecis\u00e3o<strong>\u00a00,5 %<\/strong><br \/>\nPPL <strong>35<br \/>\n<\/strong>Sistema de medi\u00e7\u00e3o <strong>engrenagens ovais<\/strong><\/p>\n<p>Peso\u00a0<strong>2 kg<br \/>\n<\/strong>Medidas <strong>(A)\u00a0112 mm x (L)\u00a078 mm<\/strong><\/p>\n","protected":false},"excerpt":{"rendered":"<p>Em alum\u00ednio, para \u00f3leo diesel e lubrificante. Vaz\u00e3o livre\u00a06 a\u00a060\u00a0\u00a0L\/min Press\u00e3o m\u00e1xima de opera\u00e7\u00e3o 1.000 PSI Entrada e sa\u00edda 3\/4&#8243; BSP\/ flangeado Precis\u00e3o\u00a00,5 % PPL 35 Sistema de medi\u00e7\u00e3o engrenagens ovais Peso\u00a02 kg Medidas (A)\u00a0112 mm x (L)\u00a078 mm<\/p>\n","protected":false},"featured_media":3965,"comment_status":"open","ping_status":"closed","template":"","meta":{"_exactmetrics_skip_tracking":false,"_exactmetrics_sitenote_active":false,"_exactmetrics_sitenote_note":"","_exactmetrics_sitenote_category":0},"product_brand":[],"product_cat":[109],"product_tag":[],"class_list":{"0":"post-3964","1":"product","2":"type-product","3":"status-publish","4":"has-post-thumbnail","6":"product_cat-medidor-mecanico","8":"first","9":"instock","10":"shipping-taxable","11":"product-type-simple"},"_links":{"self":[{"href":"https:\/\/totallubri.com.br\/index.php?rest_route=\/wp\/v2\/product\/3964","targetHints":{"allow":["GET"]}}],"collection":[{"href":"https:\/\/totallubri.com.br\/index.php?rest_route=\/wp\/v2\/product"}],"about":[{"href":"https:\/\/totallubri.com.br\/index.php?rest_route=\/wp\/v2\/types\/product"}],"replies":[{"embeddable":true,"href":"https:\/\/totallubri.com.br\/index.php?rest_route=%2Fwp%2Fv2%2Fcomments&post=3964"}],"wp:featuredmedia":[{"embeddable":true,"href":"https:\/\/totallubri.com.br\/index.php?rest_route=\/wp\/v2\/media\/3965"}],"wp:attachment":[{"href":"https:\/\/totallubri.com.br\/index.php?rest_route=%2Fwp%2Fv2%2Fmedia&parent=3964"}],"wp:term":[{"taxonomy":"product_brand","embeddable":true,"href":"https:\/\/totallubri.com.br\/index.php?rest_route=%2Fwp%2Fv2%2Fproduct_brand&post=3964"},{"taxonomy":"product_cat","embeddable":true,"href":"https:\/\/totallubri.com.br\/index.php?rest_route=%2Fwp%2Fv2%2Fproduct_cat&post=3964"},{"taxonomy":"product_tag","embeddable":true,"href":"https:\/\/totallubri.com.br\/index.php?rest_route=%2Fwp%2Fv2%2Fproduct_tag&post=3964"}],"curies":[{"name":"wp","href":"https:\/\/api.w.org\/{rel}","templated":true}]}}