{"id":3966,"date":"2017-01-04T11:21:17","date_gmt":"2017-01-04T13:21:17","guid":{"rendered":"http:\/\/totallubri.com.br\/?post_type=product&#038;p=3966"},"modified":"2024-12-01T12:32:43","modified_gmt":"2024-12-01T15:32:43","slug":"medidor-de-pulso-2300-p-lupus","status":"publish","type":"product","link":"https:\/\/totallubri.com.br\/?product=medidor-de-pulso-2300-p-lupus","title":{"rendered":"Medidor de Pulso &#8211; 2300-P &#8211; Lupus"},"content":{"rendered":"<p>Em alum\u00ednio, com display digital,<br \/>\npara \u00f3leo diesel e lubrificante.<\/p>\n<p>Vaz\u00e3o livre . <strong>40 a 400 L\/min<\/strong><br \/>\nPress\u00e3o m\u00e1x. de opera\u00e7\u00e3o . <strong>120 PSI<\/strong><br \/>\nEntrada e sa\u00edda \u00f8 <strong>2\u201d \/ flangeado<\/strong><br \/>\nPrecis\u00e3o .<strong> 0,2%<br \/>\n<\/strong>Sistema de medi\u00e7\u00e3o . <strong>palhetas<br \/>\n<\/strong><br \/>\nPeso: 15 kg<br \/>\nMedidas: (A) 210 mm x (L) 180 mm<\/p>\n","protected":false},"excerpt":{"rendered":"<p>Em alum\u00ednio, com display digital, para \u00f3leo diesel e lubrificante. Vaz\u00e3o livre . 40 a 400 L\/min Press\u00e3o m\u00e1x. de opera\u00e7\u00e3o . 120 PSI Entrada e sa\u00edda \u00f8 2\u201d \/ flangeado Precis\u00e3o . 0,2% Sistema de medi\u00e7\u00e3o . palhetas Peso: 15 kg Medidas: (A) 210 mm x (L) 180 mm<\/p>\n","protected":false},"featured_media":3967,"comment_status":"open","ping_status":"closed","template":"","meta":{"_exactmetrics_skip_tracking":false,"_exactmetrics_sitenote_active":false,"_exactmetrics_sitenote_note":"","_exactmetrics_sitenote_category":0},"product_brand":[],"product_cat":[109],"product_tag":[],"class_list":{"0":"post-3966","1":"product","2":"type-product","3":"status-publish","4":"has-post-thumbnail","6":"product_cat-medidor-mecanico","8":"first","9":"instock","10":"shipping-taxable","11":"product-type-simple"},"_links":{"self":[{"href":"https:\/\/totallubri.com.br\/index.php?rest_route=\/wp\/v2\/product\/3966","targetHints":{"allow":["GET"]}}],"collection":[{"href":"https:\/\/totallubri.com.br\/index.php?rest_route=\/wp\/v2\/product"}],"about":[{"href":"https:\/\/totallubri.com.br\/index.php?rest_route=\/wp\/v2\/types\/product"}],"replies":[{"embeddable":true,"href":"https:\/\/totallubri.com.br\/index.php?rest_route=%2Fwp%2Fv2%2Fcomments&post=3966"}],"wp:featuredmedia":[{"embeddable":true,"href":"https:\/\/totallubri.com.br\/index.php?rest_route=\/wp\/v2\/media\/3967"}],"wp:attachment":[{"href":"https:\/\/totallubri.com.br\/index.php?rest_route=%2Fwp%2Fv2%2Fmedia&parent=3966"}],"wp:term":[{"taxonomy":"product_brand","embeddable":true,"href":"https:\/\/totallubri.com.br\/index.php?rest_route=%2Fwp%2Fv2%2Fproduct_brand&post=3966"},{"taxonomy":"product_cat","embeddable":true,"href":"https:\/\/totallubri.com.br\/index.php?rest_route=%2Fwp%2Fv2%2Fproduct_cat&post=3966"},{"taxonomy":"product_tag","embeddable":true,"href":"https:\/\/totallubri.com.br\/index.php?rest_route=%2Fwp%2Fv2%2Fproduct_tag&post=3966"}],"curies":[{"name":"wp","href":"https:\/\/api.w.org\/{rel}","templated":true}]}}